{"id":12543,"date":"2025-04-15T15:17:02","date_gmt":"2025-04-15T13:17:02","guid":{"rendered":"https:\/\/www.selfprotein.com\/?post_type=product&#038;p=12543"},"modified":"2026-04-01T00:01:04","modified_gmt":"2026-03-31T22:01:04","slug":"pure-isolate-whey-protein","status":"publish","type":"product","link":"https:\/\/www.selfprotein.com\/es\/producto\/pure-isolate-whey-protein\/","title":{"rendered":"Pure Isolate Whey Protein"},"content":{"rendered":"<p><strong>Aislado puro de prote\u00edna de suero - 90% aislado de prote\u00edna de suero<\/strong><\/p>\n<p><strong>La elecci\u00f3n ideal para quienes desean desarrollar m\u00fasculo r\u00e1pidamente, mejorar la recuperaci\u00f3n y mantener una dieta limpia.<\/strong><\/p>\n<p>Pure Isolate Whey Protein es la elecci\u00f3n ideal para quienes buscan un suplemento proteico puro y potente. Gracias a su alto contenido en prote\u00ednas y su bajo contenido en grasas e hidratos de carbono, es perfecta para favorecer el crecimiento muscular, mejorar la recuperaci\u00f3n despu\u00e9s del entrenamiento y controlar el peso. Sin lactosa y de absorci\u00f3n ultrarr\u00e1pida, es la prote\u00edna ideal para todos los atletas y entusiastas del fitness.<\/p>\n<p><strong>Por qu\u00e9 te encantar\u00e1<\/strong><\/p>\n<ul>\n<li><strong>Crecimiento muscular acelerado<\/strong>: el alto valor biol\u00f3gico de la prote\u00edna de suero favorece el crecimiento y la reparaci\u00f3n muscular, esenciales despu\u00e9s del entrenamiento.<\/li>\n<li><strong>Bajo contenido cal\u00f3rico<\/strong>: perfecto para los que quieren aumentar masa muscular sin a\u00f1adir demasiada grasa ni calor\u00edas.<\/li>\n<li><strong>Recuperaci\u00f3n r\u00e1pida<\/strong>: reduce el dolor muscular y acelera el proceso de recuperaci\u00f3n, permiti\u00e9ndole volver al gimnasio m\u00e1s r\u00e1pidamente.<\/li>\n<li><strong>Favorece el sistema inmunitario<\/strong>Las prote\u00ednas del suero contienen inmunoglobulinas y otros compuestos que refuerzan las defensas naturales del organismo.<\/li>\n<\/ul>\n<p>&nbsp;<\/p>\n<p><strong>Dosis recomendada<\/strong><\/p>\n<p>Mezclar <strong>30 g<\/strong> (aproximadamente 1 cacito) de aislado puro de prote\u00edna de suero con <strong>100 ml de agua<\/strong> en una coctelera.<\/p>\n<p>M\u00e1xima pureza, m\u00ednimo esfuerzo: se disuelve en un instante y su cuerpo lo absorbe inmediatamente.<\/p>\n<p><strong>Aviso<\/strong><\/p>\n<ul>\n<li>S\u00f3lo para adultos.<\/li>\n<li>No sustituye a una dieta equilibrada y un estilo de vida saludable.<\/li>\n<li>No superar la dosis recomendada.<\/li>\n<li>Consulte a su m\u00e9dico durante el embarazo o la lactancia.<\/li>\n<li>Conservar en lugar fresco y seco, protegido de la luz directa.<\/li>\n<li>Puede contener trazas de avena, huevos y soja.<\/li>\n<li><strong>Sin lactosa y sin gluten<\/strong>.<\/li>\n<\/ul>\n<p>&nbsp;<\/p>\n<p><strong>Ideal para: aquellos que buscan una prote\u00edna pura, de r\u00e1pida absorci\u00f3n, ideal para la recuperaci\u00f3n despu\u00e9s del entrenamiento y promover el crecimiento muscular.<\/strong><\/p>","protected":false},"excerpt":{"rendered":"<p>Pure Isolate Whey Protein - 90% aislado de prote\u00edna de suero La elecci\u00f3n ideal para aquellos que quieren construir m\u00fasculo r\u00e1pidamente, mejorar la recuperaci\u00f3n y mantener una dieta limpia. Pure Isolate Whey Protein es la elecci\u00f3n ideal para quienes buscan un suplemento proteico puro y potente. Gracias a su alto contenido en prote\u00ednas y su bajo [...]<\/p>","protected":false},"featured_media":12597,"template":"","meta":[],"product_cat":[158,308],"product_tag":[18,318],"class_list":{"0":"post-12543","1":"product","2":"type-product","3":"status-publish","4":"has-post-thumbnail","6":"product_cat-proteins","7":"product_cat-strength-and-muscle-mass","8":"product_tag-proteins","9":"product_tag-strength-and-muscle-mass","11":"first","12":"instock","13":"taxable","14":"shipping-taxable","15":"purchasable","16":"product-type-variable"},"aioseo_notices":[],"_links":{"self":[{"href":"https:\/\/www.selfprotein.com\/es\/wp-json\/wp\/v2\/product\/12543"}],"collection":[{"href":"https:\/\/www.selfprotein.com\/es\/wp-json\/wp\/v2\/product"}],"about":[{"href":"https:\/\/www.selfprotein.com\/es\/wp-json\/wp\/v2\/types\/product"}],"wp:featuredmedia":[{"embeddable":true,"href":"https:\/\/www.selfprotein.com\/es\/wp-json\/wp\/v2\/media\/12597"}],"wp:attachment":[{"href":"https:\/\/www.selfprotein.com\/es\/wp-json\/wp\/v2\/media?parent=12543"}],"wp:term":[{"taxonomy":"product_cat","embeddable":true,"href":"https:\/\/www.selfprotein.com\/es\/wp-json\/wp\/v2\/product_cat?post=12543"},{"taxonomy":"product_tag","embeddable":true,"href":"https:\/\/www.selfprotein.com\/es\/wp-json\/wp\/v2\/product_tag?post=12543"}],"curies":[{"name":"wp","href":"https:\/\/api.w.org\/{rel}","templated":true}]}}