{"id":12798,"date":"2025-05-23T17:13:01","date_gmt":"2025-05-23T15:13:01","guid":{"rendered":"https:\/\/www.selfprotein.com\/?post_type=product&#038;p=12798"},"modified":"2026-04-01T00:01:04","modified_gmt":"2026-03-31T22:01:04","slug":"workout-essential-pack","status":"publish","type":"product","link":"https:\/\/www.selfprotein.com\/es\/producto\/workout-essential-pack\/","title":{"rendered":"Workout Essential Pack"},"content":{"rendered":"<p>Poder. Recuperaci\u00f3n. Comodidad.<\/p>\n<p>Iso Whey Premium, Creatina 500 g y Steel Shaker: el tr\u00edo perfecto para quienes desean optimizar el rendimiento, el crecimiento muscular y la recuperaci\u00f3n.<\/p>\n<p><strong>Por qu\u00e9 te encantar\u00e1<\/strong><\/p>\n<ul>\n<li><strong>Iso Whey Premium:<\/strong> Aislado de prote\u00edna de suero con p\u00e9ptido de glutamina para una recuperaci\u00f3n r\u00e1pida, completa y de alta calidad.<\/span><\/li>\n<li><strong>Creatina Monohidrato 500 g:<\/strong> creatina micronizada de gran pureza para aumentar la potencia, la fuerza y la resistencia.<\/span><\/li>\n<li><strong>Agitador de acero:<\/strong> elegante, duradero y pr\u00e1ctico: perfecto para cualquier batido.<\/span><\/li>\n<\/ul>\n<p>&nbsp;<br \/>\n<strong>\u00a0 \u00a0 <span>\u2705<\/span> Asistencia completa en todas las fases del entrenamiento<\/strong><br \/>\n<strong>\u00a0 \u00a0 <span>\u2705<\/span> \u00bfLactosa? Sin problemas<\/strong><br \/>\n<strong>\u00a0 \u00a0 <span>\u2705<\/span> Todo lo que necesita, en un solo paquete<\/strong><br \/>\n&nbsp;<br \/>\n<strong>Dosis recomendada<\/strong><\/p>\n<ul>\n<li>Mezclar 1 cacito (aproximadamente <strong>40 g<\/strong>) con <strong>200 ml<\/strong> de agua, preferiblemente despu\u00e9s del entrenamiento.<\/li>\n<li>Suplemento con <strong>3 g<\/strong> de creatina al d\u00eda, incluso en los d\u00edas de descanso, para obtener resultados \u00f3ptimos.<\/li>\n<\/ul>\n<p>&nbsp;<br \/>\n<strong>Aviso<\/strong><\/p>\n<ul>\n<li>S\u00f3lo para adultos.<\/li>\n<li>No superar la dosis diaria recomendada. No utilizar durante el embarazo o la lactancia sin consejo m\u00e9dico.<\/li>\n<li>Conservar en lugar fresco y seco, fuera del alcance de los ni\u00f1os.<\/li>\n<li>Los productos pueden contener trazas de avena, huevos y soja.<\/li>\n<li><strong>Sin lactosa<\/strong> y <strong>sin gluten<\/strong>.<\/li>\n<\/ul>\n<p>&nbsp;<br \/>\nEsencial para usted. Esencial para sus resultados.<\/p>","protected":false},"excerpt":{"rendered":"<p>Poder. Recuperaci\u00f3n. Comodidad. Iso Whey Premium, Creatina 500 g y Steel Shaker: el tr\u00edo perfecto para quienes desean optimizar el rendimiento, el crecimiento muscular y la recuperaci\u00f3n. Por qu\u00e9 te encantar\u00e1 Iso Whey Premium: aislado de prote\u00edna de suero con p\u00e9ptido de glutamina para una recuperaci\u00f3n r\u00e1pida, completa y de alta calidad. Creatina Monohidrato 500 g: creatina micronizada de alta pureza para aumentar la potencia, la fuerza, [...]<\/p>","protected":false},"featured_media":12993,"template":"","meta":[],"product_cat":[151,158,320,308],"product_tag":[161,18,321,318],"class_list":{"0":"post-12798","1":"product","2":"type-product","3":"status-publish","4":"has-post-thumbnail","6":"product_cat-amino-acids-creatine","7":"product_cat-proteins","8":"product_cat-self-bundles","9":"product_cat-strength-and-muscle-mass","10":"product_tag-amino-acids-creatine","11":"product_tag-proteins","12":"product_tag-self-bundles","13":"product_tag-strength-and-muscle-mass","15":"first","16":"instock","17":"taxable","18":"shipping-taxable","19":"purchasable","20":"product-type-variable"},"aioseo_notices":[],"_links":{"self":[{"href":"https:\/\/www.selfprotein.com\/es\/wp-json\/wp\/v2\/product\/12798"}],"collection":[{"href":"https:\/\/www.selfprotein.com\/es\/wp-json\/wp\/v2\/product"}],"about":[{"href":"https:\/\/www.selfprotein.com\/es\/wp-json\/wp\/v2\/types\/product"}],"wp:featuredmedia":[{"embeddable":true,"href":"https:\/\/www.selfprotein.com\/es\/wp-json\/wp\/v2\/media\/12993"}],"wp:attachment":[{"href":"https:\/\/www.selfprotein.com\/es\/wp-json\/wp\/v2\/media?parent=12798"}],"wp:term":[{"taxonomy":"product_cat","embeddable":true,"href":"https:\/\/www.selfprotein.com\/es\/wp-json\/wp\/v2\/product_cat?post=12798"},{"taxonomy":"product_tag","embeddable":true,"href":"https:\/\/www.selfprotein.com\/es\/wp-json\/wp\/v2\/product_tag?post=12798"}],"curies":[{"name":"wp","href":"https:\/\/api.w.org\/{rel}","templated":true}]}}