{"id":15180,"date":"2026-04-07T12:47:11","date_gmt":"2026-04-07T10:47:11","guid":{"rendered":"https:\/\/www.selfprotein.com\/?post_type=product&#038;p=15180"},"modified":"2026-04-07T12:47:11","modified_gmt":"2026-04-07T10:47:11","slug":"creatine-gummies","status":"publish","type":"product","link":"https:\/\/www.selfprotein.com\/es\/producto\/creatine-gummies\/","title":{"rendered":"Creatine Gummies"},"content":{"rendered":"<p class=\" translation-block\"><strong>CREATINE GUMMIES<\/strong><br>\n<strong>La nueva forma de creatina. En cualquier momento y en cualquier lugar.<\/strong><br>\nUna forma sencilla e inmediata de incorporar la creatina a tu rutina diaria.<br>\n<strong>Las gominolas de creatina<\/strong> combinan facilidad de uso y funcionalidad, ofreciendo una alternativa a la creatina en polvo tradicional.<br>\nEl formato de gominola, suave y listo para consumir, permite una ingesta f\u00e1cil en cualquier momento y en cualquier lugar, sin necesidad de agua ni batidor.<br>\nLa creatina es uno de los ingredientes m\u00e1s estudiados en la nutrici\u00f3n deportiva y contribuye a aumentar el rendimiento f\u00edsico durante series sucesivas de ejercicio de corta duraci\u00f3n y alta intensidad.*<\/p>\n<p><strong>Por qu\u00e9 te va a encantar<\/strong><br \/>\nFormato inteligente, uso inmediato.<br \/>\n\u2022 Gominolas pr\u00e1cticas y listas para consumir<br \/>\n\u2022 No requiere preparaci\u00f3n<br \/>\n\u2022 F\u00e1cil de llevar contigo<br \/>\n\u2022 Se puede tomar a cualquier hora del d\u00eda<\/p>\n<p><strong>\u00bfA qui\u00e9n va dirigido<\/strong><br \/>\nDise\u00f1ado para adaptarse a diferentes rutinas y estilos de vida.<br \/>\n\u2022 Personas activas y deportistas<br \/>\n\u2022 Entrenamiento de alta intensidad<br \/>\n\u2022 Rutinas de actividad diaria<br \/>\n\u2022 Cualquier persona que busque un complemento sencillo y asequible<\/p>\n<p><strong>Dosis recomendada<\/strong><br \/>\nToma <strong>2 gummies al d\u00eda<\/strong>.<br \/>\n\u2022 A cualquier hora del d\u00eda<br \/>\n\u2022 Antes o despu\u00e9s del entrenamiento<br \/>\n\u2022 Tambi\u00e9n en los d\u00edas de descanso<\/p>\n<p><strong>Calidad<\/strong><br \/>\n\u2022 Creatina seleccionada<br \/>\n\u2022 Normas de calidad controladas<br \/>\n\u2022 Dise\u00f1ado para facilitar su uso<\/p>\n<p><strong>Aviso<\/strong><br \/>\n\u2022 Los complementos alimenticios no deben utilizarse como sustituto de una dieta variada y equilibrada ni de un estilo de vida saludable.<br \/>\n\u2022 No exceda la dosis diaria recomendada.<br \/>\n\u2022 Mantener fuera del alcance de los ni\u00f1os.<\/p>","protected":false},"excerpt":{"rendered":"<p>CREATINE GUMMIES The new form of creatine. Anytime, anywhere. A simple and immediate way to integrate creatine into your daily routine. Creatine Gummies combine ease of use and functionality, offering an alternative to traditional creatine powder. The soft, ready-to-use gummy format allows easy intake anytime, anywhere, no water or shaker needed. Creatine is one of [&hellip;]<\/p>","protected":false},"featured_media":15240,"template":"","meta":[],"product_cat":[151,308],"product_tag":[161,318],"class_list":{"0":"post-15180","1":"product","2":"type-product","3":"status-publish","4":"has-post-thumbnail","6":"product_cat-amino-acids-creatine","7":"product_cat-strength-and-muscle-mass","8":"product_tag-amino-acids-creatine","9":"product_tag-strength-and-muscle-mass","11":"first","12":"instock","13":"sale","14":"taxable","15":"shipping-taxable","16":"purchasable","17":"product-type-variable"},"aioseo_notices":[],"_links":{"self":[{"href":"https:\/\/www.selfprotein.com\/es\/wp-json\/wp\/v2\/product\/15180"}],"collection":[{"href":"https:\/\/www.selfprotein.com\/es\/wp-json\/wp\/v2\/product"}],"about":[{"href":"https:\/\/www.selfprotein.com\/es\/wp-json\/wp\/v2\/types\/product"}],"wp:featuredmedia":[{"embeddable":true,"href":"https:\/\/www.selfprotein.com\/es\/wp-json\/wp\/v2\/media\/15240"}],"wp:attachment":[{"href":"https:\/\/www.selfprotein.com\/es\/wp-json\/wp\/v2\/media?parent=15180"}],"wp:term":[{"taxonomy":"product_cat","embeddable":true,"href":"https:\/\/www.selfprotein.com\/es\/wp-json\/wp\/v2\/product_cat?post=15180"},{"taxonomy":"product_tag","embeddable":true,"href":"https:\/\/www.selfprotein.com\/es\/wp-json\/wp\/v2\/product_tag?post=15180"}],"curies":[{"name":"wp","href":"https:\/\/api.w.org\/{rel}","templated":true}]}}