{"id":16,"date":"2023-10-10T18:16:27","date_gmt":"2023-10-10T16:16:27","guid":{"rendered":"https:\/\/34.88.231.180\/?post_type=product&#038;p=16"},"modified":"2026-05-01T00:23:38","modified_gmt":"2026-04-30T22:23:38","slug":"l-arginine","status":"publish","type":"product","link":"https:\/\/www.selfprotein.com\/es\/producto\/l-arginine\/","title":{"rendered":"L-Arginine"},"content":{"rendered":"<p style=\"text-align: left;\" align=\"center\"><strong><span lang=\"en-US\">L-Arginine<\/span><\/strong><\/p>\n<p><span lang=\"en-US\">La L-arginina es un amino\u00e1cido semiesencial que se encuentra en alimentos ricos en prote\u00ednas como la carne, el pescado, los productos l\u00e1cteos y las legumbres. Aunque el organismo puede producir arginina, es posible que no sintetice suficiente para satisfacer las necesidades fisiol\u00f3gicas. Este amino\u00e1cido desempe\u00f1a un papel crucial en numerosas funciones corporales, incluida la producci\u00f3n de \u00f3xido n\u00edtrico, esencial para mantener la salud cardiovascular y un flujo sangu\u00edneo \u00f3ptimo.<\/span><\/p>\n<p><span lang=\"en-US\">A\u00f1adir arginina a la dieta puede ser una forma eficaz de contribuir a la salud y el bienestar general.<\/span><\/p>\n<p><span lang=\"en-US\">Beneficios de la L-Arginina:<\/span><\/p>\n<ul>\n<li><strong><span lang=\"en-US\">Mejora del rendimiento durante el ejercicio<\/span><\/strong><span lang=\"en-US\"><strong>:<\/strong> Integrar la arginina en la dieta puede mejorar el rendimiento f\u00edsico durante el ejercicio. Se sabe que este amino\u00e1cido aumenta el flujo sangu\u00edneo y el aporte de ox\u00edgeno a los m\u00fasculos, mejorando as\u00ed la resistencia y la capacidad de realizar actividades f\u00edsicas intensas.<\/span><\/li>\n<li><strong><span lang=\"en-US\">Mejora de la salud cardiovascular:<\/span><\/strong><span lang=\"en-US\"> La arginina se asocia a numerosos beneficios para la salud cardiovascular. Al mejorar el flujo sangu\u00edneo y dilatar los vasos sangu\u00edneos mediante la producci\u00f3n de \u00f3xido n\u00edtrico, la arginina puede ayudar a reducir la presi\u00f3n arterial y el riesgo de co\u00e1gulos sangu\u00edneos, favoreciendo as\u00ed la salud del coraz\u00f3n y las arterias.<\/span><\/li>\n<li><strong><span lang=\"en-US\">Mejora de la funci\u00f3n inmunitaria: <\/span><\/strong><span lang=\"en-US\">Integrar la arginina en la dieta puede reforzar y mejorar el sistema inmunitario. Este amino\u00e1cido puede aumentar la producci\u00f3n de c\u00e9lulas inmunitarias y mejorar su capacidad para combatir las infecciones, ayudando as\u00ed a mantener un sistema inmunitario fuerte y con capacidad de respuesta.<\/span><\/li>\n<li><strong><span lang=\"en-US\">Mejora de la funci\u00f3n er\u00e9ctil:<\/span><\/strong><span lang=\"en-US\"> Para los hombres con disfunci\u00f3n er\u00e9ctil, la arginina puede ofrecer importantes beneficios. Se sabe que este amino\u00e1cido aumenta el flujo sangu\u00edneo al pene, mejorando as\u00ed la funci\u00f3n er\u00e9ctil y la salud sexual.<\/span><\/li>\n<\/ul>\n<p>&nbsp;<\/p>\n<p><strong><span lang=\"en-US\">Uso recomendado<\/span><\/strong><\/p>\n<p><span lang=\"en-US\">Tomar 1 dosis 30-45 minutos antes de la actividad deportiva y 1 dosis antes de acostarse.<\/span><\/p>\n<p><strong>Aviso:<\/strong><\/p>\n<ul>\n<li>S\u00f3lo para adultos y no sustituye a una dieta variada y equilibrada ni a un estilo de vida saludable.<\/li>\n<li>No superar la dosis recomendada.<\/li>\n<li>No lo utilice durante la lactancia ni en periodos de embarazo sin consultar al m\u00e9dico.<\/li>\n<li>Conservar el producto en un lugar fresco y seco, en un envase bien cerrado y fuera del alcance de los ni\u00f1os menores de 3 a\u00f1os.<\/li>\n<li>Puede contener trazas de leche, avena, huevo, soja.<\/li>\n<li>Sin Lactosa y Sin Gluten.<\/li>\n<\/ul>","protected":false},"excerpt":{"rendered":"<details>\n<summary>Ingredientes<\/summary>\n<table style=\"text-align: center;\">\n<tbody>\n<tr>\n<th>INGREDIENTES<\/th>\n<th>por raci\u00f3n<\/th>\n<\/tr>\n<tr>\n<td>L-Arginine<\/td>\n<td>5g<\/td>\n<\/tr>\n<\/tbody>\n<\/table>\n<\/details>\n<p>&nbsp;<\/p>","protected":false},"featured_media":11848,"template":"","meta":[],"product_cat":[151,310],"product_tag":[161,315],"class_list":{"0":"post-16","1":"product","2":"type-product","3":"status-publish","4":"has-post-thumbnail","6":"product_cat-amino-acids-creatine","7":"product_cat-performance-and-endurance","8":"product_tag-amino-acids-creatine","9":"product_tag-performance-and-endurance","11":"first","12":"instock","13":"sale","14":"taxable","15":"shipping-taxable","16":"purchasable","17":"product-type-simple"},"aioseo_notices":[],"_links":{"self":[{"href":"https:\/\/www.selfprotein.com\/es\/wp-json\/wp\/v2\/product\/16"}],"collection":[{"href":"https:\/\/www.selfprotein.com\/es\/wp-json\/wp\/v2\/product"}],"about":[{"href":"https:\/\/www.selfprotein.com\/es\/wp-json\/wp\/v2\/types\/product"}],"wp:featuredmedia":[{"embeddable":true,"href":"https:\/\/www.selfprotein.com\/es\/wp-json\/wp\/v2\/media\/11848"}],"wp:attachment":[{"href":"https:\/\/www.selfprotein.com\/es\/wp-json\/wp\/v2\/media?parent=16"}],"wp:term":[{"taxonomy":"product_cat","embeddable":true,"href":"https:\/\/www.selfprotein.com\/es\/wp-json\/wp\/v2\/product_cat?post=16"},{"taxonomy":"product_tag","embeddable":true,"href":"https:\/\/www.selfprotein.com\/es\/wp-json\/wp\/v2\/product_tag?post=16"}],"curies":[{"name":"wp","href":"https:\/\/api.w.org\/{rel}","templated":true}]}}