{"id":243,"date":"2023-11-27T12:58:01","date_gmt":"2023-11-27T11:58:01","guid":{"rendered":"https:\/\/34.88.231.180\/product\/acetyl-l-carnitine-1000\/"},"modified":"2026-05-01T00:23:38","modified_gmt":"2026-04-30T22:23:38","slug":"acetyl-l-carnitine-1000","status":"publish","type":"product","link":"https:\/\/www.selfprotein.com\/es\/producto\/acetyl-l-carnitine-1000\/","title":{"rendered":"Acetyl L-Carnitine 1000"},"content":{"rendered":"<p style=\"text-align: left;\" align=\"center\"><strong><span lang=\"en-US\">Acetyl L-Carnitine 1000<\/span><\/strong><\/p>\n<p><span lang=\"en-US\">Descubra el potencial de la acetil L-carnitina (ALCAR), un amino\u00e1cido derivado que desempe\u00f1a un papel crucial en el metabolismo de las grasas y la producci\u00f3n de energ\u00eda en el cuerpo humano. El ALCAR, que se encuentra en la naturaleza y puede obtenerse de fuentes alimentarias como la carne roja, el pescado y los l\u00e1cteos, tambi\u00e9n est\u00e1 disponible en forma de suplementos y se utiliza ampliamente para diversos fines, como mejorar la funci\u00f3n cognitiva, favorecer la p\u00e9rdida de peso y promover un envejecimiento saludable.<\/span><\/p>\n<p><span lang=\"en-US\">Beneficios de la Acetil L-Carnitina (ALCAR):<\/span><\/p>\n<ul>\n<li><strong><span lang=\"en-US\">Mejora de la funci\u00f3n cognitiva:<\/span><\/strong><span lang=\"en-US\"> El ALCAR puede contribuir a mejorar la memoria, la concentraci\u00f3n y el rendimiento cognitivo en general, ofreciendo beneficios potenciales para la salud cerebral.<\/span><\/li>\n<li><strong><span lang=\"en-US\">Aumento de la energ\u00eda:<\/span><\/strong><span lang=\"en-US\"> Al estimular la producci\u00f3n de ATP, la principal moneda energ\u00e9tica del organismo, el ALCAR puede favorecer el aumento de los niveles de energ\u00eda, proporcionando apoyo para afrontar actividades f\u00edsicas y mentales exigentes.<\/span><\/li>\n<li><strong><span lang=\"en-US\">Mejora del estado de \u00e1nimo<\/span><\/strong><span lang=\"en-US\"><strong>:<\/strong> El ALCAR puede influir positivamente en el estado de \u00e1nimo reduciendo los s\u00edntomas de depresi\u00f3n y ansiedad y fomentando una sensaci\u00f3n de bienestar mental.<\/span><\/li>\n<li><strong><span lang=\"en-US\">Efectos antienvejecimiento:<\/span><\/strong><span lang=\"en-US\"> Gracias a su capacidad para reducir el estr\u00e9s oxidativo y la inflamaci\u00f3n, el ALCAR puede contribuir a un envejecimiento saludable, ofreciendo protecci\u00f3n frente a las enfermedades cr\u00f3nicas relacionadas con la edad.<\/span><\/li>\n<\/ul>\n<p>&nbsp;<\/p>\n<p><span lang=\"en-US\">Al integrar la Acetil L-Carnitina (ALCAR) en su rutina diaria, puede experimentar una serie de beneficios que promueven no s\u00f3lo su bienestar f\u00edsico, sino tambi\u00e9n su salud mental y cognitiva, permiti\u00e9ndole afrontar la vida con vitalidad y claridad mental.<\/span><\/p>\n<p><strong><span lang=\"en-US\">Uso recomendado<\/span><\/strong><\/p>\n<p><span lang=\"en-US\">1 comprimido durante el d\u00eda o 30-45 minutos antes del entrenamiento.<\/span><\/p>\n<p><strong>Aviso:<\/strong><\/p>\n<ul>\n<li>S\u00f3lo para adultos y no sustituye a una dieta variada y equilibrada ni a un estilo de vida saludable.<\/li>\n<li>No superar la dosis recomendada.<\/li>\n<li>No lo utilice durante la lactancia ni en periodos de embarazo sin consultar al m\u00e9dico.<\/li>\n<li>Conservar el producto en un lugar fresco y seco, en un envase bien cerrado y fuera del alcance de los ni\u00f1os menores de 3 a\u00f1os.<\/li>\n<li>Puede contener trazas de leche, avena, huevo, soja.<\/li>\n<li>Sin Lactosa y Sin Gluten.<\/li>\n<\/ul>","protected":false},"excerpt":{"rendered":"<details>\n<summary>Ingredientes<\/summary>\n<table style=\"text-align: center;\">\n<tbody>\n<tr>\n<th>Ingredientes<\/th>\n<th>por 1 tableta<\/th>\n<\/tr>\n<tr>\n<td>Acetil L-Carnitina<\/td>\n<td>1000 mg<\/td>\n<\/tr>\n<tr>\n<td colspan=\"2\"><strong>Otros ingredientes: <\/strong>agentes estabilizadores E460, E470b, E551<\/td>\n<\/tr>\n<\/tbody>\n<\/table>\n<\/details>\n<p>&nbsp;<\/p>","protected":false},"featured_media":246,"template":"","meta":[],"product_cat":[155,309],"product_tag":[163,319],"class_list":{"0":"post-243","1":"product","2":"type-product","3":"status-publish","4":"has-post-thumbnail","6":"product_cat-weight-control-metabolism","7":"product_cat-weight-management-and-definition","8":"product_tag-weight-control-metabolism","9":"product_tag-weight-management-and-definition","11":"first","12":"instock","13":"taxable","14":"shipping-taxable","15":"purchasable","16":"product-type-simple"},"aioseo_notices":[],"_links":{"self":[{"href":"https:\/\/www.selfprotein.com\/es\/wp-json\/wp\/v2\/product\/243"}],"collection":[{"href":"https:\/\/www.selfprotein.com\/es\/wp-json\/wp\/v2\/product"}],"about":[{"href":"https:\/\/www.selfprotein.com\/es\/wp-json\/wp\/v2\/types\/product"}],"wp:featuredmedia":[{"embeddable":true,"href":"https:\/\/www.selfprotein.com\/es\/wp-json\/wp\/v2\/media\/246"}],"wp:attachment":[{"href":"https:\/\/www.selfprotein.com\/es\/wp-json\/wp\/v2\/media?parent=243"}],"wp:term":[{"taxonomy":"product_cat","embeddable":true,"href":"https:\/\/www.selfprotein.com\/es\/wp-json\/wp\/v2\/product_cat?post=243"},{"taxonomy":"product_tag","embeddable":true,"href":"https:\/\/www.selfprotein.com\/es\/wp-json\/wp\/v2\/product_tag?post=243"}],"curies":[{"name":"wp","href":"https:\/\/api.w.org\/{rel}","templated":true}]}}