{"id":251,"date":"2023-11-27T12:58:05","date_gmt":"2023-11-27T11:58:05","guid":{"rendered":"https:\/\/34.88.231.180\/product\/ala-alpha-lipoic-acid\/"},"modified":"2026-04-01T00:00:07","modified_gmt":"2026-03-31T22:00:07","slug":"ala-alpha-lipoic-acid","status":"publish","type":"product","link":"https:\/\/www.selfprotein.com\/es\/producto\/ala-alpha-lipoic-acid\/","title":{"rendered":"ALA Alpha Lipoic Acid"},"content":{"rendered":"<p style=\"text-align: left\" align=\"center\"><strong><span lang=\"en-US\">ALA Alpha Lipoic Acid<\/span><\/strong><\/p>\n<p><span lang=\"en-US\">Descubra los beneficios potenciales del \u00e1cido alfa-lipoico (ALA), un antioxidante presente en alimentos como las espinacas, el br\u00f3coli y el h\u00edgado, que puede ofrecer una valiosa ayuda al rendimiento deportivo de los atletas. Gracias a sus propiedades antiinflamatorias y a su capacidad para mejorar la sensibilidad a la insulina, el ALA se ha convertido en un suplemento muy popular entre los atletas que buscan ventajas adicionales en su entrenamiento y recuperaci\u00f3n.<\/span><\/p>\n<p><span lang=\"en-US\">Beneficios del \u00e1cido alfa-lipoico (ALA):<\/span><\/p>\n<ul>\n<li><strong><span lang=\"en-US\">Reducci\u00f3n de la inflamaci\u00f3n:<\/span><\/strong><span lang=\"en-US\"> El ALA puede ayudar a reducir la inflamaci\u00f3n y el dolor muscular inducidos por el ejercicio, lo que permite a los atletas recuperarse m\u00e1s r\u00e1pidamente y afrontar las sesiones de entrenamiento posteriores con mayor comodidad.<\/span><\/li>\n<li><strong><span lang=\"en-US\">Mejora de la sensibilidad a la insulina: <\/span><\/strong><span lang=\"en-US\">El ALA puede ayudar a mejorar la sensibilidad a la insulina, proporcionando una regulaci\u00f3n estable de los niveles de az\u00facar en sangre durante el ejercicio, lo que resulta crucial para mantener una energ\u00eda y un rendimiento constantes.<\/span><\/li>\n<li><strong><span lang=\"en-US\">Mejora de la recuperaci\u00f3n:<\/span><\/strong><span lang=\"en-US\"> Al integrar el ALA en su dieta, los deportistas pueden experimentar una mejor recuperaci\u00f3n tras el entrenamiento, gracias a la capacidad del ALA para reducir el estr\u00e9s oxidativo y favorecer la reparaci\u00f3n muscular.<\/span><\/li>\n<li><strong><span lang=\"en-US\">Apoyo a la salud cerebral:<\/span><\/strong><span lang=\"en-US\"> Las propiedades neuroprotectoras del ALA pueden ayudar a los atletas a mantener la funci\u00f3n cognitiva y la concentraci\u00f3n durante el entrenamiento y la competici\u00f3n, permiti\u00e9ndoles mantener la concentraci\u00f3n y el rendimiento en cualquier situaci\u00f3n.<\/span><\/li>\n<\/ul>\n<p><\/p>\n<p><span lang=\"en-US\">Con el \u00e1cido alfa-lipoico (ALA) como parte de su rutina nutricional, los atletas pueden beneficiarse de un apoyo adicional para su bienestar general y su rendimiento deportivo, lo que les permite sobresalir en sus objetivos atl\u00e9ticos con mayor confianza y resistencia.<\/span><\/p>\n<p><strong><span lang=\"en-US\">Uso recomendado<\/span><\/strong><\/p>\n<p><span lang=\"en-US\">2 c\u00e1psulas a lo largo del d\u00eda.<\/span><\/p>\n<p><strong>Aviso:<\/strong><\/p>\n<ul>\n<li>S\u00f3lo para adultos y no sustituye a una dieta variada y equilibrada ni a un estilo de vida saludable.<\/li>\n<li>No superar la dosis recomendada.<\/li>\n<li>No lo utilice durante la lactancia ni en periodos de embarazo sin consultar al m\u00e9dico.<\/li>\n<li>Conservar el producto en un lugar fresco y seco, en un envase bien cerrado y fuera del alcance de los ni\u00f1os menores de 3 a\u00f1os.<\/li>\n<li>Puede contener trazas de leche, avena, huevo, soja.<\/li>\n<li>Sin Lactosa y Sin Gluten.<\/li>\n<\/ul>","protected":false},"excerpt":{"rendered":"<details>\n<summary>Ingredientes<\/summary>\n<table style=\"text-align: center\">\n<tbody>\n<tr>\n<th>Ingredientes<\/th>\n<th>por 2 cps<\/th>\n<\/tr>\n<tr>\n<td>\u00c1cido alfa lipoico<\/td>\n<td>400 mg<\/td>\n<\/tr>\n<tr>\n<td>Biotina<\/td>\n<td>225\u03bcg (450%*)<\/td>\n<\/tr>\n<tr>\n<td>Cromo<\/td>\n<td>200\u03bcg (450%*)<\/td>\n<\/tr>\n<tr>\n<td colspan=\"2\"><strong>Otros ingredientes:<\/strong>agentes estabilizantes E460, E470b, c\u00e1psula vegana(E1204)<\/td>\n<\/tr>\n<tr>\n<td colspan=\"2\">*(VRN) Valor de referencia nutricional<\/td>\n<\/tr>\n<\/tbody>\n<\/table>\n<\/details>\n<p>&nbsp;<\/p>","protected":false},"featured_media":12756,"template":"","meta":[],"product_cat":[155,309],"product_tag":[163,319],"class_list":{"0":"post-251","1":"product","2":"type-product","3":"status-publish","4":"has-post-thumbnail","6":"product_cat-weight-control-metabolism","7":"product_cat-weight-management-and-definition","8":"product_tag-weight-control-metabolism","9":"product_tag-weight-management-and-definition","11":"first","12":"instock","13":"sale","14":"taxable","15":"shipping-taxable","16":"purchasable","17":"product-type-simple"},"aioseo_notices":[],"_links":{"self":[{"href":"https:\/\/www.selfprotein.com\/es\/wp-json\/wp\/v2\/product\/251"}],"collection":[{"href":"https:\/\/www.selfprotein.com\/es\/wp-json\/wp\/v2\/product"}],"about":[{"href":"https:\/\/www.selfprotein.com\/es\/wp-json\/wp\/v2\/types\/product"}],"wp:featuredmedia":[{"embeddable":true,"href":"https:\/\/www.selfprotein.com\/es\/wp-json\/wp\/v2\/media\/12756"}],"wp:attachment":[{"href":"https:\/\/www.selfprotein.com\/es\/wp-json\/wp\/v2\/media?parent=251"}],"wp:term":[{"taxonomy":"product_cat","embeddable":true,"href":"https:\/\/www.selfprotein.com\/es\/wp-json\/wp\/v2\/product_cat?post=251"},{"taxonomy":"product_tag","embeddable":true,"href":"https:\/\/www.selfprotein.com\/es\/wp-json\/wp\/v2\/product_tag?post=251"}],"curies":[{"name":"wp","href":"https:\/\/api.w.org\/{rel}","templated":true}]}}