{"id":259,"date":"2023-11-27T12:58:09","date_gmt":"2023-11-27T11:58:09","guid":{"rendered":"https:\/\/34.88.231.180\/product\/alc-acetyl-l-carnitine\/"},"modified":"2026-05-01T00:23:39","modified_gmt":"2026-04-30T22:23:39","slug":"alc-acetyl-l-carnitine","status":"publish","type":"product","link":"https:\/\/www.selfprotein.com\/es\/producto\/alc-acetyl-l-carnitine\/","title":{"rendered":"ALC Acetyl L-Carnitine"},"content":{"rendered":"<p style=\"text-align: left;\" align=\"center\"><strong><span lang=\"en-US\">ALC Acetyl L-Carnitine<\/span><\/strong><\/p>\n<p><span lang=\"en-US\">Descubra el potencial del ALC Acetil L-Carnitina (ALCAR) como compuesto esencial implicado en el metabolismo de las grasas y la producci\u00f3n de energ\u00eda en nuestro organismo. Presente de forma natural y tambi\u00e9n disponible a trav\u00e9s de fuentes alimentarias como la carne roja, el pescado y los l\u00e1cteos, el ALCAR es ampliamente conocido por su papel crucial en el apoyo a la salud y el bienestar. Los suplementos de ALCAR se utilizan habitualmente para diversos fines, como mejorar la funci\u00f3n cognitiva, promover la p\u00e9rdida de peso y favorecer un envejecimiento saludable.<\/span><\/p>\n<p><span lang=\"en-US\">Beneficios de ALC Acetil L-Carnitina (ALCAR):<\/span><\/p>\n<ul>\n<li><strong><span lang=\"en-US\">Mejora de la funci\u00f3n cognitiva:<\/span><\/strong><span lang=\"en-US\"> Gracias a sus propiedades, el ALCAR puede promover una mejor funci\u00f3n cerebral al mejorar la memoria, la concentraci\u00f3n y el rendimiento cognitivo en general.<\/span><\/li>\n<li><strong><span lang=\"en-US\">Aumento de la energ\u00eda:<\/span><\/strong><span lang=\"en-US\"> El ALCAR es capaz de aumentar los niveles de energ\u00eda potenciando la producci\u00f3n de ATP, la principal fuente de energ\u00eda del cuerpo humano.<\/span><\/li>\n<li><strong><span lang=\"en-US\">Mejora del estado de \u00e1nimo<\/span><\/strong><span lang=\"en-US\"><strong>:<\/strong> La integraci\u00f3n del ALCAR en la dieta puede mejorar el estado de \u00e1nimo al reducir los s\u00edntomas de depresi\u00f3n y ansiedad y promover una sensaci\u00f3n de bienestar emocional.<\/span><\/li>\n<li><strong><span lang=\"en-US\">Efectos antienvejecimiento<\/span><\/strong><span lang=\"en-US\"><strong>:<\/strong> El ALCAR puede contribuir a un envejecimiento saludable reduciendo el estr\u00e9s oxidativo y la inflamaci\u00f3n, factores asociados a muchas enfermedades cr\u00f3nicas relacionadas con la edad.<\/span><\/li>\n<\/ul>\n<p>&nbsp;<\/p>\n<p><strong><span lang=\"en-US\">Uso recomendado<\/span><\/strong><\/p>\n<p><span lang=\"en-US\">2 c\u00e1psulas durante el d\u00eda o 30-45 minutos antes del entrenamiento.<\/span><\/p>\n<p><strong>Aviso:<\/strong><\/p>\n<ul>\n<li>S\u00f3lo para adultos y no sustituye a una dieta variada y equilibrada ni a un estilo de vida saludable.<\/li>\n<li>No superar la dosis recomendada.<\/li>\n<li>No lo utilice durante la lactancia ni en periodos de embarazo sin consultar al m\u00e9dico.<\/li>\n<li>Conservar el producto en un lugar fresco y seco, en un envase bien cerrado y fuera del alcance de los ni\u00f1os menores de 3 a\u00f1os.<\/li>\n<li>Puede contener trazas de leche, avena, huevo, soja.<\/li>\n<li>Sin Lactosa y Sin Gluten.<\/li>\n<\/ul>","protected":false},"excerpt":{"rendered":"<details>\n<summary>Ingredientes<\/summary>\n<table style=\"text-align: center;\">\n<tbody>\n<tr>\n<th>Ingredientes<\/th>\n<th>2 cps<\/th>\n<\/tr>\n<tr>\n<td>Acetil L-Carnitina<\/td>\n<td>1000 mg<\/td>\n<\/tr>\n<tr>\n<td colspan=\"2\"><strong>Otros ingredientes: <\/strong>agentes estabilizadores E460, E470b, c\u00e1psula vegana (E1024)<\/td>\n<\/tr>\n<\/tbody>\n<\/table>\n<\/details>\n<p>&nbsp;<\/p>","protected":false},"featured_media":262,"template":"","meta":[],"product_cat":[155,309],"product_tag":[163,319],"class_list":{"0":"post-259","1":"product","2":"type-product","3":"status-publish","4":"has-post-thumbnail","6":"product_cat-weight-control-metabolism","7":"product_cat-weight-management-and-definition","8":"product_tag-weight-control-metabolism","9":"product_tag-weight-management-and-definition","11":"first","12":"instock","13":"taxable","14":"shipping-taxable","15":"purchasable","16":"product-type-simple"},"aioseo_notices":[],"_links":{"self":[{"href":"https:\/\/www.selfprotein.com\/es\/wp-json\/wp\/v2\/product\/259"}],"collection":[{"href":"https:\/\/www.selfprotein.com\/es\/wp-json\/wp\/v2\/product"}],"about":[{"href":"https:\/\/www.selfprotein.com\/es\/wp-json\/wp\/v2\/types\/product"}],"wp:featuredmedia":[{"embeddable":true,"href":"https:\/\/www.selfprotein.com\/es\/wp-json\/wp\/v2\/media\/262"}],"wp:attachment":[{"href":"https:\/\/www.selfprotein.com\/es\/wp-json\/wp\/v2\/media?parent=259"}],"wp:term":[{"taxonomy":"product_cat","embeddable":true,"href":"https:\/\/www.selfprotein.com\/es\/wp-json\/wp\/v2\/product_cat?post=259"},{"taxonomy":"product_tag","embeddable":true,"href":"https:\/\/www.selfprotein.com\/es\/wp-json\/wp\/v2\/product_tag?post=259"}],"curies":[{"name":"wp","href":"https:\/\/api.w.org\/{rel}","templated":true}]}}