{"id":3089,"date":"2024-10-26T11:18:43","date_gmt":"2024-10-26T09:18:43","guid":{"rendered":"https:\/\/34.88.231.180\/?post_type=product&#038;p=3089"},"modified":"2026-04-01T00:00:36","modified_gmt":"2026-03-31T22:00:36","slug":"sweet-protein","status":"publish","type":"product","link":"https:\/\/www.selfprotein.com\/es\/producto\/sweet-protein\/","title":{"rendered":"Sweet Protein"},"content":{"rendered":"<p>Sweet Protein es un sabroso tentempi\u00e9 perfecto para satisfacer el deseo de dulce sin renunciar a la nutrici\u00f3n. Con una combinaci\u00f3n de ingredientes seleccionados, esta galleta ofrece una soluci\u00f3n c\u00f3moda y completa para aquellos que buscan una opci\u00f3n nutritiva y sabrosa para complementar su dieta con prote\u00ednas esenciales y fibra.<\/p>\n<p><strong>He aqu\u00ed las principales ventajas de este producto:<\/strong><\/p>\n<ul>\n<li><strong>Prote\u00ednas de alta calidad:<\/strong> Gracias a las prote\u00ednas de trigo y soja, esta galleta proporciona un importante aporte proteico, esencial para la salud muscular y la sensaci\u00f3n de saciedad.<\/li>\n<li><strong>Contenido reducido de az\u00facar:<\/strong> El uso de edulcorantes como el maltitol y el eritritol permite reducir el contenido de az\u00facar de la galleta, lo que la hace adecuada para quienes desean limitar el consumo de az\u00facar en su dieta.<\/li>\n<li><strong>Fuente de fibra:<\/strong> La presencia de inulina y harina de linaza proporciona fibra que ayudan a la digesti\u00f3n y ayudan a mantener estables los niveles de az\u00facar en la sangre.<\/li>\n<li><strong>Opci\u00f3n adecuada para diferentes dietas:<\/strong> Al no contener az\u00facares a\u00f1adidos y ser rica en prote\u00ednas, esta galleta es adecuada para diversas necesidades diet\u00e9ticas, incluidas las del chi sigue una dieta proteica o controlada.<\/li>\n<\/ul>\n<p><\/p>\n<p><strong>Aviso:<\/strong><\/p>\n<ul>\n<li>Al\u00e9rgenos: huevos, gluten, cacahuetes, avellanas, soja y derivados, leche, cacahuetes, semillas de s\u00e9samo.<\/li>\n<li>Producido en una instalaci\u00f3n en la que se utilizan frutos de c\u00e1scara, semillas de s\u00e9samo y cacahuetes.<\/li>\n<li>Contiene polioles.<\/li>\n<li>Un consumo excesivo puede producir efectos laxantes.<\/li>\n<\/ul>","protected":false},"excerpt":{"rendered":"<p>Sweet Protein es un sabroso tentempi\u00e9 perfecto para satisfacer el deseo de dulce sin renunciar a la nutrici\u00f3n. Con una combinaci\u00f3n de ingredientes seleccionados, esta galleta ofrece una soluci\u00f3n c\u00f3moda y completa para aquellos que buscan una opci\u00f3n nutritiva y sabrosa para complementar su dieta con prote\u00ednas esenciales y fibra. Estas son las principales ventajas de [...]<\/p>","protected":false},"featured_media":8128,"template":"","meta":[],"product_cat":[313,210],"product_tag":[316,223],"class_list":{"0":"post-3089","1":"product","2":"type-product","3":"status-publish","4":"has-post-thumbnail","6":"product_cat-protein-snacks-and-fit-food","7":"product_cat-snacks-meal-solutions","8":"product_tag-protein-snacks-fit-food","9":"product_tag-snacks-meal-solutions","11":"first","12":"instock","13":"sale","14":"taxable","15":"shipping-taxable","16":"purchasable","17":"product-type-variable"},"aioseo_notices":[],"_links":{"self":[{"href":"https:\/\/www.selfprotein.com\/es\/wp-json\/wp\/v2\/product\/3089"}],"collection":[{"href":"https:\/\/www.selfprotein.com\/es\/wp-json\/wp\/v2\/product"}],"about":[{"href":"https:\/\/www.selfprotein.com\/es\/wp-json\/wp\/v2\/types\/product"}],"wp:featuredmedia":[{"embeddable":true,"href":"https:\/\/www.selfprotein.com\/es\/wp-json\/wp\/v2\/media\/8128"}],"wp:attachment":[{"href":"https:\/\/www.selfprotein.com\/es\/wp-json\/wp\/v2\/media?parent=3089"}],"wp:term":[{"taxonomy":"product_cat","embeddable":true,"href":"https:\/\/www.selfprotein.com\/es\/wp-json\/wp\/v2\/product_cat?post=3089"},{"taxonomy":"product_tag","embeddable":true,"href":"https:\/\/www.selfprotein.com\/es\/wp-json\/wp\/v2\/product_tag?post=3089"}],"curies":[{"name":"wp","href":"https:\/\/api.w.org\/{rel}","templated":true}]}}