{"id":3097,"date":"2024-10-26T11:18:43","date_gmt":"2024-10-26T09:18:43","guid":{"rendered":"https:\/\/34.88.231.180\/?post_type=product&#038;p=3097"},"modified":"2026-04-01T00:00:35","modified_gmt":"2026-03-31T22:00:35","slug":"hydro-energy-gel","status":"publish","type":"product","link":"https:\/\/www.selfprotein.com\/es\/producto\/hydro-energy-gel\/","title":{"rendered":"Hydro Energy Gel"},"content":{"rendered":"<p style=\"text-align: left;\" align=\"center\"><strong><span lang=\"en-US\">Hydro Energy Gel<\/span><\/strong><\/p>\n<p><span lang=\"en-US\">Hemos dise\u00f1ado este producto para ofrecer una soluci\u00f3n eficaz para mantener altos niveles de energ\u00eda durante el ejercicio f\u00edsico, proporcionando fuentes de hidratos de carbono de acci\u00f3n r\u00e1pida y electrolitos. Nuestros geles est\u00e1n pensados para ser consumidos durante actividades de resistencia como carrera, ciclismo o triatl\u00f3n, ayudando a los atletas a mantener un rendimiento \u00f3ptimo y alcanzar sus objetivos.<\/span><\/p>\n<p><span lang=\"en-US\">Beneficios de Hydro Energy Gel:<\/span><\/p>\n<ul>\n<li><strong><span lang=\"en-US\">Reposici\u00f3n inmediata de energ\u00eda:<\/span><\/strong><span lang=\"en-US\"> Nuestros geles proporcionan hidratos de carbono de acci\u00f3n r\u00e1pida, que son absorbidos r\u00e1pidamente por el organismo para garantizar un r\u00e1pido aumento de los niveles de energ\u00eda durante la actividad f\u00edsica intensa.<\/span><\/li>\n<li><strong><span lang=\"en-US\">Equilibrio electrol\u00edtico:<\/span><\/strong><span lang=\"en-US\"> Adem\u00e1s de hidratos de carbono, nuestros geles tambi\u00e9n contienen electrolitos esenciales como sodio, potasio y magnesio, que ayudan a mantener el equilibrio de l\u00edquidos y electrolitos del organismo, reduciendo el riesgo de deshidrataci\u00f3n y calambres musculares.<\/span><\/li>\n<li><strong><span lang=\"en-US\">Facilidad de uso:<\/span><\/strong><span lang=\"en-US\"> El c\u00f3modo envase de nuestros geles facilita su transporte y consumo durante el entrenamiento o la competici\u00f3n, sin necesidad de interrumpir la actividad.<\/span><\/li>\n<li><strong><span lang=\"en-US\">Absorci\u00f3n r\u00e1pida: <\/span><\/strong><span lang=\"en-US\">La formulaci\u00f3n de nuestro gel est\u00e1 dise\u00f1ada para garantizar una absorci\u00f3n r\u00e1pida y eficaz, lo que permite al deportista beneficiarse inmediatamente de sus efectos energizantes e hidratantes.<\/span><\/li>\n<li><strong><span lang=\"en-US\">Adaptabilidad a diversas actividades:<\/span><\/strong><span lang=\"en-US\"> Nuestros geles son ideales para una amplia gama de deportes y actividades de resistencia, ofreciendo un apoyo fiable y constante a atletas de todos los niveles.<\/span><\/li>\n<\/ul>\n<p>&nbsp;<\/p>\n<p><strong><span lang=\"en-US\">Uso recomendado<\/span><\/strong><\/p>\n<p><span lang=\"en-US\">1-2 horas antes o durante el entrenamiento.<\/span><\/p>\n<p><strong>Aviso:<\/strong><\/p>\n<ul>\n<li>S\u00f3lo para adultos y no sustituye a una dieta variada y equilibrada ni a un estilo de vida saludable.<\/li>\n<li>No superar la dosis recomendada.<\/li>\n<li>No lo utilice durante la lactancia ni en periodos de embarazo sin consultar al m\u00e9dico.<\/li>\n<li>Conservar el producto en un lugar fresco y seco, en un envase bien cerrado.<\/li>\n<li>Sin Lactosa y Sin Gluten.<\/li>\n<\/ul>","protected":false},"excerpt":{"rendered":"<details>\n<summary>Informaci\u00f3n nutricional<\/summary>\n<table style=\"text-align: center;\">\n<tbody>\n<tr>\n<th>Informaci\u00f3n nutricional<\/th>\n<th>100ML<\/th>\n<th>30ML<\/th>\n<\/tr>\n<tr>\n<td>Energ\u00eda<\/td>\n<td>1037kj<br \/>\n244kcal<\/td>\n<td>311kj<br \/>\n73kcal<\/td>\n<\/tr>\n<tr>\n<td>Grasas<\/td>\n<td>0g<\/td>\n<td>0,00g<\/td>\n<\/tr>\n<tr>\n<td>de los cuales maduros<\/td>\n<td>0g<\/td>\n<td>0,00g<\/td>\n<\/tr>\n<tr>\n<td>Carbohidratos<\/td>\n<td>61,6g<\/td>\n<td>18,3<\/td>\n<\/tr>\n<tr>\n<td>de los cuales az\u00facares<\/td>\n<td>44,2g<\/td>\n<td>13,3g<\/td>\n<\/tr>\n<tr>\n<td>Protein<\/td>\n<td>0g<\/td>\n<td>0g<\/td>\n<\/tr>\n<tr>\n<td>Sal<\/td>\n<td>0,09g<\/td>\n<td>0,03g<\/td>\n<\/tr>\n<tr>\n<td>Fibras alimentarias<\/td>\n<td>0g<\/td>\n<td>0g<\/td>\n<\/tr>\n<tr>\n<td>Magnesium<\/td>\n<td>333 mg<\/td>\n<td>110 mg<\/td>\n<\/tr>\n<tr>\n<td>Potasio<\/td>\n<td>500 mg<\/td>\n<td>150 mg<\/td>\n<\/tr>\n<tr>\n<td>D-Ribosa<\/td>\n<td>910 mg<\/td>\n<td>273mg<\/td>\n<\/tr>\n<tr>\n<td colspan=\"3\"><strong>Otros ingredientes: <\/strong>agua, maltodextrina DE19, dextrosa, isomaltulosa, fructosa, citrato de magnesio, gluconato de potasio, ribosa, conservante: sorbato de potasio; aromas, acidulante: \u00e1cido c\u00edtrico; espesante: xantano.<\/td>\n<\/tr>\n<\/tbody>\n<\/table>\n<\/details>\n<p>&nbsp;<\/p>","protected":false},"featured_media":3098,"template":"","meta":[],"product_cat":[310,217],"product_tag":[315,230],"class_list":{"0":"post-3097","1":"product","2":"type-product","3":"status-publish","4":"has-post-thumbnail","6":"product_cat-performance-and-endurance","7":"product_cat-pre-workout-energy","8":"product_tag-performance-and-endurance","9":"product_tag-pre-workout-energy","11":"first","12":"instock","13":"taxable","14":"shipping-taxable","15":"purchasable","16":"product-type-simple"},"aioseo_notices":[],"_links":{"self":[{"href":"https:\/\/www.selfprotein.com\/es\/wp-json\/wp\/v2\/product\/3097"}],"collection":[{"href":"https:\/\/www.selfprotein.com\/es\/wp-json\/wp\/v2\/product"}],"about":[{"href":"https:\/\/www.selfprotein.com\/es\/wp-json\/wp\/v2\/types\/product"}],"wp:featuredmedia":[{"embeddable":true,"href":"https:\/\/www.selfprotein.com\/es\/wp-json\/wp\/v2\/media\/3098"}],"wp:attachment":[{"href":"https:\/\/www.selfprotein.com\/es\/wp-json\/wp\/v2\/media?parent=3097"}],"wp:term":[{"taxonomy":"product_cat","embeddable":true,"href":"https:\/\/www.selfprotein.com\/es\/wp-json\/wp\/v2\/product_cat?post=3097"},{"taxonomy":"product_tag","embeddable":true,"href":"https:\/\/www.selfprotein.com\/es\/wp-json\/wp\/v2\/product_tag?post=3097"}],"curies":[{"name":"wp","href":"https:\/\/api.w.org\/{rel}","templated":true}]}}