{"id":3100,"date":"2024-10-26T11:18:44","date_gmt":"2024-10-26T09:18:44","guid":{"rendered":"https:\/\/34.88.231.180\/?post_type=product&#038;p=3100"},"modified":"2026-05-01T00:24:10","modified_gmt":"2026-04-30T22:24:10","slug":"carbo-energy-gel","status":"publish","type":"product","link":"https:\/\/www.selfprotein.com\/es\/producto\/carbo-energy-gel\/","title":{"rendered":"Carbo Energy Gel"},"content":{"rendered":"<p style=\"text-align: left;\" align=\"center\"><strong><span lang=\"en-US\">Carbo Energy Gel<\/span><\/strong><\/p>\n<p><span lang=\"en-US\">Carbo Energy Gel se presenta como una innovadora soluci\u00f3n de nutrici\u00f3n deportiva dise\u00f1ada para proporcionar una fuente r\u00e1pida de carbohidratos y electrolitos durante el ejercicio f\u00edsico. Estos geles son ideales para los atletas que practican actividades de resistencia como el atletismo, el ciclismo y el triatl\u00f3n, ya que ofrecen un apoyo esencial para mantener altos niveles de energ\u00eda y un rendimiento \u00f3ptimo.<\/span><\/p>\n<p><span lang=\"en-US\">Con Carbo Energy Gel, los atletas pueden contar con una fuente fiable de energ\u00eda electrol\u00edtica para maximizar su rendimiento y alcanzar sus objetivos de resistencia con confianza y determinaci\u00f3n.<\/span><\/p>\n<p><span lang=\"en-US\">Beneficios de Carbo Energy Gel:<\/span><\/p>\n<ul>\n<li><strong><span lang=\"en-US\">Fuente r\u00e1pida de hidratos de carbono y electrolitos:<\/span><\/strong><span lang=\"en-US\"> Carbo Energy Gel proporciona una soluci\u00f3n concentrada de hidratos de carbono de f\u00e1cil digesti\u00f3n y absorci\u00f3n, junto con los electrolitos necesarios para mantener el equilibrio de l\u00edquidos en el organismo durante la actividad f\u00edsica intensa.<\/span><\/li>\n<li><strong><span lang=\"en-US\">Reposici\u00f3n de las reservas de gluc\u00f3geno:<\/span><\/strong><span lang=\"en-US\"> El consumo de geles de carbohidratos durante el ejercicio ayuda a reponer las reservas de gluc\u00f3geno en los m\u00fasculos, retrasando as\u00ed la fatiga y mejorando el rendimiento de resistencia a largo plazo.<\/span><\/li>\n<li><strong><span lang=\"en-US\">Mantenimiento de los niveles de az\u00facar en sangre:<\/span><\/strong><span lang=\"en-US\"> Los hidratos de carbono presentes en el gel ayudan a mantener estables los niveles de az\u00facar en sangre, evitando la hipoglucemia y garantizando un suministro constante de energ\u00eda a los m\u00fasculos y el cerebro.<\/span><\/li>\n<li><strong><span lang=\"en-US\">Prevenci\u00f3n de la fatiga:<\/span><\/strong><span lang=\"en-US\"> Gracias a su r\u00e1pida absorci\u00f3n y a su capacidad para proporcionar energ\u00eda inmediata, Carbo Energy Gel ayuda a prevenir la fatiga muscular y mental durante el ejercicio, permitiendo a los atletas mantener un alto rendimiento hasta el final de la actividad.<\/span><\/li>\n<li><strong><span lang=\"en-US\">Facilidad de uso y portabilidad:<\/span><\/strong><span lang=\"en-US\"> Los geles Carbo Energy est\u00e1n envasados en c\u00f3modos paquetes de una sola raci\u00f3n que se pueden llevar y consumir f\u00e1cilmente durante el entrenamiento o la competici\u00f3n, ofreciendo una c\u00f3moda opci\u00f3n para satisfacer las necesidades nutricionales de los deportistas que se desplazan.<\/span><\/li>\n<\/ul>\n<p>&nbsp;<\/p>\n<p><strong><span lang=\"en-US\">Uso recomendado<\/span><\/strong><\/p>\n<p><span lang=\"en-US\">1-2 horas antes o durante el entrenamiento.<\/span><\/p>\n<p><strong>Aviso:<\/strong><\/p>\n<ul>\n<li>S\u00f3lo para adultos y no sustituye a una dieta variada y equilibrada ni a un estilo de vida saludable.<\/li>\n<li>No superar la dosis recomendada.<\/li>\n<li>No lo utilice durante la lactancia ni en periodos de embarazo sin consultar al m\u00e9dico.<\/li>\n<li>Conservar el producto en un lugar fresco y seco, en un envase bien cerrado.<\/li>\n<li>Sin Lactosa y Sin Gluten.<\/li>\n<\/ul>","protected":false},"excerpt":{"rendered":"<details>\n<summary>Informaci\u00f3n nutricional<\/summary>\n<table style=\"text-align: center;\">\n<tbody>\n<tr>\n<th>Informaci\u00f3n nutricional<\/th>\n<th>100ML<\/th>\n<th>50ML<\/th>\n<\/tr>\n<tr>\n<td>Energ\u00eda<\/td>\n<td>728kj<br \/>\n172kcal<\/td>\n<td>364kj<br \/>\n86kcal<\/td>\n<\/tr>\n<tr>\n<td>Grasas<\/td>\n<td>0g<\/td>\n<td>0,00g<\/td>\n<\/tr>\n<tr>\n<td>de los cuales maduros<\/td>\n<td>0g<\/td>\n<td>0,00g<\/td>\n<\/tr>\n<tr>\n<td>Carbohidratos<\/td>\n<td>42,8g<\/td>\n<td>21,4<\/td>\n<\/tr>\n<tr>\n<td>de los cuales az\u00facares<\/td>\n<td>19,8g<\/td>\n<td>9,9g<\/td>\n<\/tr>\n<tr>\n<td>Protein<\/td>\n<td>0g<\/td>\n<td>0g<\/td>\n<\/tr>\n<tr>\n<td>Sal<\/td>\n<td>0,14g<\/td>\n<td>0,07g<\/td>\n<\/tr>\n<tr>\n<td>Caffeine<\/td>\n<td>300 mg<\/td>\n<td>150 mg<\/td>\n<\/tr>\n<tr>\n<td colspan=\"3\"><strong>Otros ingredientes: <\/strong>agua, maltodextrina DE19, fructosa, acidulante: \u00e1cido c\u00edtrico; cafe\u00edna, espesante: xantano; bicarbonato s\u00f3dico, conservante: sorbato pot\u00e1sico; aromas, edulcorante: sucralosa.<\/td>\n<\/tr>\n<\/tbody>\n<\/table>\n<\/details>\n<p>&nbsp;<\/p>","protected":false},"featured_media":3170,"template":"","meta":[],"product_cat":[310,217],"product_tag":[315,230],"class_list":{"0":"post-3100","1":"product","2":"type-product","3":"status-publish","4":"has-post-thumbnail","6":"product_cat-performance-and-endurance","7":"product_cat-pre-workout-energy","8":"product_tag-performance-and-endurance","9":"product_tag-pre-workout-energy","11":"first","12":"instock","13":"taxable","14":"shipping-taxable","15":"purchasable","16":"product-type-simple"},"aioseo_notices":[],"_links":{"self":[{"href":"https:\/\/www.selfprotein.com\/es\/wp-json\/wp\/v2\/product\/3100"}],"collection":[{"href":"https:\/\/www.selfprotein.com\/es\/wp-json\/wp\/v2\/product"}],"about":[{"href":"https:\/\/www.selfprotein.com\/es\/wp-json\/wp\/v2\/types\/product"}],"wp:featuredmedia":[{"embeddable":true,"href":"https:\/\/www.selfprotein.com\/es\/wp-json\/wp\/v2\/media\/3170"}],"wp:attachment":[{"href":"https:\/\/www.selfprotein.com\/es\/wp-json\/wp\/v2\/media?parent=3100"}],"wp:term":[{"taxonomy":"product_cat","embeddable":true,"href":"https:\/\/www.selfprotein.com\/es\/wp-json\/wp\/v2\/product_cat?post=3100"},{"taxonomy":"product_tag","embeddable":true,"href":"https:\/\/www.selfprotein.com\/es\/wp-json\/wp\/v2\/product_tag?post=3100"}],"curies":[{"name":"wp","href":"https:\/\/api.w.org\/{rel}","templated":true}]}}