{"id":3136,"date":"2024-10-26T11:18:45","date_gmt":"2024-10-26T09:18:45","guid":{"rendered":"https:\/\/34.88.231.180\/?post_type=product&#038;p=3136"},"modified":"2026-05-01T00:24:17","modified_gmt":"2026-04-30T22:24:17","slug":"proti-break","status":"publish","type":"product","link":"https:\/\/www.selfprotein.com\/es\/producto\/proti-break\/","title":{"rendered":"Proti Break"},"content":{"rendered":"<p style=\"text-align: left;\" align=\"center\"><span lang=\"en-US\"><strong>Proti Break<\/strong> <\/span><\/p>\n<p><span lang=\"en-US\">Proti Break es una barrita proteica formulada para proporcionar una fuente de prote\u00ednas de alta calidad con un contenido reducido de az\u00facar. Este nutritivo tentempi\u00e9 est\u00e1 dise\u00f1ado para satisfacer las necesidades de quienes buscan aumentar la ingesta de prote\u00ednas en su dieta, como los deportistas, o quienes siguen reg\u00edmenes diet\u00e9ticos espec\u00edficos.<\/span><\/p>\n<p><span lang=\"en-US\">Beneficios de Proti Break:<\/span><\/p>\n<ul>\n<li><strong><span lang=\"en-US\">Alto contenido en prote\u00ednas:<\/span><\/strong><span lang=\"en-US\"> Las barritas Proti Break ofrecen una generosa cantidad de prote\u00ednas de alta calidad, ideales para favorecer el crecimiento y la recuperaci\u00f3n muscular, as\u00ed como para mantener la saciedad.<\/span><\/li>\n<li><strong><span lang=\"en-US\">Bajo contenido en az\u00facar:<\/span><\/strong><span lang=\"en-US\"> Con un contenido reducido de az\u00facar, las barritas Proti Break son una opci\u00f3n ideal para quienes desean limitar el consumo de az\u00facar en su dieta, sin sacrificar el sabor ni la satisfacci\u00f3n del tentempi\u00e9.<\/span><\/li>\n<li><strong><span lang=\"en-US\">Comodidad:<\/span><\/strong><span lang=\"en-US\"> Proti Break es una opci\u00f3n pr\u00e1ctica para quienes se desplazan y necesitan un tentempi\u00e9 nutritivo y r\u00e1pido para consumir en cualquier momento y lugar.<\/span><\/li>\n<li><strong><span lang=\"en-US\">Varias opciones:<\/span><\/strong><span lang=\"en-US\"> Con una gran variedad de sabores disponibles, hay una barrita Proti Break para todos los gustos, lo que facilita la integraci\u00f3n de prote\u00ednas de alta calidad en la dieta diaria.<\/span><\/li>\n<\/ul>\n<p><\/p>\n<p><strong><span lang=\"en-US\">Uso recomendado<\/span><\/strong><\/p>\n<p><span lang=\"en-US\">1-2 barritas al d\u00eda seg\u00fan necesidad.<\/span><\/p>\n<p><strong>Aviso:<\/strong><\/p>\n<ul>\n<li>Puede contener trazas de leche, avena, huevo, soja.<\/li>\n<li>Un consumo excesivo puede tener efectos laxantes.<\/li>\n<\/ul>","protected":false},"excerpt":{"rendered":"<p>Proti Break Proti Break es una barrita proteica formulada para proporcionar una fuente de prote\u00ednas de alta calidad con un contenido reducido de az\u00facar. Este nutritivo tentempi\u00e9 est\u00e1 dise\u00f1ado para satisfacer las necesidades de quienes buscan aumentar la ingesta de prote\u00ednas en su dieta, como los deportistas, o quienes siguen reg\u00edmenes diet\u00e9ticos espec\u00edficos. Beneficios de Proti Break: Alto contenido en prote\u00ednas: [...]<\/p>","protected":false},"featured_media":3165,"template":"","meta":[],"product_cat":[313,210],"product_tag":[316,223],"class_list":{"0":"post-3136","1":"product","2":"type-product","3":"status-publish","4":"has-post-thumbnail","6":"product_cat-protein-snacks-and-fit-food","7":"product_cat-snacks-meal-solutions","8":"product_tag-protein-snacks-fit-food","9":"product_tag-snacks-meal-solutions","11":"first","12":"instock","13":"taxable","14":"shipping-taxable","15":"purchasable","16":"product-type-variable","17":"has-default-attributes"},"aioseo_notices":[],"_links":{"self":[{"href":"https:\/\/www.selfprotein.com\/es\/wp-json\/wp\/v2\/product\/3136"}],"collection":[{"href":"https:\/\/www.selfprotein.com\/es\/wp-json\/wp\/v2\/product"}],"about":[{"href":"https:\/\/www.selfprotein.com\/es\/wp-json\/wp\/v2\/types\/product"}],"wp:featuredmedia":[{"embeddable":true,"href":"https:\/\/www.selfprotein.com\/es\/wp-json\/wp\/v2\/media\/3165"}],"wp:attachment":[{"href":"https:\/\/www.selfprotein.com\/es\/wp-json\/wp\/v2\/media?parent=3136"}],"wp:term":[{"taxonomy":"product_cat","embeddable":true,"href":"https:\/\/www.selfprotein.com\/es\/wp-json\/wp\/v2\/product_cat?post=3136"},{"taxonomy":"product_tag","embeddable":true,"href":"https:\/\/www.selfprotein.com\/es\/wp-json\/wp\/v2\/product_tag?post=3136"}],"curies":[{"name":"wp","href":"https:\/\/api.w.org\/{rel}","templated":true}]}}