{"id":3212,"date":"2024-02-28T15:23:56","date_gmt":"2024-02-28T14:23:56","guid":{"rendered":"https:\/\/34.88.231.180\/?post_type=product&#038;p=3212"},"modified":"2026-05-01T00:24:26","modified_gmt":"2026-04-30T22:24:26","slug":"100-micro-whey-active","status":"publish","type":"product","link":"https:\/\/www.selfprotein.com\/es\/producto\/100-micro-whey-active\/","title":{"rendered":"100% Micro Whey Active"},"content":{"rendered":"<p style=\"text-align: left\" align=\"center\"><strong><span lang=\"en-US\">100% Micro Whey Active<\/span><\/strong><\/p>\n<p><span lang=\"en-US\">El aislado de prote\u00edna de suero de leche (WPI) es un valioso aliado en el campo del fitness y el culturismo. Obtenido mediante un proceso de filtraci\u00f3n selectiva, este extracto de prote\u00edna de leche destaca por su alta concentraci\u00f3n de prote\u00ednas, eliminando la mayor\u00eda de los carbohidratos y grasas. Esto lo convierte en una opci\u00f3n ideal para quienes buscan un aporte proteico de alta calidad.<\/span><\/p>\n<p><span lang=\"en-US\">El aislado de prote\u00edna de suero ofrece una serie de ventajas distintivas que lo convierten en una de las opciones preferidas en el mundo del fitness y el culturismo:<\/span><\/p>\n<ul>\n<li><strong><span lang=\"en-US\">Alta concentraci\u00f3n de prote\u00ednas:<\/span><\/strong><span lang=\"en-US\"> El proceso de aislamiento reduce significativamente la presencia de hidratos de carbono y grasas, maximizando el contenido de prote\u00ednas. Esto garantiza un elevado aporte proteico, esencial para la s\u00edntesis de prote\u00ednas y el crecimiento muscular.<\/span><\/li>\n<li><strong><span lang=\"en-US\">Perfil completo de amino\u00e1cidos<\/span><\/strong><span lang=\"en-US\"><strong>:<\/strong> El aislado de prote\u00edna de suero contiene todos los amino\u00e1cidos esenciales, proporcionando al organismo toda la gama de nutrientes necesarios para la construcci\u00f3n y el mantenimiento del tejido muscular.<\/span><\/li>\n<li><strong><span lang=\"en-US\">R\u00e1pida absorci\u00f3n:<\/span><\/strong><span lang=\"en-US\"> Debido a su naturaleza altamente soluble, WPI es absorbido r\u00e1pidamente por el cuerpo. Esta caracter\u00edstica lo hace ideal para su consumo antes o despu\u00e9s de los entrenamientos, ayudando a optimizar los procesos de recuperaci\u00f3n y crecimiento muscular.<\/span><\/li>\n<li><strong><span lang=\"en-US\">F\u00e1cil digestibilidad:<\/span><\/strong><span lang=\"en-US\"> El aislado de prote\u00edna de suero suele ser bien tolerado por el sistema digestivo, lo que reduce el riesgo de molestias gastrointestinales. Esto lo hace adecuado incluso para quienes puedan tener sensibilidades o intolerancias alimentarias.<\/span><\/li>\n<li><span lang=\"en-US\"><strong>Versatilidad en el consumo<\/strong>: <\/span><span lang=\"en-US\">Disponible en varias formas, como polvo para mezclar con l\u00edquidos o suplementos listos para beber, el aislado de prote\u00edna de suero ofrece flexibilidad en la integraci\u00f3n diaria en la dieta.<\/span><\/li>\n<li><strong><span lang=\"en-US\">Cumple los requisitos prote\u00ednicos:<\/span><\/strong><span lang=\"en-US\"> La ingesta regular de aislado de prote\u00edna de suero puede ayudar a cubrir las necesidades diarias de prote\u00ednas, contribuyendo a la conservaci\u00f3n de la masa muscular y apoyando los esfuerzos de entrenamiento.<\/span><\/li>\n<\/ul>\n<p>&nbsp;<\/p>\n<p><strong><span lang=\"en-US\">Uso recomendado<\/span><\/strong><\/p>\n<p><span lang=\"en-US\">De 1 a 3 raciones al d\u00eda en funci\u00f3n de las necesidades individuales y teniendo en cuenta otras fuentes de prote\u00ednas alimentarias.<\/span><\/p>\n<p><strong>Aviso:<\/strong><\/p>\n<ul>\n<li>S\u00f3lo para adultos y no sustituye a una dieta variada y equilibrada ni a un estilo de vida saludable.<\/li>\n<li>No superar la dosis recomendada.<\/li>\n<li>No lo utilice durante la lactancia ni en periodos de embarazo sin consultar al m\u00e9dico.<\/li>\n<li>Conservar el producto en un lugar fresco y seco, en un envase bien cerrado y fuera del alcance de los ni\u00f1os menores de 3 a\u00f1os.<\/li>\n<li>Puede contener trazas de avena, huevo y soja.<\/li>\n<li>Sin Gluten.<\/li>\n<\/ul>","protected":false},"excerpt":{"rendered":"<p>100% Micro Whey Active Whey Protein Isolate (WPI) es un valioso aliado en el campo del fitness y el culturismo. Obtenido mediante un proceso de filtraci\u00f3n selectiva, este extracto de prote\u00edna de leche destaca por su alta concentraci\u00f3n de prote\u00ednas, eliminando la mayor\u00eda de los carbohidratos y grasas. Esto lo convierte en una opci\u00f3n ideal para aquellos que buscan un aporte proteico de alta calidad. Prote\u00edna de suero [...]<\/p>","protected":false},"featured_media":5673,"template":"","meta":[],"product_cat":[158,308],"product_tag":[18,318],"class_list":{"0":"post-3212","1":"product","2":"type-product","3":"status-publish","4":"has-post-thumbnail","6":"product_cat-proteins","7":"product_cat-strength-and-muscle-mass","8":"product_tag-proteins","9":"product_tag-strength-and-muscle-mass","11":"first","12":"instock","13":"taxable","14":"shipping-taxable","15":"purchasable","16":"product-type-variable"},"aioseo_notices":[],"_links":{"self":[{"href":"https:\/\/www.selfprotein.com\/es\/wp-json\/wp\/v2\/product\/3212"}],"collection":[{"href":"https:\/\/www.selfprotein.com\/es\/wp-json\/wp\/v2\/product"}],"about":[{"href":"https:\/\/www.selfprotein.com\/es\/wp-json\/wp\/v2\/types\/product"}],"wp:featuredmedia":[{"embeddable":true,"href":"https:\/\/www.selfprotein.com\/es\/wp-json\/wp\/v2\/media\/5673"}],"wp:attachment":[{"href":"https:\/\/www.selfprotein.com\/es\/wp-json\/wp\/v2\/media?parent=3212"}],"wp:term":[{"taxonomy":"product_cat","embeddable":true,"href":"https:\/\/www.selfprotein.com\/es\/wp-json\/wp\/v2\/product_cat?post=3212"},{"taxonomy":"product_tag","embeddable":true,"href":"https:\/\/www.selfprotein.com\/es\/wp-json\/wp\/v2\/product_tag?post=3212"}],"curies":[{"name":"wp","href":"https:\/\/api.w.org\/{rel}","templated":true}]}}