{"id":322,"date":"2023-11-27T12:58:55","date_gmt":"2023-11-27T11:58:55","guid":{"rendered":"https:\/\/34.88.231.180\/product\/arginine-alpha-ketoglutarate-aakg\/"},"modified":"2026-04-01T00:00:07","modified_gmt":"2026-03-31T22:00:07","slug":"arginine-alpha-ketoglutarate-akg","status":"publish","type":"product","link":"https:\/\/www.selfprotein.com\/es\/producto\/arginine-alpha-ketoglutarate-akg\/","title":{"rendered":"Arginine Alpha Ketoglutarate (AKG)"},"content":{"rendered":"<p style=\"text-align: left;\" align=\"center\"><strong><span lang=\"en-US\">Alfa-cetoglutarato de arginina<\/span><\/strong><\/p>\n<p><span lang=\"en-US\">La arginina alfa-cetoglutarato (AAKG) es un compuesto elaborado a partir del amino\u00e1cido arginina y el alfa-cetoglutarato, un intermediario en el proceso metab\u00f3lico conocido como ciclo del \u00e1cido c\u00edtrico. A menudo promocionado como suplemento diet\u00e9tico en la industria del culturismo y el fitness, al AAKG se le atribuye la mejora del flujo sangu\u00edneo, el aumento de los niveles de energ\u00eda y la mejora del rendimiento atl\u00e9tico.<\/span><\/p>\n<p><span lang=\"en-US\">Ventajas del producto:<\/span><\/p>\n<ul>\n<li><strong><span lang=\"en-US\">Mejora el flujo sangu\u00edneo:<\/span><\/strong><span lang=\"en-US\"> La AAKG puede ayudar a mejorar el flujo sangu\u00edneo al aumentar la producci\u00f3n de \u00f3xido n\u00edtrico, una mol\u00e9cula que favorece la relajaci\u00f3n de los vasos sangu\u00edneos y mejora la circulaci\u00f3n.<\/span><\/li>\n<li><strong><span lang=\"en-US\">Aumento de los niveles de energ\u00eda:<\/span><\/strong><span lang=\"en-US\"> A\u00f1adir AAKG a la dieta puede aumentar los niveles de energ\u00eda, favoreciendo as\u00ed las actividades f\u00edsicas intensas y prolongadas.<\/span><\/li>\n<li><strong><span lang=\"en-US\">Mejora del rendimiento deportivo:<\/span><\/strong><span lang=\"en-US\"> Se cree que la AAKG mejora el rendimiento atl\u00e9tico al permitir una mejor vasodilataci\u00f3n y un mayor suministro de nutrientes y ox\u00edgeno a los m\u00fasculos durante el ejercicio.<\/span><\/li>\n<li><strong><span lang=\"en-US\">Apoyo a la musculaci\u00f3n:<\/span><\/strong><span lang=\"en-US\"> Debido a sus supuestos efectos sobre el flujo sangu\u00edneo y la energ\u00eda, la AAKG se utiliza a menudo en el contexto del culturismo para promover el crecimiento muscular y mejorar la recuperaci\u00f3n despu\u00e9s de entrenamientos intensos.<\/span><\/li>\n<\/ul>\n<p>&nbsp;<\/p>\n<p><strong><span lang=\"en-US\">Uso recomendado<\/span><\/strong><\/p>\n<p><span lang=\"en-US\">1 porci\u00f3n 30-45 minutos antes de la actividad f\u00edsica y 1 porci\u00f3n antes de acostarse.<\/span><\/p>\n<p><strong>Aviso:<\/strong><\/p>\n<ul>\n<li>S\u00f3lo para adultos y no sustituye a una dieta variada y equilibrada ni a un estilo de vida saludable.<\/li>\n<li>No superar la dosis recomendada.<\/li>\n<li>No lo utilice durante la lactancia ni en periodos de embarazo sin consultar al m\u00e9dico.<\/li>\n<li>Conservar el producto en un lugar fresco y seco, en un envase bien cerrado y fuera del alcance de los ni\u00f1os menores de 3 a\u00f1os.<\/li>\n<li>Puede contener trazas de avena, huevo, soja y leche.<\/li>\n<li>Sin Lactosa y Sin Gluten.<\/li>\n<\/ul>","protected":false},"excerpt":{"rendered":"<details>\n<summary>Ingredientes<\/summary>\n<table style=\"text-align: center;\">\n<tbody>\n<tr>\n<th>Ingredientes<\/th>\n<th>Por 3 pesta\u00f1as<\/th>\n<\/tr>\n<tr>\n<td>Alfa cetoglutarato de arginina<\/td>\n<td>3000 mg<\/td>\n<\/tr>\n<tr>\n<td colspan=\"2\"><strong>Otros ingredientes: <\/strong>agentes estabilizadores (E460, E470b, E551)<\/td>\n<\/tr>\n<\/tbody>\n<\/table>\n<\/details>\n<p>&nbsp;<\/p>","protected":false},"featured_media":323,"template":"","meta":[],"product_cat":[310,217],"product_tag":[315,230],"class_list":{"0":"post-322","1":"product","2":"type-product","3":"status-publish","4":"has-post-thumbnail","6":"product_cat-performance-and-endurance","7":"product_cat-pre-workout-energy","8":"product_tag-performance-and-endurance","9":"product_tag-pre-workout-energy","11":"first","12":"instock","13":"taxable","14":"shipping-taxable","15":"purchasable","16":"product-type-simple"},"aioseo_notices":[],"_links":{"self":[{"href":"https:\/\/www.selfprotein.com\/es\/wp-json\/wp\/v2\/product\/322"}],"collection":[{"href":"https:\/\/www.selfprotein.com\/es\/wp-json\/wp\/v2\/product"}],"about":[{"href":"https:\/\/www.selfprotein.com\/es\/wp-json\/wp\/v2\/types\/product"}],"wp:featuredmedia":[{"embeddable":true,"href":"https:\/\/www.selfprotein.com\/es\/wp-json\/wp\/v2\/media\/323"}],"wp:attachment":[{"href":"https:\/\/www.selfprotein.com\/es\/wp-json\/wp\/v2\/media?parent=322"}],"wp:term":[{"taxonomy":"product_cat","embeddable":true,"href":"https:\/\/www.selfprotein.com\/es\/wp-json\/wp\/v2\/product_cat?post=322"},{"taxonomy":"product_tag","embeddable":true,"href":"https:\/\/www.selfprotein.com\/es\/wp-json\/wp\/v2\/product_tag?post=322"}],"curies":[{"name":"wp","href":"https:\/\/api.w.org\/{rel}","templated":true}]}}