{"id":325,"date":"2023-11-27T12:59:00","date_gmt":"2023-11-27T11:59:00","guid":{"rendered":"https:\/\/34.88.231.180\/product\/b-complex-vitamin-c-zinc\/"},"modified":"2026-05-01T00:23:41","modified_gmt":"2026-04-30T22:23:41","slug":"b-complex-vitamin-c-zinc","status":"publish","type":"product","link":"https:\/\/www.selfprotein.com\/es\/producto\/b-complex-vitamin-c-zinc\/","title":{"rendered":"B Complex Vitamin C + Zinc"},"content":{"rendered":"<p style=\"text-align: left;\" align=\"center\"><strong><span lang=\"en-US\">Complejo B Vitamina C + Zinc<\/span><\/strong><\/p>\n<p><span lang=\"en-US\">La vitamina B es un grupo de ocho vitaminas hidrosolubles esenciales para diversas funciones corporales, como el metabolismo energ\u00e9tico, el funcionamiento del sistema nervioso y el crecimiento y desarrollo celulares.<\/span><\/p>\n<p><span lang=\"en-US\">Garantizar una ingesta adecuada de vitamina B a trav\u00e9s de la dieta o de suplementos puede favorecer el metabolismo energ\u00e9tico, la funci\u00f3n del sistema nervioso y el crecimiento celular, contribuyendo as\u00ed a la salud y el bienestar generales.<\/span><\/p>\n<p><span lang=\"en-US\">\u00c9stos son los beneficios de la vitamina B:<\/span><\/p>\n<ul>\n<li><strong><span lang=\"en-US\">Tiamina (B1): <\/span><\/strong><span lang=\"en-US\">Ayuda al organismo a convertir los alimentos en energ\u00eda e interviene en el funcionamiento de los nervios, los m\u00fasculos y el coraz\u00f3n.<\/span><\/li>\n<li><strong><span lang=\"en-US\">Riboflavina (B2):<\/span><\/strong><span lang=\"en-US\"> Contribuye a la conversi\u00f3n de los alimentos en energ\u00eda y es importante para la salud de la piel, los ojos y el sistema nervioso.<\/span><\/li>\n<li><strong><span lang=\"en-US\">Niacina (B3):<\/span><\/strong><span lang=\"en-US\"> Favorece la conversi\u00f3n de los alimentos en energ\u00eda y contribuye a la salud de la piel, el aparato digestivo y el sistema nervioso.<\/span><\/li>\n<li><strong><span lang=\"en-US\">\u00c1cido pantot\u00e9nico (B5):<\/span><\/strong><span lang=\"en-US\"> Esencial para convertir los alimentos en energ\u00eda y crucial para la salud de la piel, el cabello y los ojos.<\/span><\/li>\n<li><strong><span lang=\"en-US\">Piridoxina (B6):<\/span><\/strong><span lang=\"en-US\"> Ayuda al organismo a producir neurotransmisores como la serotonina y la dopamina y favorece el funcionamiento del sistema inmunitario.<\/span><\/li>\n<li><strong><span lang=\"en-US\">Biotina (B7):<\/span><\/strong><span lang=\"en-US\"> Contribuye al metabolismo y es importante para la salud del cabello, la piel y las u\u00f1as.<\/span><\/li>\n<li><strong><span lang=\"en-US\">\u00c1cido f\u00f3lico (B9):<\/span><\/strong><span lang=\"en-US\"> Importante para el crecimiento y el desarrollo celular, especialmente durante el embarazo, y favorece la s\u00edntesis del ADN y de los gl\u00f3bulos rojos.<\/span><\/li>\n<li><strong><span lang=\"en-US\">Cobalamina (B12):<\/span><\/strong><span lang=\"en-US\"> Esencial para la salud del sistema nervioso y la producci\u00f3n de gl\u00f3bulos rojos.<\/span><\/li>\n<\/ul>\n<p>&nbsp;<\/p>\n<p><strong><span lang=\"en-US\">Uso recomendado<\/span><\/strong><\/p>\n<p><span lang=\"en-US\">Tomar 1 c\u00e1psula al d\u00eda.<\/span><\/p>\n<p><strong>Aviso:<\/strong><\/p>\n<ul>\n<li>S\u00f3lo para adultos y no sustituye a una dieta variada y equilibrada ni a un estilo de vida saludable.<\/li>\n<li>No superar la dosis recomendada.<\/li>\n<li>No lo utilice durante la lactancia ni en periodos de embarazo sin consultar al m\u00e9dico.<\/li>\n<li>Conservar el producto en un lugar fresco y seco, en un envase bien cerrado y fuera del alcance de los ni\u00f1os menores de 3 a\u00f1os.<\/li>\n<li>Puede contener trazas de huevo, soja, avena, leche.<\/li>\n<li>Sin Lactosa y Sin Gluten.<\/li>\n<\/ul>","protected":false},"excerpt":{"rendered":"<p>Complejo B Vitamina C + Zinc La vitamina B es un grupo de ocho vitaminas hidrosolubles esenciales para diversas funciones corporales, como el metabolismo energ\u00e9tico, la funci\u00f3n del sistema nervioso y el crecimiento y desarrollo celular. Garantizar una ingesta adecuada de vitamina B a trav\u00e9s de la dieta o la suplementaci\u00f3n puede favorecer el metabolismo energ\u00e9tico, la funci\u00f3n del sistema nervioso y el crecimiento celular, contribuyendo as\u00ed a [...]<\/p>","protected":false},"featured_media":13898,"template":"","meta":[],"product_cat":[312,214],"product_tag":[314,258],"class_list":{"0":"post-325","1":"product","2":"type-product","3":"status-publish","4":"has-post-thumbnail","6":"product_cat-health-and-wellness","7":"product_cat-vitamins-wellness","8":"product_tag-health-and-wellness","9":"product_tag-vitamins-wellness","11":"first","12":"instock","13":"sale","14":"taxable","15":"shipping-taxable","16":"purchasable","17":"product-type-variable"},"aioseo_notices":[],"_links":{"self":[{"href":"https:\/\/www.selfprotein.com\/es\/wp-json\/wp\/v2\/product\/325"}],"collection":[{"href":"https:\/\/www.selfprotein.com\/es\/wp-json\/wp\/v2\/product"}],"about":[{"href":"https:\/\/www.selfprotein.com\/es\/wp-json\/wp\/v2\/types\/product"}],"wp:featuredmedia":[{"embeddable":true,"href":"https:\/\/www.selfprotein.com\/es\/wp-json\/wp\/v2\/media\/13898"}],"wp:attachment":[{"href":"https:\/\/www.selfprotein.com\/es\/wp-json\/wp\/v2\/media?parent=325"}],"wp:term":[{"taxonomy":"product_cat","embeddable":true,"href":"https:\/\/www.selfprotein.com\/es\/wp-json\/wp\/v2\/product_cat?post=325"},{"taxonomy":"product_tag","embeddable":true,"href":"https:\/\/www.selfprotein.com\/es\/wp-json\/wp\/v2\/product_tag?post=325"}],"curies":[{"name":"wp","href":"https:\/\/api.w.org\/{rel}","templated":true}]}}