{"id":3255,"date":"2024-10-26T11:18:45","date_gmt":"2024-10-26T09:18:45","guid":{"rendered":"https:\/\/34.88.231.180\/?post_type=product&#038;p=3255"},"modified":"2026-04-01T00:00:41","modified_gmt":"2026-03-31T22:00:41","slug":"proti-cream","status":"publish","type":"product","link":"https:\/\/www.selfprotein.com\/es\/producto\/proti-cream\/","title":{"rendered":"Proti Cream"},"content":{"rendered":"<p style=\"text-align: left;\" align=\"center\"><strong><span lang=\"en-US\">Proti Cream<\/span><\/strong><\/p>\n<p><span lang=\"en-US\">Proti Cream es una deliciosa crema untable enriquecida con prote\u00edna de suero aislada 20%. Perfecta para un desayuno nutritivo o como sabroso tentempi\u00e9, esta crema no contiene gluten, por lo que es adecuada para quienes siguen una dieta espec\u00edfica o tienen necesidades diet\u00e9ticas particulares.<\/span><\/p>\n<p><span lang=\"en-US\">Beneficios de la crema Proti:<\/span><\/p>\n<ul>\n<li><strong><span lang=\"en-US\">Sabor fant\u00e1stico:<\/span><\/strong><span lang=\"en-US\"> Proti Cream ofrece un sabor irresistible que har\u00e1 de cada desayuno o merienda un momento de aut\u00e9ntico placer.<\/span><\/li>\n<li><strong><span lang=\"en-US\">Prote\u00edna de suero aislada:<\/span><\/strong><span lang=\"en-US\"> Con prote\u00edna de suero aislada 20%, esta crema proporciona una importante fuente de prote\u00ednas, ideal para mantener la masa muscular y favorecer la sensaci\u00f3n de saciedad.<\/span><\/li>\n<li><strong><span lang=\"en-US\">Ideal para el desayuno o la merienda<\/span><\/strong><span lang=\"en-US\"><strong>:<\/strong> Gracias a su versatilidad, Proti Cream puede consumirse por la ma\u00f1ana para empezar el d\u00eda con energ\u00eda o como un sabroso tentempi\u00e9 durante el d\u00eda.<\/span><\/li>\n<li><strong><span lang=\"en-US\">Sin gluten<\/span><\/strong><span lang=\"en-US\"><strong>:<\/strong> Al no contener gluten, Proti Cream tambi\u00e9n es adecuado para quienes siguen una dieta sin gluten por motivos de salud o por preferencia, ofreciendo una opci\u00f3n segura y sabrosa.<\/span><\/li>\n<\/ul>\n<p><span lang=\"en-US\">Proti Cream combina un sabor irresistible con la comodidad y la calidad de la prote\u00edna de suero aislada, proporcionando una crema untable que satisface tanto el paladar como las necesidades nutricionales.<\/span><\/p>\n<p><strong><span lang=\"en-US\">Uso recomendado<\/span><\/strong><\/p>\n<p><span lang=\"en-US\">Consumir preferentemente en el desayuno o como tentempi\u00e9.<\/span><\/p>\n<p><strong>Aviso:<\/strong><\/p>\n<ul>\n<li>Puede contener trazas de productos de soja, huevo y ovoproductos.<\/li>\n<li>Un consumo excesivo puede provocar efectos laxantes.<\/li>\n<li>Sin Gluten.<\/li>\n<\/ul>","protected":false},"excerpt":{"rendered":"<p>Proti Cream Proti Cream es una deliciosa crema untable enriquecida con prote\u00edna de suero aislada 20%. Perfecta para un desayuno nutritivo o como sabroso tentempi\u00e9, esta crema no contiene gluten, por lo que es adecuada para quienes siguen una dieta espec\u00edfica o tienen necesidades diet\u00e9ticas particulares. Beneficios de Proti Cream: Sabor fant\u00e1stico: Proti Cream ofrece un sabor irresistible [...]<\/p>","protected":false},"featured_media":3281,"template":"","meta":[],"product_cat":[313,210],"product_tag":[316,223],"class_list":{"0":"post-3255","1":"product","2":"type-product","3":"status-publish","4":"has-post-thumbnail","6":"product_cat-protein-snacks-and-fit-food","7":"product_cat-snacks-meal-solutions","8":"product_tag-protein-snacks-fit-food","9":"product_tag-snacks-meal-solutions","11":"first","12":"instock","13":"taxable","14":"shipping-taxable","15":"purchasable","16":"product-type-variable"},"aioseo_notices":[],"_links":{"self":[{"href":"https:\/\/www.selfprotein.com\/es\/wp-json\/wp\/v2\/product\/3255"}],"collection":[{"href":"https:\/\/www.selfprotein.com\/es\/wp-json\/wp\/v2\/product"}],"about":[{"href":"https:\/\/www.selfprotein.com\/es\/wp-json\/wp\/v2\/types\/product"}],"wp:featuredmedia":[{"embeddable":true,"href":"https:\/\/www.selfprotein.com\/es\/wp-json\/wp\/v2\/media\/3281"}],"wp:attachment":[{"href":"https:\/\/www.selfprotein.com\/es\/wp-json\/wp\/v2\/media?parent=3255"}],"wp:term":[{"taxonomy":"product_cat","embeddable":true,"href":"https:\/\/www.selfprotein.com\/es\/wp-json\/wp\/v2\/product_cat?post=3255"},{"taxonomy":"product_tag","embeddable":true,"href":"https:\/\/www.selfprotein.com\/es\/wp-json\/wp\/v2\/product_tag?post=3255"}],"curies":[{"name":"wp","href":"https:\/\/api.w.org\/{rel}","templated":true}]}}