{"id":3293,"date":"2024-10-26T11:18:46","date_gmt":"2024-10-26T09:18:46","guid":{"rendered":"https:\/\/34.88.231.180\/?post_type=product&#038;p=3293"},"modified":"2026-04-01T00:00:39","modified_gmt":"2026-03-31T22:00:39","slug":"peanut-butter-smooth","status":"publish","type":"product","link":"https:\/\/www.selfprotein.com\/es\/producto\/peanut-butter-smooth\/","title":{"rendered":"Peanut Butter Smooth"},"content":{"rendered":"<p style=\"text-align: left;\" align=\"center\"><strong><span lang=\"en-US\">Peanut Butter Smooth<\/span><\/strong><\/p>\n<p><span lang=\"en-US\">La mantequilla de cacahuete consiste en una sabrosa crema untable, obtenida de moler cacahuetes, que goza de gran popularidad en todo el mundo. Adem\u00e1s de utilizarse como relleno de bocadillos y salsa para frutas y verduras, la mantequilla de cacahuete representa un complemento nutritivo y vers\u00e1til para cualquier dieta.<\/span><\/p>\n<p><span lang=\"en-US\">Ventajas de la mantequilla de cacahuete:<\/span><\/p>\n<ul>\n<li><strong><span lang=\"en-US\">Rico en prote\u00ednas:<\/span><\/strong><span lang=\"en-US\"> Gracias a su alto contenido en prote\u00ednas, la mantequilla de cacahuete supone una excelente contribuci\u00f3n a la ingesta diaria de prote\u00ednas, esencial para el crecimiento y el mantenimiento muscular.<\/span><\/li>\n<li><strong><span lang=\"en-US\">Fuente de grasas saludables:<\/span><\/strong><span lang=\"en-US\"> Las grasas presentes en la mantequilla de cacahuete son principalmente insaturadas, conocidas por sus beneficios para la salud cardiovascular. Estas grasas saludables pueden ayudar a reducir el riesgo de cardiopat\u00edas cuando se consumen con moderaci\u00f3n.<\/span><\/li>\n<li><strong><span lang=\"en-US\">Rico en fibra:<\/span><\/strong><span lang=\"en-US\"> Los cacahuetes son naturalmente ricos en fibra, y la mantequilla de cacahuete conserva esta caracter\u00edstica. La fibra es importante para la salud digestiva y puede ayudar a regular los niveles de az\u00facar en sangre y favorecer la sensaci\u00f3n de saciedad.<\/span><\/li>\n<li><strong><span lang=\"en-US\">Versatilidad en la cocina:<\/span><\/strong><span lang=\"en-US\"> La mantequilla de cacahuete es un ingrediente incre\u00edblemente vers\u00e1til en la cocina y puede utilizarse en una amplia gama de platos dulces y salados. Desde dulces como galletas y pasteles hasta platos salados como salsas y aderezos para fideos, las posibilidades culinarias son infinitas.<\/span><\/li>\n<li><strong><span lang=\"en-US\">Fuente de nutrientes esenciales:<\/span><\/strong><span lang=\"en-US\"> Adem\u00e1s de prote\u00ednas, grasas saludables y fibra, la mantequilla de cacahuete contiene otros nutrientes esenciales, como vitaminas del grupo B, vitamina E, magnesio, zinc y potasio, que contribuyen a mejorar la salud en general.<\/span><\/li>\n<\/ul>\n<p>&nbsp;<\/p>\n<p><strong>Aviso:<\/strong><\/p>\n<ul>\n<li>Contiene al\u00e9rgenos: frutos de c\u00e1scara.<\/li>\n<li>Sin Gluten.<\/li>\n<\/ul>","protected":false},"excerpt":{"rendered":"<details>\n<summary>Informaci\u00f3n nutricional<\/summary>\n<table style=\"text-align: center;\">\n<tbody>\n<tr>\n<th>Informaci\u00f3n nutricional<\/th>\n<th>Por 100 g<\/th>\n<th>Por porci\u00f3n 25g<\/th>\n<\/tr>\n<tr>\n<td>Energ\u00eda<\/td>\n<td>2569kj\/620kcal<\/td>\n<td>642kj\/155kcal<\/td>\n<\/tr>\n<tr>\n<td>Grasas<\/td>\n<td>50g<\/td>\n<td>12,5g<\/td>\n<\/tr>\n<tr>\n<td>de los cuales saturados<\/td>\n<td>7,4g<\/td>\n<td>1,8g<\/td>\n<\/tr>\n<tr>\n<td>Carbohidratos<\/td>\n<td>9g<\/td>\n<td>2,2g<\/td>\n<\/tr>\n<tr>\n<td>de los cuales, az\u00facares*.<\/td>\n<td>5,7g<\/td>\n<td>1,4g<\/td>\n<\/tr>\n<tr>\n<td>Protein<\/td>\n<td>30g<\/td>\n<td>7,5g<\/td>\n<\/tr>\n<tr>\n<td>Fibras<\/td>\n<td>7g<\/td>\n<td>1,75g<\/td>\n<\/tr>\n<tr>\n<td>Sal<\/td>\n<td>0,30g<\/td>\n<td>0,075g<\/td>\n<\/tr>\n<tr>\n<td colspan=\"3\">*Az\u00facares naturales<\/td>\n<\/tr>\n<\/tbody>\n<\/table>\n<\/details>\n<p>&nbsp;<\/p>\n<details>\n<summary>Ingredientes<\/summary>\n<table style=\"text-align: center;\">\n<tbody>\n<tr>\n<td><strong>Ingredientes: <\/strong>100% cacahuetes tostados<\/td>\n<\/tr>\n<\/tbody>\n<\/table>\n<\/details>\n<p>&nbsp;<\/p>","protected":false},"featured_media":3279,"template":"","meta":[],"product_cat":[313,210],"product_tag":[316,223],"class_list":{"0":"post-3293","1":"product","2":"type-product","3":"status-publish","4":"has-post-thumbnail","6":"product_cat-protein-snacks-and-fit-food","7":"product_cat-snacks-meal-solutions","8":"product_tag-protein-snacks-fit-food","9":"product_tag-snacks-meal-solutions","11":"first","12":"instock","13":"taxable","14":"shipping-taxable","15":"purchasable","16":"product-type-simple"},"aioseo_notices":[],"_links":{"self":[{"href":"https:\/\/www.selfprotein.com\/es\/wp-json\/wp\/v2\/product\/3293"}],"collection":[{"href":"https:\/\/www.selfprotein.com\/es\/wp-json\/wp\/v2\/product"}],"about":[{"href":"https:\/\/www.selfprotein.com\/es\/wp-json\/wp\/v2\/types\/product"}],"wp:featuredmedia":[{"embeddable":true,"href":"https:\/\/www.selfprotein.com\/es\/wp-json\/wp\/v2\/media\/3279"}],"wp:attachment":[{"href":"https:\/\/www.selfprotein.com\/es\/wp-json\/wp\/v2\/media?parent=3293"}],"wp:term":[{"taxonomy":"product_cat","embeddable":true,"href":"https:\/\/www.selfprotein.com\/es\/wp-json\/wp\/v2\/product_cat?post=3293"},{"taxonomy":"product_tag","embeddable":true,"href":"https:\/\/www.selfprotein.com\/es\/wp-json\/wp\/v2\/product_tag?post=3293"}],"curies":[{"name":"wp","href":"https:\/\/api.w.org\/{rel}","templated":true}]}}