{"id":3294,"date":"2024-02-29T10:13:27","date_gmt":"2024-02-29T09:13:27","guid":{"rendered":"https:\/\/34.88.231.180\/?post_type=product&#038;p=3294"},"modified":"2026-05-04T09:29:54","modified_gmt":"2026-05-04T07:29:54","slug":"bcaa-811-2","status":"publish","type":"product","link":"https:\/\/www.selfprotein.com\/es\/producto\/bcaa-811-2\/","title":{"rendered":"BCAA 8:1:1"},"content":{"rendered":"<p style=\"text-align: left;\" align=\"center\"><strong><span lang=\"en-US\">BCAA 8:1:1<\/span><\/strong><\/p>\n<p><span lang=\"en-US\">Los BCAA, o amino\u00e1cidos de cadena ramificada, constituyen un grupo esencial compuesto por leucina, isoleucina y valina, con una proporci\u00f3n de 8:1:1.<\/span><\/p>\n<p><span lang=\"en-US\">Los BCAA, que constituyen aproximadamente un tercio de las prote\u00ednas musculares del cuerpo humano, desempe\u00f1an un papel crucial en el crecimiento y la reparaci\u00f3n muscular. Los suplementos de BCAA son ampliamente utilizados por atletas y entusiastas del fitness para mejorar el rendimiento y promover la recuperaci\u00f3n post-entrenamiento.<\/span><\/p>\n<p><span lang=\"en-US\">Ventajas de BCAA 8:1:1<\/span><\/p>\n<ul>\n<li><strong><span lang=\"en-US\">Apoyo al crecimiento muscular:<\/span><\/strong><span lang=\"en-US\"> Los BCAA favorecen la s\u00edntesis proteica, contribuyendo al crecimiento y al mantenimiento de la masa muscular. La presencia predominante de leucina en la proporci\u00f3n 8:1:1 amplifica este beneficio, ya que la leucina est\u00e1 particularmente implicada en la estimulaci\u00f3n de la s\u00edntesis proteica.<\/span><\/li>\n<li><strong><span lang=\"en-US\">Reducci\u00f3n del dolor muscular:<\/span><\/strong><span lang=\"en-US\"> Los estudios indican que la suplementaci\u00f3n con BCAA puede ayudar a reducir las agujetas despu\u00e9s del entrenamiento, permitiendo una recuperaci\u00f3n m\u00e1s r\u00e1pida y mejorando la tolerancia al esfuerzo posterior.<\/span><\/li>\n<li><strong><span lang=\"en-US\">Disminuci\u00f3n de la fatiga:<\/span><\/strong><span lang=\"en-US\"> Los deportistas experimentan a menudo una disminuci\u00f3n de la energ\u00eda durante el ejercicio prolongado. Los BCAA pueden ayudar a retrasar la aparici\u00f3n de la fatiga, proporcionando una fuente de energ\u00eda alternativa durante la actividad f\u00edsica.<\/span><\/li>\n<\/ul>\n<p>&nbsp;<\/p>\n<p><span lang=\"en-US\">Mejora del rendimiento f\u00edsico: <\/span><span lang=\"en-US\">La suplementaci\u00f3n con BCAA se ha asociado con una mejora potencial del rendimiento f\u00edsico, permitiendo a las personas mantener esfuerzos intensos durante per\u00edodos m\u00e1s largos.<\/span><\/p>\n<p><strong><span lang=\"en-US\">Uso recomendado<\/span><\/strong><\/p>\n<p><span lang=\"en-US\">1 dosis para tomar antes, durante o despu\u00e9s de la actividad f\u00edsica.<\/span><\/p>\n<p><strong>Aviso:<\/strong><\/p>\n<ul>\n<li>S\u00f3lo para adultos y no sustituye a una dieta variada y equilibrada ni a un estilo de vida saludable.<\/li>\n<li>No superar la dosis recomendada.<\/li>\n<li>Dosis diaria recomendada: mezclar 1 cacito (unos 8 g) con 200 ml de agua.<\/li>\n<li>No lo utilice durante la lactancia ni en periodos de embarazo sin consultar al m\u00e9dico.<\/li>\n<li>Conservar el producto en un lugar fresco y seco, en un envase bien cerrado y fuera del alcance de los ni\u00f1os menores de 3 a\u00f1os.<\/li>\n<li>Puede contener trazas de leche, avena, huevo, soja.<\/li>\n<li>Sin Lactosa y Sin Gluten.<\/li>\n<\/ul>","protected":false},"excerpt":{"rendered":"<p>BCAA 8:1:1 Los BCAA, o amino\u00e1cidos de cadena ramificada, constituyen un grupo esencial compuesto por leucina, isoleucina y valina, en una proporci\u00f3n de 8:1:1. Los BCAA, que constituyen aproximadamente un tercio de las prote\u00ednas musculares del cuerpo humano, desempe\u00f1an un papel crucial en el crecimiento y la reparaci\u00f3n muscular. Los suplementos de BCAA son ampliamente utilizados por atletas y entusiastas del fitness para mejorar el rendimiento [...]<\/p>","protected":false},"featured_media":3303,"template":"","meta":[],"product_cat":[151,311],"product_tag":[161,317],"class_list":{"0":"post-3294","1":"product","2":"type-product","3":"status-publish","4":"has-post-thumbnail","6":"product_cat-amino-acids-creatine","7":"product_cat-recovery-and-regeneration","8":"product_tag-amino-acids-creatine","9":"product_tag-recovery-and-regeneration","11":"first","12":"instock","13":"taxable","14":"shipping-taxable","15":"purchasable","16":"product-type-variable"},"aioseo_notices":[],"_links":{"self":[{"href":"https:\/\/www.selfprotein.com\/es\/wp-json\/wp\/v2\/product\/3294"}],"collection":[{"href":"https:\/\/www.selfprotein.com\/es\/wp-json\/wp\/v2\/product"}],"about":[{"href":"https:\/\/www.selfprotein.com\/es\/wp-json\/wp\/v2\/types\/product"}],"wp:featuredmedia":[{"embeddable":true,"href":"https:\/\/www.selfprotein.com\/es\/wp-json\/wp\/v2\/media\/3303"}],"wp:attachment":[{"href":"https:\/\/www.selfprotein.com\/es\/wp-json\/wp\/v2\/media?parent=3294"}],"wp:term":[{"taxonomy":"product_cat","embeddable":true,"href":"https:\/\/www.selfprotein.com\/es\/wp-json\/wp\/v2\/product_cat?post=3294"},{"taxonomy":"product_tag","embeddable":true,"href":"https:\/\/www.selfprotein.com\/es\/wp-json\/wp\/v2\/product_tag?post=3294"}],"curies":[{"name":"wp","href":"https:\/\/api.w.org\/{rel}","templated":true}]}}