{"id":365,"date":"2023-11-27T13:00:33","date_gmt":"2023-11-27T12:00:33","guid":{"rendered":"https:\/\/34.88.231.180\/product\/bcaa-811-tab\/"},"modified":"2026-04-01T00:00:10","modified_gmt":"2026-03-31T22:00:10","slug":"bcaa-811-tabs","status":"publish","type":"product","link":"https:\/\/www.selfprotein.com\/es\/producto\/bcaa-811-tabs\/","title":{"rendered":"BCAA 8:1:1 Tabs"},"content":{"rendered":"<p style=\"text-align: left;\" align=\"center\"><strong><span lang=\"en-US\">BCAA 8:1:1 Tabs<\/span><\/strong><\/p>\n<p><span lang=\"en-US\">Los BCAA, abreviatura de amino\u00e1cidos de cadena ramificada, incluyen tres amino\u00e1cidos esenciales: leucina, isoleucina y valina, con una proporci\u00f3n de 8:1:1. Estos componentes constituyen aproximadamente un tercio de las prote\u00ednas musculares del cuerpo humano y desempe\u00f1an un papel crucial en el crecimiento y la reparaci\u00f3n muscular. Los suplementos de BCAA en forma de pastillas son muy utilizados por atletas y entusiastas del fitness para mejorar el rendimiento y facilitar la recuperaci\u00f3n muscular despu\u00e9s del ejercicio.<\/span><\/p>\n<p><span lang=\"en-US\">Beneficios de BCAA 8:1:1 Comprimidos:<\/span><\/p>\n<ul>\n<li><strong><span lang=\"en-US\">Reducci\u00f3n de las agujetas<\/span><\/strong><span lang=\"en-US\"><strong>:<\/strong> Los comprimidos de BCAA pueden ayudar a reducir las agujetas despu\u00e9s del entrenamiento, lo que permite reanudar r\u00e1pidamente las actividades f\u00edsicas sin molestias excesivas.<\/span><\/li>\n<li><strong><span lang=\"en-US\">Minimizaci\u00f3n de la fatiga muscular:<\/span><\/strong><span lang=\"en-US\"> Al reducir la fatiga muscular durante el ejercicio, los comprimidos de BCAA favorecen una mayor resistencia, permitiendo sesiones de entrenamiento m\u00e1s largas e intensas.<\/span><\/li>\n<li><strong><span lang=\"en-US\">Estimulaci\u00f3n del crecimiento muscular<\/span><\/strong><span lang=\"en-US\"><strong>:<\/strong> Se sabe que los BCAA favorecen la s\u00edntesis de prote\u00ednas musculares, promoviendo el crecimiento y el mantenimiento de la masa muscular magra, un aspecto fundamental para quienes practican deporte y buscan resultados \u00f3ptimos.<\/span><\/li>\n<li><strong><span lang=\"en-US\">Mejora del rendimiento f\u00edsico:<\/span><\/strong><span lang=\"en-US\"> La integraci\u00f3n de los BCAA en la dieta puede conducir a una mejora general del rendimiento f\u00edsico, permitiendo a los deportistas alcanzar sus objetivos de forma m\u00e1s eficaz y satisfactoria.<\/span><\/li>\n<\/ul>\n<p>&nbsp;<\/p>\n<p><strong><span lang=\"en-US\">Uso recomendado<\/span><\/strong><\/p>\n<p><span lang=\"en-US\">1 dosis para tomar antes, durante o despu\u00e9s de la actividad f\u00edsica.<\/span><\/p>\n<p><strong>Aviso:<\/strong><\/p>\n<ul>\n<li>S\u00f3lo para adultos y no sustituye a una dieta variada y equilibrada ni a un estilo de vida saludable.<\/li>\n<li>No superar la dosis recomendada.<\/li>\n<li>Dosis diaria recomendada: 5 comprimidos.<\/li>\n<li>No lo utilice durante la lactancia ni en periodos de embarazo sin consultar al m\u00e9dico.<\/li>\n<li>Conservar el producto en un lugar fresco y seco, en un envase bien cerrado y fuera del alcance de los ni\u00f1os menores de 3 a\u00f1os.<\/li>\n<li>Puede contener trazas de leche, avena, huevo, soja.<\/li>\n<li>Sin Lactosa y Sin Gluten.<\/li>\n<\/ul>","protected":false},"excerpt":{"rendered":"<p>BCAA 8:1:1 Tabs Los BCAA, abreviatura de amino\u00e1cidos de cadena ramificada, incluyen tres amino\u00e1cidos esenciales: leucina, isoleucina y valina, con una proporci\u00f3n de 8:1:1. Estos componentes constituyen aproximadamente un tercio de las prote\u00ednas musculares del cuerpo humano y desempe\u00f1an un papel crucial en el crecimiento y la reparaci\u00f3n muscular. Los suplementos de BCAA en forma de pastillas son muy utilizados [...]<\/p>","protected":false},"featured_media":367,"template":"","meta":[],"product_cat":[151,311],"product_tag":[161,317],"class_list":{"0":"post-365","1":"product","2":"type-product","3":"status-publish","4":"has-post-thumbnail","6":"product_cat-amino-acids-creatine","7":"product_cat-recovery-and-regeneration","8":"product_tag-amino-acids-creatine","9":"product_tag-recovery-and-regeneration","11":"first","12":"instock","13":"taxable","14":"shipping-taxable","15":"purchasable","16":"product-type-variable"},"aioseo_notices":[],"_links":{"self":[{"href":"https:\/\/www.selfprotein.com\/es\/wp-json\/wp\/v2\/product\/365"}],"collection":[{"href":"https:\/\/www.selfprotein.com\/es\/wp-json\/wp\/v2\/product"}],"about":[{"href":"https:\/\/www.selfprotein.com\/es\/wp-json\/wp\/v2\/types\/product"}],"wp:featuredmedia":[{"embeddable":true,"href":"https:\/\/www.selfprotein.com\/es\/wp-json\/wp\/v2\/media\/367"}],"wp:attachment":[{"href":"https:\/\/www.selfprotein.com\/es\/wp-json\/wp\/v2\/media?parent=365"}],"wp:term":[{"taxonomy":"product_cat","embeddable":true,"href":"https:\/\/www.selfprotein.com\/es\/wp-json\/wp\/v2\/product_cat?post=365"},{"taxonomy":"product_tag","embeddable":true,"href":"https:\/\/www.selfprotein.com\/es\/wp-json\/wp\/v2\/product_tag?post=365"}],"curies":[{"name":"wp","href":"https:\/\/api.w.org\/{rel}","templated":true}]}}