{"id":371,"date":"2023-11-27T13:00:44","date_gmt":"2023-11-27T12:00:44","guid":{"rendered":"https:\/\/34.88.231.180\/product\/beta-carotene\/"},"modified":"2026-05-01T00:23:40","modified_gmt":"2026-04-30T22:23:40","slug":"beta-carotene","status":"publish","type":"product","link":"https:\/\/www.selfprotein.com\/es\/producto\/beta-carotene\/","title":{"rendered":"Beta Carotene"},"content":{"rendered":"<p style=\"text-align: left;\" align=\"center\"><strong><span lang=\"en-US\">Beta Carotene<\/span><\/strong><\/p>\n<p><span lang=\"en-US\">El betacaroteno es un potente antioxidante que protege al organismo de los da\u00f1os causados por los radicales libres al inhibir la oxidaci\u00f3n de otras mol\u00e9culas.<\/span><\/p>\n<p><span lang=\"en-US\">Por lo tanto, complementar la dieta con betacaroteno puede ayudar a mejorar la salud general y reducir el riesgo de numerosas enfermedades cr\u00f3nicas, al proporcionar al organismo un potente antioxidante y nutrientes esenciales.<\/span><\/p>\n<p><span lang=\"en-US\">\u00c9stos son los beneficios del betacaroteno:<\/span><\/p>\n<ul>\n<li><strong><span lang=\"en-US\">Antioxidante:<\/span><\/strong><span lang=\"en-US\"> El betacaroteno contrarresta la acci\u00f3n da\u00f1ina de los radicales libres en el organismo, ayudando a proteger las c\u00e9lulas y los tejidos de la oxidaci\u00f3n y el estr\u00e9s oxidativo.<\/span><\/li>\n<li><strong><span lang=\"en-US\">Salud de la piel:<\/span><\/strong><span lang=\"en-US\"> El consumo de betacaroteno puede mejorar la salud de la piel al reducir la incidencia de arrugas, signos de envejecimiento y da\u00f1os causados por los rayos UV.<\/span><\/li>\n<li><strong><span lang=\"en-US\">Salud ocular:<\/span><\/strong><span lang=\"en-US\"> El betacaroteno es un precursor de la vitamina A, importante para la visi\u00f3n. Puede ayudar a mantener la salud ocular y reducir el riesgo de trastornos oculares relacionados con la edad, como la degeneraci\u00f3n macular.<\/span><\/li>\n<li><strong><span lang=\"en-US\">Sistema inmunitario:<\/span><\/strong><span lang=\"en-US\"> Ayuda al sistema inmunitario favoreciendo la producci\u00f3n de c\u00e9lulas inmunitarias que combaten infecciones y enfermedades.<\/span><\/li>\n<li><strong><span lang=\"en-US\">Salud del coraz\u00f3n:<\/span><\/strong><span lang=\"en-US\"> El betacaroteno puede contribuir a proteger la salud del coraz\u00f3n reduciendo la inflamaci\u00f3n y el riesgo de enfermedades cardiovasculares.<\/span><\/li>\n<li><strong><span lang=\"en-US\">Salud pulmonar:<\/span><\/strong><span lang=\"en-US\"> Algunas investigaciones sugieren que el betacaroteno puede tener efectos protectores sobre las c\u00e9lulas pulmonares y reducir el riesgo de enfermedades pulmonares cr\u00f3nicas como el c\u00e1ncer de pulm\u00f3n.<\/span><\/li>\n<\/ul>\n<p>&nbsp;<\/p>\n<p><strong><span lang=\"en-US\">Uso recomendado<\/span><\/strong><\/p>\n<p><span lang=\"en-US\">Tomar 1 c\u00e1psula al d\u00eda.<\/span><\/p>\n<p><strong>Aviso:<\/strong><\/p>\n<ul>\n<li>S\u00f3lo para adultos y no sustituye a una dieta variada y equilibrada ni a un estilo de vida saludable.<\/li>\n<li>No superar la dosis recomendada.<\/li>\n<li>No lo utilice durante la lactancia ni en periodos de embarazo sin consultar al m\u00e9dico.<\/li>\n<li>Conservar el producto en un lugar fresco y seco, en un envase bien cerrado y fuera del alcance de los ni\u00f1os menores de 3 a\u00f1os.<\/li>\n<li>Sin Lactosa y Sin Gluten.<\/li>\n<\/ul>","protected":false},"excerpt":{"rendered":"<details>\n<summary>Ingredientes<\/summary>\n<table style=\"text-align: center;\">\n<tbody>\n<tr>\n<th>INGREDIENTES<\/th>\n<th>por 1cps<\/th>\n<\/tr>\n<tr>\n<td>Betacaroteno (Pro Vitamina A 1200\u03bcg 150%*)<\/td>\n<td>7,5 mg<\/td>\n<\/tr>\n<tr>\n<td colspan=\"2\"><strong>Otros ingredientes: <\/strong>antioxidante (E300), agentes estabilizadores (E460, veg. E470b), c\u00e1psula vegana (E1204)<\/td>\n<\/tr>\n<tr>\n<td colspan=\"2\">*% Valor diario de referencia de nutrientes (VRN)<\/td>\n<\/tr>\n<\/tbody>\n<\/table>\n<\/details>\n<p>&nbsp;<\/p>","protected":false},"featured_media":13880,"template":"","meta":[],"product_cat":[312,214],"product_tag":[314,258],"class_list":{"0":"post-371","1":"product","2":"type-product","3":"status-publish","4":"has-post-thumbnail","6":"product_cat-health-and-wellness","7":"product_cat-vitamins-wellness","8":"product_tag-health-and-wellness","9":"product_tag-vitamins-wellness","11":"first","12":"instock","13":"taxable","14":"shipping-taxable","15":"purchasable","16":"product-type-simple"},"aioseo_notices":[],"_links":{"self":[{"href":"https:\/\/www.selfprotein.com\/es\/wp-json\/wp\/v2\/product\/371"}],"collection":[{"href":"https:\/\/www.selfprotein.com\/es\/wp-json\/wp\/v2\/product"}],"about":[{"href":"https:\/\/www.selfprotein.com\/es\/wp-json\/wp\/v2\/types\/product"}],"wp:featuredmedia":[{"embeddable":true,"href":"https:\/\/www.selfprotein.com\/es\/wp-json\/wp\/v2\/media\/13880"}],"wp:attachment":[{"href":"https:\/\/www.selfprotein.com\/es\/wp-json\/wp\/v2\/media?parent=371"}],"wp:term":[{"taxonomy":"product_cat","embeddable":true,"href":"https:\/\/www.selfprotein.com\/es\/wp-json\/wp\/v2\/product_cat?post=371"},{"taxonomy":"product_tag","embeddable":true,"href":"https:\/\/www.selfprotein.com\/es\/wp-json\/wp\/v2\/product_tag?post=371"}],"curies":[{"name":"wp","href":"https:\/\/api.w.org\/{rel}","templated":true}]}}