{"id":374,"date":"2023-11-27T13:03:49","date_gmt":"2023-11-27T12:03:49","guid":{"rendered":"https:\/\/34.88.231.180\/product\/bromelain\/"},"modified":"2026-05-01T00:23:40","modified_gmt":"2026-04-30T22:23:40","slug":"bromelain","status":"publish","type":"product","link":"https:\/\/www.selfprotein.com\/es\/producto\/bromelain\/","title":{"rendered":"Bromelain"},"content":{"rendered":"<p style=\"text-align: left;\" align=\"center\"><strong><span lang=\"en-US\">Bromelain<\/span><\/strong><\/p>\n<p><span lang=\"en-US\">La bromelina, un grupo de enzimas extra\u00eddas del tallo y el fruto de la pi\u00f1a (Ananas comosus), es un tesoro natural que ha encontrado aplicaciones en la medicina tradicional durante siglos. Esta clase de enzimas, conocidas como proteasas, se encargan de descomponer las prote\u00ednas.<\/span><\/p>\n<p><span lang=\"en-US\">Algunos de los muchos beneficios de la bromelina para la salud humana incluyen:<\/span><\/p>\n<ul>\n<li><strong><span lang=\"en-US\">Ayuda digestiva:<\/span><\/strong><span lang=\"en-US\"> La bromelina es conocida por su capacidad para facilitar la digesti\u00f3n de las prote\u00ednas, descomponi\u00e9ndolas en p\u00e9ptidos y amino\u00e1cidos m\u00e1s peque\u00f1os. Esto puede ser muy beneficioso para las personas con problemas digestivos o que tienen dificultades para digerir las prote\u00ednas.<\/span><\/li>\n<li><strong><span lang=\"en-US\">Propiedades antiinflamatorias<\/span><\/strong><span lang=\"en-US\"><strong>:<\/strong> Otra caracter\u00edstica destacable de la bromela\u00edna es su capacidad antiinflamatoria. Varios estudios han demostrado que esta sustancia puede reducir significativamente la inflamaci\u00f3n y la hinchaz\u00f3n, proporcionando un valioso alivio en afecciones como la artrosis, la artritis reumatoide y las lesiones deportivas. Se cree que lo consigue reduciendo las mol\u00e9culas proinflamatorias del organismo.<\/span><\/li>\n<li><strong><span lang=\"en-US\">Alivio de la sinusitis:<\/span><\/strong><span lang=\"en-US\"> La bromelina ha demostrado ser un aliado eficaz para combatir los molestos s\u00edntomas de la sinusitis. Los estudios indican que puede ayudar a reducir la congesti\u00f3n nasal, mejorar la respiraci\u00f3n y reducir la producci\u00f3n excesiva de mucosidad, proporcionando as\u00ed alivio a quienes padecen esta afecci\u00f3n respiratoria.<\/span><\/li>\n<\/ul>\n<p>&nbsp;<\/p>\n<p><strong><span lang=\"en-US\">Uso recomendado<\/span><\/strong><\/p>\n<p><span lang=\"en-US\">Hasta un m\u00e1ximo de 3 c\u00e1psulas al d\u00eda.<\/span><\/p>\n<p><strong>Aviso:<\/strong><\/p>\n<ul>\n<li>S\u00f3lo para adultos y no sustituye a una dieta variada y equilibrada ni a un estilo de vida saludable.<\/li>\n<li>No superar la dosis recomendada.<\/li>\n<li>No lo utilice durante la lactancia ni en periodos de embarazo sin consultar al m\u00e9dico.<\/li>\n<li>Conservar el producto en un lugar fresco y seco, en un envase bien cerrado y fuera del alcance de los ni\u00f1os menores de 3 a\u00f1os.<\/li>\n<li>Puede contener trazas de avena, huevo y soja.<\/li>\n<li>Sin Lactosa y Sin Gluten.<\/li>\n<\/ul>","protected":false},"excerpt":{"rendered":"<details>\n<summary>Ingredientes<\/summary>\n<table style=\"text-align: center;\">\n<tbody>\n<tr>\n<th>Ingredientes<\/th>\n<th>por 3 cps<\/th>\n<\/tr>\n<tr>\n<td>Bromelina (1200 GDU\/g)(del tallo de Ananas comosus (L.) Merr.)<\/td>\n<td>1500 mg<\/td>\n<\/tr>\n<tr>\n<td colspan=\"3\"><strong>Otros ingredientes: <\/strong>agentes estabilizantes (E460, E470b, E551), c\u00e1psula vegana (E1204)<\/td>\n<\/tr>\n<\/tbody>\n<\/table>\n<\/details>\n<p>&nbsp;<\/p>","protected":false},"featured_media":375,"template":"","meta":[],"product_cat":[312,214],"product_tag":[314,258],"class_list":{"0":"post-374","1":"product","2":"type-product","3":"status-publish","4":"has-post-thumbnail","6":"product_cat-health-and-wellness","7":"product_cat-vitamins-wellness","8":"product_tag-health-and-wellness","9":"product_tag-vitamins-wellness","11":"first","12":"instock","13":"sale","14":"taxable","15":"shipping-taxable","16":"purchasable","17":"product-type-simple"},"aioseo_notices":[],"_links":{"self":[{"href":"https:\/\/www.selfprotein.com\/es\/wp-json\/wp\/v2\/product\/374"}],"collection":[{"href":"https:\/\/www.selfprotein.com\/es\/wp-json\/wp\/v2\/product"}],"about":[{"href":"https:\/\/www.selfprotein.com\/es\/wp-json\/wp\/v2\/types\/product"}],"wp:featuredmedia":[{"embeddable":true,"href":"https:\/\/www.selfprotein.com\/es\/wp-json\/wp\/v2\/media\/375"}],"wp:attachment":[{"href":"https:\/\/www.selfprotein.com\/es\/wp-json\/wp\/v2\/media?parent=374"}],"wp:term":[{"taxonomy":"product_cat","embeddable":true,"href":"https:\/\/www.selfprotein.com\/es\/wp-json\/wp\/v2\/product_cat?post=374"},{"taxonomy":"product_tag","embeddable":true,"href":"https:\/\/www.selfprotein.com\/es\/wp-json\/wp\/v2\/product_tag?post=374"}],"curies":[{"name":"wp","href":"https:\/\/api.w.org\/{rel}","templated":true}]}}