{"id":377,"date":"2023-11-27T13:03:53","date_gmt":"2023-11-27T12:03:53","guid":{"rendered":"https:\/\/34.88.231.180\/product\/caffeine\/"},"modified":"2026-04-01T00:00:09","modified_gmt":"2026-03-31T22:00:09","slug":"caffeine","status":"publish","type":"product","link":"https:\/\/www.selfprotein.com\/es\/producto\/caffeine\/","title":{"rendered":"Caffeine"},"content":{"rendered":"<p style=\"text-align: left;\" align=\"center\"><strong><span lang=\"en-US\">Caffeine<\/span><\/strong><\/p>\n<p><span lang=\"en-US\">Descubra los numerosos beneficios que la cafe\u00edna puede ofrecer a los deportistas y a quienes practican una actividad f\u00edsica regular. Este estimulante, consumido habitualmente en diversas formas como caf\u00e9, t\u00e9, bebidas energ\u00e9ticas y suplementos, ha demostrado ser un valioso aliado para mejorar el rendimiento deportivo.<\/span><\/p>\n<p><span lang=\"en-US\">Beneficios de la cafe\u00edna:<\/span><\/p>\n<ul>\n<li><strong><span lang=\"en-US\">Mejora de la resistencia:<\/span><\/strong><span lang=\"en-US\"> Se sabe que la cafe\u00edna aumenta la capacidad del organismo para utilizar la grasa como fuente de combustible durante el ejercicio, contribuyendo as\u00ed a mejorar el rendimiento de resistencia.<\/span><\/li>\n<li><strong><span lang=\"en-US\">Mayor concentraci\u00f3n y estado de alerta:<\/span><\/strong><span lang=\"en-US\"> Los efectos estimulantes de la cafe\u00edna pueden ayudar a los deportistas a mantener altos niveles de concentraci\u00f3n y alerta durante el entrenamiento y la competici\u00f3n, mejorando as\u00ed el rendimiento cognitivo.<\/span><\/li>\n<li><strong><span lang=\"en-US\">Reducci\u00f3n del dolor muscular:<\/span><\/strong><span lang=\"en-US\"> Gracias a sus propiedades analg\u00e9sicas, la cafe\u00edna puede ayudar a reducir el dolor muscular y las agujetas despu\u00e9s del ejercicio, lo que permite a los deportistas recuperarse m\u00e1s r\u00e1pidamente y afrontar las sesiones siguientes con menos molestias.<\/span><\/li>\n<li><strong><span lang=\"en-US\">Metabolismo reforzado:<\/span><\/strong><span lang=\"en-US\"> La cafe\u00edna es capaz de aumentar el metabolismo, favoreciendo as\u00ed la quema del exceso de calor\u00edas y apoyando potencialmente los esfuerzos de los deportistas por perder peso o mantener una composici\u00f3n corporal \u00f3ptima.<\/span><\/li>\n<\/ul>\n<p><\/p>\n<p><span lang=\"en-US\">Con la cafe\u00edna como parte de tu rutina pre-entrenamiento o de competici\u00f3n, puedes experimentar una serie de beneficios que pueden mejorar tu rendimiento y recuperaci\u00f3n, permiti\u00e9ndote alcanzar tus objetivos deportivos m\u00e1s f\u00e1cilmente.<\/span>\n<\/p>\n<p><strong><span lang=\"en-US\">Uso recomendado<\/span><\/strong><\/p>\n<p><span lang=\"en-US\">1 dosis 30-45 minutos antes del entrenamiento o durante periodos de fatiga f\u00edsica o mental.<\/span><\/p>\n<p><strong>Aviso:<\/strong><\/p>\n<ul>\n<li>S\u00f3lo para adultos y no sustituye a una dieta variada y equilibrada ni a un estilo de vida saludable.<\/li>\n<li>No superar la dosis recomendada.<\/li>\n<li>No lo utilice durante la lactancia ni en periodos de embarazo sin consultar al m\u00e9dico.<\/li>\n<li>Conservar el producto en un lugar fresco y seco, en un envase bien cerrado y fuera del alcance de los ni\u00f1os menores de 3 a\u00f1os.<\/li>\n<li>Puede contener trazas de leche, avena, huevo, soja.<\/li>\n<li>Sin Lactosa y Sin Gluten.<\/li>\n<\/ul>","protected":false},"excerpt":{"rendered":"<details>\n<summary>Ingredientes<\/summary>\n<table style=\"text-align: center;\">\n<tbody>\n<tr>\n<th>Ingredientes<\/th>\n<th>por porci\u00f3n 1 tableta<\/th>\n<\/tr>\n<tr>\n<td>Caffeine<\/td>\n<td>200 mg<\/td>\n<\/tr>\n<tr>\n<td colspan=\"3\"><strong>Otros ingredientes: <\/strong>estabilizantes (E953, E470b, E551, E460)<\/td>\n<\/tr>\n<\/tbody>\n<\/table>\n<\/details>\n<p>&nbsp;<\/p>","protected":false},"featured_media":378,"template":"","meta":[],"product_cat":[310,217],"product_tag":[315,163],"class_list":{"0":"post-377","1":"product","2":"type-product","3":"status-publish","4":"has-post-thumbnail","6":"product_cat-performance-and-endurance","7":"product_cat-pre-workout-energy","8":"product_tag-performance-and-endurance","9":"product_tag-weight-control-metabolism","11":"first","12":"instock","13":"taxable","14":"shipping-taxable","15":"purchasable","16":"product-type-simple"},"aioseo_notices":[],"_links":{"self":[{"href":"https:\/\/www.selfprotein.com\/es\/wp-json\/wp\/v2\/product\/377"}],"collection":[{"href":"https:\/\/www.selfprotein.com\/es\/wp-json\/wp\/v2\/product"}],"about":[{"href":"https:\/\/www.selfprotein.com\/es\/wp-json\/wp\/v2\/types\/product"}],"wp:featuredmedia":[{"embeddable":true,"href":"https:\/\/www.selfprotein.com\/es\/wp-json\/wp\/v2\/media\/378"}],"wp:attachment":[{"href":"https:\/\/www.selfprotein.com\/es\/wp-json\/wp\/v2\/media?parent=377"}],"wp:term":[{"taxonomy":"product_cat","embeddable":true,"href":"https:\/\/www.selfprotein.com\/es\/wp-json\/wp\/v2\/product_cat?post=377"},{"taxonomy":"product_tag","embeddable":true,"href":"https:\/\/www.selfprotein.com\/es\/wp-json\/wp\/v2\/product_tag?post=377"}],"curies":[{"name":"wp","href":"https:\/\/api.w.org\/{rel}","templated":true}]}}