{"id":380,"date":"2023-11-27T13:03:57","date_gmt":"2023-11-27T12:03:57","guid":{"rendered":"https:\/\/34.88.231.180\/product\/calcium-pyruvate\/"},"modified":"2026-04-01T00:00:09","modified_gmt":"2026-03-31T22:00:09","slug":"calcium-pyruvate","status":"publish","type":"product","link":"https:\/\/www.selfprotein.com\/es\/producto\/calcium-pyruvate\/","title":{"rendered":"Calcium Pyruvate"},"content":{"rendered":"<p style=\"text-align: left;\" align=\"center\"><strong><span lang=\"en-US\">Calcium Pyruvate<\/span><\/strong><\/p>\n<p><span lang=\"en-US\">El piruvato c\u00e1lcico es una forma de piruvato, un compuesto natural producido en el organismo como producto intermedio del metabolismo energ\u00e9tico. Los suplementos de piruvato c\u00e1lcico contienen esta sustancia en forma concentrada.<\/span><\/p>\n<p><span lang=\"en-US\">\u00c9stos son los beneficios potenciales de tomar piruvato c\u00e1lcico:<\/span><\/p>\n<ul>\n<li><strong><span lang=\"en-US\">Apoyo al metabolismo energ\u00e9tico:<\/span><\/strong><span lang=\"en-US\"> El piruvato c\u00e1lcico es una forma concentrada de piruvato, un compuesto natural que interviene en el metabolismo de los hidratos de carbono y las grasas. Contribuye a la producci\u00f3n de energ\u00eda en las c\u00e9lulas. Los suplementos de piruvato c\u00e1lcico pueden proporcionar un valioso apoyo al metabolismo energ\u00e9tico, ofreciendo energ\u00eda extra durante la actividad f\u00edsica y la recuperaci\u00f3n.<\/span><\/li>\n<li><strong><span lang=\"en-US\">Mejora potencial del rendimiento:<\/span><\/strong><span lang=\"en-US\"> Investigaciones recientes sugieren que la ingesta de piruvato c\u00e1lcico puede tener efectos positivos sobre el rendimiento f\u00edsico. Esto podr\u00eda traducirse en una mayor resistencia y vigor durante el ejercicio, lo que permitir\u00eda a los deportistas superar sus l\u00edmites.<\/span><\/li>\n<li><strong><span lang=\"en-US\">Posible efecto adelgazante:<\/span><\/strong><span lang=\"en-US\"> Algunos estudios han indicado que el piruvato c\u00e1lcico puede influir positivamente en la p\u00e9rdida de peso. Esto se produce a trav\u00e9s de un aumento del metabolismo y el fomento de la quema de grasas. Por lo tanto, los suplementos de piruvato c\u00e1lcico pueden ser \u00fatiles para quienes deseen alcanzar eficazmente sus objetivos de p\u00e9rdida de peso.<\/span><\/li>\n<\/ul>\n<p>&nbsp;<\/p>\n<p><span lang=\"en-US\">Es importante tener en cuenta que los efectos pueden variar de una persona a otra, por lo que siempre se recomienda consultar a un profesional sanitario antes de iniciar cualquier r\u00e9gimen de suplementaci\u00f3n.<\/span><\/p>\n<p><strong><span lang=\"en-US\">Uso recomendado<\/span><\/strong><\/p>\n<p><span lang=\"en-US\">M\u00e1ximo 3 c\u00e1psulas al d\u00eda.<\/span><\/p>\n<p><strong>Aviso:<\/strong><\/p>\n<ul>\n<li>S\u00f3lo para adultos y no sustituye a una dieta variada y equilibrada ni a un estilo de vida saludable.<\/li>\n<li>No superar la dosis recomendada.<\/li>\n<li>No lo utilice durante la lactancia ni en periodos de embarazo sin consultar al m\u00e9dico.<\/li>\n<li>Conservar el producto en un lugar fresco y seco, en un envase bien cerrado y fuera del alcance de los ni\u00f1os menores de 3 a\u00f1os.<\/li>\n<li>Puede contener trazas de avena, huevo y soja.<\/li>\n<li>Sin Lactosa y Sin Gluten.<\/li>\n<\/ul>","protected":false},"excerpt":{"rendered":"<details>\n<summary>Ingredientes<\/summary>\n<table style=\"text-align: center;\">\n<tbody>\n<tr>\n<th>Ingredientes<\/th>\n<th>por 3 cps<\/th>\n<th>%NRV*<\/th>\n<\/tr>\n<tr>\n<td>Calcium Pyruvate<\/td>\n<td>1800mg<\/td>\n<td><\/td>\n<\/tr>\n<tr>\n<td>de los cuales<\/td>\n<td><\/td>\n<td><\/td>\n<\/tr>\n<tr>\n<td>Calcio<\/td>\n<td>360 mg<\/td>\n<td>45<\/td>\n<\/tr>\n<tr>\n<td>Piruvato<\/td>\n<td>1440 mg<\/td>\n<td><\/td>\n<\/tr>\n<tr>\n<td colspan=\"3\"><strong>Otros ingredientes: <\/strong>agentes estabilizantes (E460, E470b) c\u00e1psula vegetal (E1204)<\/td>\n<\/tr>\n<tr>\n<td colspan=\"3\">*Valor de referencia nutricional<\/td>\n<\/tr>\n<\/tbody>\n<\/table>\n<\/details>\n<p>&nbsp;<\/p>","protected":false},"featured_media":381,"template":"","meta":[],"product_cat":[312,214],"product_tag":[314,258],"class_list":{"0":"post-380","1":"product","2":"type-product","3":"status-publish","4":"has-post-thumbnail","6":"product_cat-health-and-wellness","7":"product_cat-vitamins-wellness","8":"product_tag-health-and-wellness","9":"product_tag-vitamins-wellness","11":"first","12":"instock","13":"taxable","14":"shipping-taxable","15":"purchasable","16":"product-type-simple"},"aioseo_notices":[],"_links":{"self":[{"href":"https:\/\/www.selfprotein.com\/es\/wp-json\/wp\/v2\/product\/380"}],"collection":[{"href":"https:\/\/www.selfprotein.com\/es\/wp-json\/wp\/v2\/product"}],"about":[{"href":"https:\/\/www.selfprotein.com\/es\/wp-json\/wp\/v2\/types\/product"}],"wp:featuredmedia":[{"embeddable":true,"href":"https:\/\/www.selfprotein.com\/es\/wp-json\/wp\/v2\/media\/381"}],"wp:attachment":[{"href":"https:\/\/www.selfprotein.com\/es\/wp-json\/wp\/v2\/media?parent=380"}],"wp:term":[{"taxonomy":"product_cat","embeddable":true,"href":"https:\/\/www.selfprotein.com\/es\/wp-json\/wp\/v2\/product_cat?post=380"},{"taxonomy":"product_tag","embeddable":true,"href":"https:\/\/www.selfprotein.com\/es\/wp-json\/wp\/v2\/product_tag?post=380"}],"curies":[{"name":"wp","href":"https:\/\/api.w.org\/{rel}","templated":true}]}}