{"id":383,"date":"2023-11-27T13:04:01","date_gmt":"2023-11-27T12:04:01","guid":{"rendered":"https:\/\/34.88.231.180\/product\/carnitine\/"},"modified":"2026-05-01T00:23:40","modified_gmt":"2026-04-30T22:23:40","slug":"l-carnitine","status":"publish","type":"product","link":"https:\/\/www.selfprotein.com\/es\/producto\/l-carnitine\/","title":{"rendered":"L-Carnitine"},"content":{"rendered":"<p style=\"text-align: left;\" align=\"center\"><strong>L-Carnitine<\/strong><\/p>\n<p><span lang=\"en-US\">Explore el papel crucial de la L-carnitina, un amino\u00e1cido derivado esencial en el metabolismo de las grasas, que desempe\u00f1a un papel fundamental en el transporte de \u00e1cidos grasos a las mitocondrias, donde se convierten en energ\u00eda para el organismo. La L-carnitina, que se encuentra en la naturaleza y tambi\u00e9n puede obtenerse a partir de fuentes diet\u00e9ticas como la carne roja, el pescado y los l\u00e1cteos, se integra a trav\u00e9s de los alimentos o de suplementos ampliamente disponibles, utilizados con diversos fines, como mejorar el rendimiento deportivo, favorecer la p\u00e9rdida de peso y apoyar la funci\u00f3n cognitiva.<\/span><\/p>\n<p><span lang=\"en-US\">Beneficios de la suplementaci\u00f3n con L-carnitina:<\/span><\/p>\n<ul>\n<li><strong><span lang=\"en-US\">Mejora del rendimiento f\u00edsico<\/span><\/strong><span lang=\"en-US\"><strong>:<\/strong> La suplementaci\u00f3n con L-carnitina puede aumentar la resistencia y reducir la fatiga durante el ejercicio, optimizando el uso de las grasas como fuente de energ\u00eda y mejorando as\u00ed el rendimiento f\u00edsico.<\/span><\/li>\n<li><strong><span lang=\"en-US\">P\u00e9rdida de peso:<\/span><\/strong><span lang=\"en-US\"> Los suplementos de L-carnitina pueden estimular el metabolismo de las grasas y reducir el apetito, facilitando el proceso de p\u00e9rdida de peso y proporcionando una ayuda adicional para el control del peso corporal.<\/span><\/li>\n<li><strong><span lang=\"en-US\">Mejora de la funci\u00f3n cognitiva:<\/span><\/strong><span lang=\"en-US\"> La L-carnitina puede beneficiar la funci\u00f3n cerebral, ayudando a mejorar la concentraci\u00f3n y la memoria, especialmente en los adultos mayores, contribuyendo as\u00ed a mantener la agilidad mental.<\/span><\/li>\n<li><strong><span lang=\"en-US\">Mejora de la salud cardiaca:<\/span><\/strong><span lang=\"en-US\"> La suplementaci\u00f3n con L-carnitina puede mejorar la funci\u00f3n cardiaca y reducir el riesgo de enfermedades cardiovasculares, proporcionando un valioso apoyo a la salud general del coraz\u00f3n y del sistema circulatorio.<\/span><\/li>\n<\/ul>\n<p>&nbsp;<\/p>\n<p><strong><span lang=\"en-US\">Uso recomendado<\/span><\/strong><\/p>\n<p><span lang=\"en-US\">2 c\u00e1psulas durante el d\u00eda o 30-45 minutos antes del entrenamiento.<\/span><\/p>\n<p><strong>Aviso:<\/strong><\/p>\n<ul>\n<li>S\u00f3lo para adultos y no sustituye a una dieta variada y equilibrada ni a un estilo de vida saludable.<\/li>\n<li>No superar la dosis recomendada.<\/li>\n<li>No lo utilice durante la lactancia ni en periodos de embarazo sin consultar al m\u00e9dico.<\/li>\n<li>Conservar el producto en un lugar fresco y seco, en un envase bien cerrado y fuera del alcance de los ni\u00f1os menores de 3 a\u00f1os.<\/li>\n<li>Puede contener trazas de leche, avena, huevo, soja.<\/li>\n<li>Sin Lactosa y Sin Gluten.<\/li>\n<\/ul>","protected":false},"excerpt":{"rendered":"<details>\n<summary>Ingredientes<\/summary>\n<table style=\"text-align: center;\">\n<tbody>\n<tr>\n<th>Ingredientes<\/th>\n<th>por 2 cps<\/th>\n<\/tr>\n<tr>\n<td>L-Carnitina Tartrato<\/td>\n<td>1000 mg<\/td>\n<\/tr>\n<tr>\n<td colspan=\"2\"><strong>Otros ingredientes: <\/strong>agentes estabilizantes (E460, E470b, E551), c\u00e1psula vegana (E1204)<\/td>\n<\/tr>\n<\/tbody>\n<\/table>\n<\/details>\n<p>&nbsp;<\/p>","protected":false},"featured_media":384,"template":"","meta":[],"product_cat":[155,309],"product_tag":[163,319],"class_list":{"0":"post-383","1":"product","2":"type-product","3":"status-publish","4":"has-post-thumbnail","6":"product_cat-weight-control-metabolism","7":"product_cat-weight-management-and-definition","8":"product_tag-weight-control-metabolism","9":"product_tag-weight-management-and-definition","11":"first","12":"instock","13":"taxable","14":"shipping-taxable","15":"purchasable","16":"product-type-simple"},"aioseo_notices":[],"_links":{"self":[{"href":"https:\/\/www.selfprotein.com\/es\/wp-json\/wp\/v2\/product\/383"}],"collection":[{"href":"https:\/\/www.selfprotein.com\/es\/wp-json\/wp\/v2\/product"}],"about":[{"href":"https:\/\/www.selfprotein.com\/es\/wp-json\/wp\/v2\/types\/product"}],"wp:featuredmedia":[{"embeddable":true,"href":"https:\/\/www.selfprotein.com\/es\/wp-json\/wp\/v2\/media\/384"}],"wp:attachment":[{"href":"https:\/\/www.selfprotein.com\/es\/wp-json\/wp\/v2\/media?parent=383"}],"wp:term":[{"taxonomy":"product_cat","embeddable":true,"href":"https:\/\/www.selfprotein.com\/es\/wp-json\/wp\/v2\/product_cat?post=383"},{"taxonomy":"product_tag","embeddable":true,"href":"https:\/\/www.selfprotein.com\/es\/wp-json\/wp\/v2\/product_tag?post=383"}],"curies":[{"name":"wp","href":"https:\/\/api.w.org\/{rel}","templated":true}]}}