{"id":386,"date":"2023-11-27T13:04:05","date_gmt":"2023-11-27T12:04:05","guid":{"rendered":"https:\/\/34.88.231.180\/product\/carnitine-1000\/"},"modified":"2026-04-01T00:00:09","modified_gmt":"2026-03-31T22:00:09","slug":"l-carnitine-1000","status":"publish","type":"product","link":"https:\/\/www.selfprotein.com\/es\/producto\/l-carnitine-1000\/","title":{"rendered":"L-Carnitine 1000"},"content":{"rendered":"<p style=\"text-align: left;\" align=\"center\"><strong><span lang=\"en-US\">L-Carnitine 1000<\/span><\/strong><\/p>\n<p><span lang=\"en-US\">Descubra el papel fundamental de la L-carnitina, un derivado de amino\u00e1cido presente de forma natural en la naturaleza que interviene en el metabolismo de las grasas y en el transporte de \u00e1cidos grasos a las mitocondrias, donde se utilizan como fuente de energ\u00eda para el organismo. La L-carnitina, producida en peque\u00f1as cantidades por el organismo y presente en fuentes diet\u00e9ticas como la carne roja, el pescado y los l\u00e1cteos, tambi\u00e9n est\u00e1 ampliamente disponible en forma de suplementos, utilizados para mejorar el rendimiento f\u00edsico, favorecer la p\u00e9rdida de peso y apoyar la salud cognitiva.<\/span><\/p>\n<p><span lang=\"en-US\">Beneficios de la L-carnitina:<\/span><\/p>\n<ul>\n<li><strong><span lang=\"en-US\">Mejora del rendimiento f\u00edsico:<\/span><\/strong><span lang=\"en-US\"> Al integrar la L-carnitina en su dieta, puede experimentar un aumento de la resistencia y una reducci\u00f3n de la fatiga durante el ejercicio, ya que favorece la utilizaci\u00f3n de las grasas como fuente principal de energ\u00eda.<\/span><\/li>\n<li><strong><span lang=\"en-US\">P\u00e9rdida de peso:<\/span><\/strong><span lang=\"en-US\"> Los suplementos de L-carnitina pueden estimular el metabolismo de las grasas y reducir el apetito, apoyando as\u00ed los esfuerzos para perder peso y controlar el apetito.<\/span><\/li>\n<li><strong><span lang=\"en-US\">Mejora de la funci\u00f3n cognitiva:<\/span><\/strong><span lang=\"en-US\"> La L-carnitina puede ser beneficiosa para la salud cerebral al mejorar la funci\u00f3n cognitiva, especialmente en los adultos mayores, ayudando as\u00ed a mantener la mente aguda y activa.<\/span><\/li>\n<li><strong><span lang=\"en-US\">Mejora de la salud cardiaca:<\/span><\/strong><span lang=\"en-US\"> Integrar la L-carnitina en su dieta puede ayudar a mejorar la funci\u00f3n cardiaca y reducir el riesgo de enfermedades cardiovasculares, ofreciendo beneficios para la salud del coraz\u00f3n y del sistema circulatorio.<\/span><\/li>\n<\/ul>\n<p>&nbsp;<\/p>\n<p><span lang=\"en-US\">Con una variedad de formas disponibles, incluyendo c\u00e1psulas, tabletas y l\u00edquidos, los suplementos de L-carnitina ofrecen una manera conveniente de cosechar los numerosos beneficios que este amino\u00e1cido puede aportar a su salud y bienestar general.<\/span><\/p>\n<p><strong><span lang=\"en-US\">Uso recomendado<\/span><\/strong><\/p>\n<p><span lang=\"en-US\">1 comprimido durante el d\u00eda o 30-45 minutos antes del entrenamiento.<\/span><\/p>\n<p><strong>Aviso:<\/strong><\/p>\n<ul>\n<li>S\u00f3lo para adultos y no sustituye a una dieta variada y equilibrada ni a un estilo de vida saludable.<\/li>\n<li>No superar la dosis recomendada.<\/li>\n<li>No lo utilice durante la lactancia ni en periodos de embarazo sin consultar al m\u00e9dico.<\/li>\n<li>Conservar el producto en un lugar fresco y seco, en un envase bien cerrado y fuera del alcance de los ni\u00f1os menores de 3 a\u00f1os.<\/li>\n<li>Puede contener trazas de leche, avena, huevo, soja.<\/li>\n<li>Sin Lactosa y Sin Gluten.<\/li>\n<\/ul>","protected":false},"excerpt":{"rendered":"<details>\n<summary>Ingredientes<\/summary>\n<table style=\"text-align: center;\">\n<tbody>\n<tr>\n<th>Ingredientes<\/th>\n<th>por 1 tableta<\/th>\n<\/tr>\n<tr>\n<td>L-Carnitina Tartrato<\/td>\n<td>1000 mg<\/td>\n<\/tr>\n<tr>\n<td colspan=\"2\"><strong>Otros ingredientes: <\/strong>agentes estabilizadores (E460, E470b, E551)<\/td>\n<\/tr>\n<\/tbody>\n<\/table>\n<\/details>\n<p>&nbsp;<\/p>","protected":false},"featured_media":387,"template":"","meta":[],"product_cat":[155,309],"product_tag":[163,319],"class_list":{"0":"post-386","1":"product","2":"type-product","3":"status-publish","4":"has-post-thumbnail","6":"product_cat-weight-control-metabolism","7":"product_cat-weight-management-and-definition","8":"product_tag-weight-control-metabolism","9":"product_tag-weight-management-and-definition","11":"first","12":"instock","13":"taxable","14":"shipping-taxable","15":"purchasable","16":"product-type-simple"},"aioseo_notices":[],"_links":{"self":[{"href":"https:\/\/www.selfprotein.com\/es\/wp-json\/wp\/v2\/product\/386"}],"collection":[{"href":"https:\/\/www.selfprotein.com\/es\/wp-json\/wp\/v2\/product"}],"about":[{"href":"https:\/\/www.selfprotein.com\/es\/wp-json\/wp\/v2\/types\/product"}],"wp:featuredmedia":[{"embeddable":true,"href":"https:\/\/www.selfprotein.com\/es\/wp-json\/wp\/v2\/media\/387"}],"wp:attachment":[{"href":"https:\/\/www.selfprotein.com\/es\/wp-json\/wp\/v2\/media?parent=386"}],"wp:term":[{"taxonomy":"product_cat","embeddable":true,"href":"https:\/\/www.selfprotein.com\/es\/wp-json\/wp\/v2\/product_cat?post=386"},{"taxonomy":"product_tag","embeddable":true,"href":"https:\/\/www.selfprotein.com\/es\/wp-json\/wp\/v2\/product_tag?post=386"}],"curies":[{"name":"wp","href":"https:\/\/api.w.org\/{rel}","templated":true}]}}