{"id":389,"date":"2023-11-27T13:04:09","date_gmt":"2023-11-27T12:04:09","guid":{"rendered":"https:\/\/34.88.231.180\/product\/carnitine-liquid\/"},"modified":"2026-04-14T12:18:32","modified_gmt":"2026-04-14T10:18:32","slug":"carnitine-liquid","status":"publish","type":"product","link":"https:\/\/www.selfprotein.com\/es\/producto\/carnitine-liquid\/","title":{"rendered":"Carnitine Liquid"},"content":{"rendered":"<p style=\"text-align: left;\" align=\"center\"><strong><span lang=\"en-US\">Carnitine Liquid<\/span><\/strong><\/p>\n<p><span lang=\"en-US\">Explore el papel fundamental de la L-carnitina, un amino\u00e1cido derivado que interviene en el metabolismo de las grasas y el transporte de \u00e1cidos grasos a las mitocondrias, donde se utilizan como fuente de energ\u00eda para el organismo. La L-carnitina est\u00e1 disponible tanto a trav\u00e9s de fuentes diet\u00e9ticas como la carne roja, el pescado y los l\u00e1cteos, como a trav\u00e9s de suplementos, ampliamente utilizados para mejorar el rendimiento atl\u00e9tico, promover la p\u00e9rdida de peso y potenciar la funci\u00f3n cognitiva.<\/span><\/p>\n<p><span lang=\"en-US\">Beneficios de la L-carnitina l\u00edquida:<\/span><\/p>\n<ul>\n<li><strong><span lang=\"en-US\">R\u00e1pida absorci\u00f3n<\/span><\/strong><span lang=\"en-US\"><strong>:<\/strong> La forma l\u00edquida de la L-carnitina permite una absorci\u00f3n m\u00e1s r\u00e1pida en el cuerpo, permitiendo que los beneficios se manifiesten m\u00e1s r\u00e1pidamente en comparaci\u00f3n con otras formas de suplementos.<\/span><\/li>\n<li><strong><span lang=\"en-US\">Mayor biodisponibilidad:<\/span><\/strong><span lang=\"en-US\"> La L-carnitina l\u00edquida puede ofrecer una mayor biodisponibilidad en comparaci\u00f3n con las c\u00e1psulas o los comprimidos, garantizando que una mayor cantidad del compuesto llegue al sistema circulatorio para ser utilizado por el organismo.<\/span><\/li>\n<li><strong><span lang=\"en-US\">Flexibilidad de dosificaci\u00f3n:<\/span><\/strong><span lang=\"en-US\"> Con la L-carnitina l\u00edquida, es m\u00e1s f\u00e1cil ajustar la dosis en funci\u00f3n de las necesidades individuales, lo que permite un mayor control sobre la ingesta diaria del compuesto.<\/span><\/li>\n<li><strong><span lang=\"en-US\">Comodidad:<\/span><\/strong><span lang=\"en-US\"> La L-carnitina l\u00edquida puede mezclarse f\u00e1cilmente con bebidas o a\u00f1adirse a batidos, haciendo que la integraci\u00f3n en la rutina diaria sea m\u00e1s c\u00f3moda y agradable.<\/span><\/li>\n<li><strong><span lang=\"en-US\">Versatilidad:<\/span><\/strong><span lang=\"en-US\"> Gracias a su forma l\u00edquida, la L-carnitina puede mezclarse f\u00e1cilmente con otros suplementos o bebidas para conseguir un perfil nutricional completo y personalizado.<\/span><\/li>\n<\/ul>\n<p>&nbsp;<\/p>\n<p><span lang=\"en-US\">Con la L-carnitina l\u00edquida, puede experimentar todos los beneficios de este importante amino\u00e1cido de forma r\u00e1pida, eficaz y c\u00f3moda, apoyando su salud general y su bienestar f\u00edsico y mental.<\/span><\/p>\n<p><strong><span lang=\"en-US\">Uso recomendado<\/span><\/strong><\/p>\n<p><span lang=\"en-US\">1 dosis durante el d\u00eda o 30-45 minutos antes del entrenamiento.<\/span><\/p>\n<p><strong>Aviso:<\/strong><\/p>\n<ul>\n<li>S\u00f3lo para adultos y no sustituye a una dieta variada y equilibrada ni a un estilo de vida saludable.<\/li>\n<li>No superar la dosis recomendada.<\/li>\n<li>No lo utilice durante la lactancia ni en periodos de embarazo sin consultar al m\u00e9dico.<\/li>\n<li>Conservar el producto en un lugar fresco y seco, en un envase bien cerrado y fuera del alcance de los ni\u00f1os menores de 3 a\u00f1os.<\/li>\n<li>Puede contener trazas de leche, avena, huevo, soja.<\/li>\n<li>Sin Lactosa y Sin Gluten.<\/li>\n<\/ul>","protected":false},"excerpt":{"rendered":"<details>\n<summary>Ingredientes<\/summary>\n<table style=\"text-align: center;\">\n<tbody>\n<tr>\n<th>Ingredientes<\/th>\n<th>por 100 ml<\/th>\n<th>por porci\u00f3n 10ml<\/th>\n<\/tr>\n<tr>\n<td>L-Carnitine<\/td>\n<td>10000mg<\/td>\n<td>1000 mg<\/td>\n<\/tr>\n<tr>\n<td colspan=\"3\"><strong>Otros ingredientes: <\/strong>agua, regulador de la acidez (E330), conservantes (E211, E202), aromas, edulcorante (E955)<\/td>\n<\/tr>\n<\/tbody>\n<\/table>\n<\/details>\n<p>&nbsp;<\/p>","protected":false},"featured_media":390,"template":"","meta":[],"product_cat":[155,309],"product_tag":[163,319],"class_list":{"0":"post-389","1":"product","2":"type-product","3":"status-publish","4":"has-post-thumbnail","6":"product_cat-weight-control-metabolism","7":"product_cat-weight-management-and-definition","8":"product_tag-weight-control-metabolism","9":"product_tag-weight-management-and-definition","11":"first","12":"instock","13":"taxable","14":"shipping-taxable","15":"purchasable","16":"product-type-simple"},"aioseo_notices":[],"_links":{"self":[{"href":"https:\/\/www.selfprotein.com\/es\/wp-json\/wp\/v2\/product\/389"}],"collection":[{"href":"https:\/\/www.selfprotein.com\/es\/wp-json\/wp\/v2\/product"}],"about":[{"href":"https:\/\/www.selfprotein.com\/es\/wp-json\/wp\/v2\/types\/product"}],"wp:featuredmedia":[{"embeddable":true,"href":"https:\/\/www.selfprotein.com\/es\/wp-json\/wp\/v2\/media\/390"}],"wp:attachment":[{"href":"https:\/\/www.selfprotein.com\/es\/wp-json\/wp\/v2\/media?parent=389"}],"wp:term":[{"taxonomy":"product_cat","embeddable":true,"href":"https:\/\/www.selfprotein.com\/es\/wp-json\/wp\/v2\/product_cat?post=389"},{"taxonomy":"product_tag","embeddable":true,"href":"https:\/\/www.selfprotein.com\/es\/wp-json\/wp\/v2\/product_tag?post=389"}],"curies":[{"name":"wp","href":"https:\/\/api.w.org\/{rel}","templated":true}]}}