{"id":402,"date":"2023-11-27T13:04:34","date_gmt":"2023-11-27T12:04:34","guid":{"rendered":"https:\/\/34.88.231.180\/product\/cassien-slow-release\/"},"modified":"2026-05-01T00:23:42","modified_gmt":"2026-04-30T22:23:42","slug":"casein-slow-release","status":"publish","type":"product","link":"https:\/\/www.selfprotein.com\/es\/producto\/casein-slow-release\/","title":{"rendered":"Casein Slow Release"},"content":{"rendered":"<p><strong>Casein Slow Release<\/strong><\/p>\n<p><strong>La prote\u00edna que act\u00faa mientras duermes.<\/strong><\/p>\n<p>La case\u00edna micelar es una prote\u00edna completa derivada de la leche que destaca por su liberaci\u00f3n gradual de amino\u00e1cidos. Gracias a su particular estructura, forma un gel en el est\u00f3mago, ralentizando la digesti\u00f3n y garantizando un aporte constante de nutrientes a lo largo del tiempo. Es el aliado ideal para quienes desean optimizar la recuperaci\u00f3n muscular y mantener la masa muscular durante largos periodos de ayuno, como el sue\u00f1o.<\/p>\n<p><strong>Por qu\u00e9 te gustar\u00e1:<\/strong><\/p>\n<ul>\n<li><strong>Liberaci\u00f3n prolongada de nutrientes<\/strong>: garantiza un suministro constante de amino\u00e1cidos, optimizando la recuperaci\u00f3n y el crecimiento muscular a largo plazo.<\/li>\n<li><strong>Prote\u00edna completa<\/strong>contiene todos los amino\u00e1cidos esenciales para el mantenimiento de la masa muscular.<\/li>\n<li><strong>Perfecto para la noche<\/strong>ideal antes de dormir o entre las comidas principales para mantener un equilibrio proteico constante a lo largo del d\u00eda.<\/li>\n<li><strong>Fuente de calcio natural<\/strong>: \u00fatil para la salud \u00f3sea y la funci\u00f3n muscular.<\/li>\n<li><strong>Prolonga la saciedad<\/strong>: la digesti\u00f3n lenta ayuda a mantener una sensaci\u00f3n de saciedad, perfecta para quienes intentan definir o controlar su peso.<\/li>\n<\/ul>\n<p>&nbsp;<\/p>\n<p><strong>Dosis recomendada<\/strong><\/p>\n<p>Mezclar <strong>30 g<\/strong> (aproximadamente 1 cucharada) con <strong>300 ml de agua<\/strong> en una coctelera.<\/p>\n<p>Perfecto para la recuperaci\u00f3n nocturna, para mantener los m\u00fasculos en funcionamiento mientras descansas.<\/p>\n<p><strong>Aviso<\/strong><\/p>\n<ul>\n<li>S\u00f3lo para adultos.<\/li>\n<li>No sustituye a una dieta variada y equilibrada ni a un estilo de vida saludable.<\/li>\n<li>No superar la dosis recomendada.<\/li>\n<li>Consulte a su m\u00e9dico durante el embarazo o la lactancia.<\/li>\n<li>Conservar en lugar fresco y seco, protegido de la luz directa.<\/li>\n<li>Puede contener trazas de avena, huevos y soja.<\/li>\n<li><strong>Sin gluten<\/strong>.<\/li>\n<\/ul>\n<p>&nbsp;<\/p>\n<p><strong>Perfecto para: quienes buscan un aporte constante de prote\u00ednas durante la noche o en periodos prolongados de ayuno.<\/strong><\/p>","protected":false},"excerpt":{"rendered":"<p>Case\u00edna de liberaci\u00f3n lenta La prote\u00edna que act\u00faa mientras duermes. La case\u00edna micelar es una prote\u00edna completa derivada de la leche que destaca por su liberaci\u00f3n gradual de amino\u00e1cidos. Gracias a su particular estructura, forma un gel en el est\u00f3mago, ralentizando la digesti\u00f3n y garantizando un aporte constante de nutrientes a lo largo del tiempo. Es la [...]<\/p>","protected":false},"featured_media":404,"template":"","meta":[],"product_cat":[158,311],"product_tag":[18,317],"class_list":{"0":"post-402","1":"product","2":"type-product","3":"status-publish","4":"has-post-thumbnail","6":"product_cat-proteins","7":"product_cat-recovery-and-regeneration","8":"product_tag-proteins","9":"product_tag-recovery-and-regeneration","11":"first","12":"instock","13":"taxable","14":"shipping-taxable","15":"purchasable","16":"product-type-variable"},"aioseo_notices":[],"_links":{"self":[{"href":"https:\/\/www.selfprotein.com\/es\/wp-json\/wp\/v2\/product\/402"}],"collection":[{"href":"https:\/\/www.selfprotein.com\/es\/wp-json\/wp\/v2\/product"}],"about":[{"href":"https:\/\/www.selfprotein.com\/es\/wp-json\/wp\/v2\/types\/product"}],"wp:featuredmedia":[{"embeddable":true,"href":"https:\/\/www.selfprotein.com\/es\/wp-json\/wp\/v2\/media\/404"}],"wp:attachment":[{"href":"https:\/\/www.selfprotein.com\/es\/wp-json\/wp\/v2\/media?parent=402"}],"wp:term":[{"taxonomy":"product_cat","embeddable":true,"href":"https:\/\/www.selfprotein.com\/es\/wp-json\/wp\/v2\/product_cat?post=402"},{"taxonomy":"product_tag","embeddable":true,"href":"https:\/\/www.selfprotein.com\/es\/wp-json\/wp\/v2\/product_tag?post=402"}],"curies":[{"name":"wp","href":"https:\/\/api.w.org\/{rel}","templated":true}]}}