{"id":408,"date":"2023-11-27T13:04:46","date_gmt":"2023-11-27T12:04:46","guid":{"rendered":"https:\/\/34.88.231.180\/product\/cdz-vitamin-c-d-and-zinc\/"},"modified":"2026-04-01T00:00:09","modified_gmt":"2026-03-31T22:00:09","slug":"cdz-vitamin-c-d-zinc","status":"publish","type":"product","link":"https:\/\/www.selfprotein.com\/es\/producto\/cdz-vitamin-c-d-zinc\/","title":{"rendered":"CDZ \u2013 Vitamin C-D-Zinc"},"content":{"rendered":"<p style=\"text-align: left\" align=\"center\"><strong><span lang=\"en-US\">CDZ Vitamina C, D y Zinc<\/span><\/strong><\/p>\n<p><span lang=\"en-US\">La vitamina C, la vitamina D y el zinc son nutrientes cruciales para promover la salud y el bienestar general del cuerpo humano. Cada uno de estos nutrientes desempe\u00f1a un papel fundamental en diversas funciones corporales, contribuyendo a la salud \u00f3sea, la funci\u00f3n del sistema inmunitario y la protecci\u00f3n antioxidante. Aunque cada nutriente tiene sus funciones espec\u00edficas en el organismo, act\u00faan de forma sin\u00e9rgica para optimizar la salud y el bienestar generales.<\/span><\/p>\n<p><span lang=\"en-US\">Ventajas del producto:<\/span><\/p>\n<ul>\n<li><strong><span lang=\"en-US\">Vitamina C (\u00e1cido asc\u00f3rbico):<\/span><\/strong><\/li>\n<\/ul>\n<p><span lang=\"en-US\">- Favorece la producci\u00f3n de col\u00e1geno, esencial para la salud de la piel y las articulaciones.<\/span><br \/>\n<span lang=\"en-US\">- Favorece el funcionamiento del sistema inmunitario, ayudando a combatir infecciones y enfermedades estacionales.<\/span><br \/>\n<span lang=\"en-US\">- Proporciona protecci\u00f3n antioxidante, ayudando a combatir los da\u00f1os causados por los radicales libres en el organismo.<\/span><\/p>\n<ul>\n<li><strong><span lang=\"en-US\">Vitamina D (\"vitamina del sol\"):<\/span><\/strong><\/li>\n<\/ul>\n<p><span lang=\"en-US\">- Esencial para la salud \u00f3sea, ayuda a la absorci\u00f3n del calcio en el organismo.<\/span><br \/>\n<span lang=\"en-US\">- Contribuye a mantener la salud del sistema inmunitario, ayudando a prevenir infecciones y favoreciendo la respuesta inmunitaria.<\/span><br \/>\n<span lang=\"en-US\">- Puede desempe\u00f1ar un papel en la regulaci\u00f3n del estado de \u00e1nimo y la prevenci\u00f3n de la depresi\u00f3n.<\/span><\/p>\n<ul>\n<li><strong><span lang=\"en-US\">Zinc<\/span><span lang=\"en-US\">:<\/span><\/strong><\/li>\n<\/ul>\n<p><span lang=\"en-US\">- Favorece el funcionamiento del sistema inmunitario, ayudando al organismo a defenderse de infecciones y enfermedades.<\/span><br \/>\n<span lang=\"en-US\">- Favorece la cicatrizaci\u00f3n de las heridas, ayudando al organismo a reparar y regenerar los tejidos da\u00f1ados.<\/span><br \/>\n<span lang=\"en-US\">- Esencial para el crecimiento y la divisi\u00f3n celular, contribuye al correcto desarrollo y mantenimiento de los tejidos corporales.<\/span><\/p>\n<p><span lang=\"en-US\">Garantizar una ingesta adecuada de vitamina C, vitamina D y zinc a trav\u00e9s de una dieta equilibrada es crucial para mantener la salud en general y prevenir carencias que podr\u00edan provocar problemas de salud. Si es necesario, se puede considerar la suplementaci\u00f3n con estos nutrientes para garantizar una ingesta adecuada.<\/span><\/p>\n<p><strong><span lang=\"en-US\">Uso recomendado<\/span><\/strong><\/p>\n<p><span lang=\"en-US\">Una dosis (20 ml) al d\u00eda.<\/span><\/p>\n<p><strong>Aviso:<\/strong><\/p>\n<ul>\n<li>S\u00f3lo para adultos y no sustituye a una dieta variada y equilibrada ni a un estilo de vida saludable.<\/li>\n<li>No superar la dosis recomendada.<\/li>\n<li>No lo utilice durante la lactancia ni en periodos de embarazo sin consultar al m\u00e9dico.<\/li>\n<li>Conservar el producto en un lugar fresco y seco, en un envase bien cerrado y fuera del alcance de los ni\u00f1os menores de 3 a\u00f1os.<\/li>\n<li>Puede contener trazas de avena, leche, huevo, soja.<\/li>\n<li>Sin Lactosa y Sin Gluten.<\/li>\n<\/ul>","protected":false},"excerpt":{"rendered":"<details>\n<summary>Ingredientes<\/summary>\n<table style=\"text-align: center\">\n<tbody>\n<tr>\n<th>Ingredientes<\/th>\n<th>100 ml<\/th>\n<th>por raci\u00f3n<br \/>\n20 ml<\/th>\n<th>%NRV*<br \/>\npor raci\u00f3n<\/th>\n<\/tr>\n<tr>\n<td>Vitamina C<\/td>\n<td>25000mg<\/td>\n<td>1000 mg<\/td>\n<td>1250<\/td>\n<\/tr>\n<tr>\n<td>Vitamin D<\/td>\n<td>1250\u03bcg<\/td>\n<td>50\u03bcg (2000ie)<\/td>\n<td>1000<\/td>\n<\/tr>\n<tr>\n<td>Zinc<\/td>\n<td>250 mg<\/td>\n<td>10 mg<\/td>\n<td>100<\/td>\n<\/tr>\n<tr>\n<td colspan=\"4\"><strong>Otros ingredientes: <\/strong>agua, ascorbato c\u00e1lcico, \u00e1cido L-asc\u00f3rbico, zinc (citrato), vitamina d (colecalciferol), conservantes (E211, E202), aromas, edulcorante (E995)<\/td>\n<\/tr>\n<tr>\n<td colspan=\"4\"><strong>*%NRV <\/strong>valor de referencia nutricional<\/td>\n<\/tr>\n<\/tbody>\n<\/table>\n<\/details>\n<p>&nbsp;<\/p>","protected":false},"featured_media":409,"template":"","meta":[],"product_cat":[214],"product_tag":[258],"class_list":{"0":"post-408","1":"product","2":"type-product","3":"status-publish","4":"has-post-thumbnail","6":"product_cat-vitamins-wellness","7":"product_tag-vitamins-wellness","9":"first","10":"instock","11":"taxable","12":"shipping-taxable","13":"purchasable","14":"product-type-simple"},"aioseo_notices":[],"_links":{"self":[{"href":"https:\/\/www.selfprotein.com\/es\/wp-json\/wp\/v2\/product\/408"}],"collection":[{"href":"https:\/\/www.selfprotein.com\/es\/wp-json\/wp\/v2\/product"}],"about":[{"href":"https:\/\/www.selfprotein.com\/es\/wp-json\/wp\/v2\/types\/product"}],"wp:featuredmedia":[{"embeddable":true,"href":"https:\/\/www.selfprotein.com\/es\/wp-json\/wp\/v2\/media\/409"}],"wp:attachment":[{"href":"https:\/\/www.selfprotein.com\/es\/wp-json\/wp\/v2\/media?parent=408"}],"wp:term":[{"taxonomy":"product_cat","embeddable":true,"href":"https:\/\/www.selfprotein.com\/es\/wp-json\/wp\/v2\/product_cat?post=408"},{"taxonomy":"product_tag","embeddable":true,"href":"https:\/\/www.selfprotein.com\/es\/wp-json\/wp\/v2\/product_tag?post=408"}],"curies":[{"name":"wp","href":"https:\/\/api.w.org\/{rel}","templated":true}]}}