{"id":414,"date":"2023-11-27T13:04:54","date_gmt":"2023-11-27T12:04:54","guid":{"rendered":"https:\/\/34.88.231.180\/product\/citrulline-malate\/"},"modified":"2026-04-09T11:52:46","modified_gmt":"2026-04-09T09:52:46","slug":"citrulline-malate","status":"publish","type":"product","link":"https:\/\/www.selfprotein.com\/es\/producto\/citrulline-malate\/","title":{"rendered":"Citrulline Malate"},"content":{"rendered":"<p style=\"text-align: left;\" align=\"center\"><strong><span lang=\"en-US\">Citrulline Malate<\/span><\/strong><\/p>\n<p><span lang=\"en-US\">El malato de citrulina es una combinaci\u00f3n del amino\u00e1cido citrulina y la sal org\u00e1nica de \u00e1cido m\u00e1lico. Este suplemento diet\u00e9tico se utiliza ampliamente para optimizar el rendimiento f\u00edsico y aliviar la fatiga muscular, especialmente durante ejercicios de alta intensidad. Su formulaci\u00f3n en polvo permite una f\u00e1cil dosificaci\u00f3n y una r\u00e1pida absorci\u00f3n en el organismo.<\/span><\/p>\n<p><span lang=\"en-US\">Beneficios de la Citrulina Malato:<\/span><\/p>\n<ul>\n<li><strong><span lang=\"en-US\">Comodidad de consumo<\/span><\/strong><span lang=\"en-US\"><strong>:<\/strong> La forma en polvo del malato de citrulina hace que la suplementaci\u00f3n con el producto sea extremadamente c\u00f3moda, ya que permite mezclarlo r\u00e1pidamente en las bebidas, facilitando as\u00ed la ingesta durante las rutinas diarias o antes de la actividad f\u00edsica.<\/span><\/li>\n<li><strong><span lang=\"en-US\">Mejora del rendimiento f\u00edsico:<\/span><\/strong><span lang=\"en-US\"> Tomar citrulina malato en polvo puede favorecer un mayor rendimiento durante la actividad f\u00edsica intensa, gracias a su supuesto efecto en la mejora del flujo sangu\u00edneo y la producci\u00f3n de \u00f3xido n\u00edtrico, que puede aumentar la resistencia y la fuerza muscular.<\/span><\/li>\n<li><strong><span lang=\"en-US\">Reducci\u00f3n de la fatiga muscular:<\/span><\/strong><span lang=\"en-US\"> Las personas que consumen citrulina malato en polvo pueden experimentar una reducci\u00f3n de la fatiga muscular durante y despu\u00e9s del ejercicio, lo que permite una recuperaci\u00f3n m\u00e1s r\u00e1pida y una mayor capacidad para mantener entrenamientos intensos.<\/span><\/li>\n<li><strong><span lang=\"en-US\">R\u00e1pida absorci\u00f3n:<\/span><\/strong><span lang=\"en-US\"> La forma en polvo permite una r\u00e1pida absorci\u00f3n del malato de citrulina en el organismo, lo que permite una acci\u00f3n m\u00e1s oportuna de sus efectos beneficiosos sobre el flujo sangu\u00edneo y la circulaci\u00f3n.<\/span><\/li>\n<li><strong><span lang=\"en-US\">Adaptabilidad al uso personal<\/span><\/strong><span lang=\"en-US\"><strong>:<\/strong> La posibilidad de ajustar la dosis de citrulina malato en polvo permite a las personas adaptar la ingesta a sus necesidades espec\u00edficas, lo que permite un control m\u00e1s preciso de los efectos deseados.<\/span><\/li>\n<\/ul>\n<p>&nbsp;<\/p>\n<p><strong><span lang=\"en-US\">Uso recomendado<\/span><\/strong><\/p>\n<p><span lang=\"en-US\">Tomar 1 dosis aproximadamente 30-45 minutos antes del entrenamiento.<\/span><\/p>\n<p><strong>Aviso:<\/strong><\/p>\n<ul>\n<li>S\u00f3lo para adultos y no sustituye a una dieta variada y equilibrada ni a un estilo de vida saludable.<\/li>\n<li>No superar la dosis recomendada.<\/li>\n<li>No lo utilice durante la lactancia ni en periodos de embarazo sin consultar al m\u00e9dico.<\/li>\n<li>Conservar el producto en un lugar fresco y seco, en un envase bien cerrado y fuera del alcance de los ni\u00f1os menores de 3 a\u00f1os.<\/li>\n<li>Puede contener trazas de leche, avena, huevo y soja.<\/li>\n<li>Sin Lactosa y Sin Gluten.<\/li>\n<\/ul>","protected":false},"excerpt":{"rendered":"<details>\n<summary>Ingredientes<\/summary>\n<table style=\"text-align: center;\">\n<tbody>\n<tr>\n<th>Ingredientes<\/th>\n<th>por raci\u00f3n<\/th>\n<\/tr>\n<tr>\n<td>Citrulline Malate<\/td>\n<td>3g<\/td>\n<\/tr>\n<tr>\n<td colspan=\"2\"><strong>Otros ingredientes: <\/strong>estabilizante (E953), antiaglomerante (E551), antioxidante (E341), emulsionante (E470b)<\/td>\n<\/tr>\n<\/tbody>\n<\/table>\n<\/details>\n<p>&nbsp;<\/p>","protected":false},"featured_media":416,"template":"","meta":[],"product_cat":[310,217],"product_tag":[315,230],"class_list":{"0":"post-414","1":"product","2":"type-product","3":"status-publish","4":"has-post-thumbnail","6":"product_cat-performance-and-endurance","7":"product_cat-pre-workout-energy","8":"product_tag-performance-and-endurance","9":"product_tag-pre-workout-energy","11":"first","12":"instock","13":"sale","14":"taxable","15":"shipping-taxable","16":"purchasable","17":"product-type-simple"},"aioseo_notices":[],"_links":{"self":[{"href":"https:\/\/www.selfprotein.com\/es\/wp-json\/wp\/v2\/product\/414"}],"collection":[{"href":"https:\/\/www.selfprotein.com\/es\/wp-json\/wp\/v2\/product"}],"about":[{"href":"https:\/\/www.selfprotein.com\/es\/wp-json\/wp\/v2\/types\/product"}],"wp:featuredmedia":[{"embeddable":true,"href":"https:\/\/www.selfprotein.com\/es\/wp-json\/wp\/v2\/media\/416"}],"wp:attachment":[{"href":"https:\/\/www.selfprotein.com\/es\/wp-json\/wp\/v2\/media?parent=414"}],"wp:term":[{"taxonomy":"product_cat","embeddable":true,"href":"https:\/\/www.selfprotein.com\/es\/wp-json\/wp\/v2\/product_cat?post=414"},{"taxonomy":"product_tag","embeddable":true,"href":"https:\/\/www.selfprotein.com\/es\/wp-json\/wp\/v2\/product_tag?post=414"}],"curies":[{"name":"wp","href":"https:\/\/api.w.org\/{rel}","templated":true}]}}