{"id":419,"date":"2023-11-27T13:05:14","date_gmt":"2023-11-27T12:05:14","guid":{"rendered":"https:\/\/34.88.231.180\/product\/cla\/"},"modified":"2026-05-01T00:23:42","modified_gmt":"2026-04-30T22:23:42","slug":"cla","status":"publish","type":"product","link":"https:\/\/www.selfprotein.com\/es\/producto\/cla\/","title":{"rendered":"CLA Conjugated Linoleic Acid"},"content":{"rendered":"<p style=\"text-align: left;\" align=\"center\"><strong><span lang=\"en-US\">CLA<\/span><\/strong><\/p>\n<p><span lang=\"en-US\">El \u00e1cido linoleico conjugado (CLA) es una grasa poliinsaturada que ha despertado inter\u00e9s como suplemento para la p\u00e9rdida de peso, pero que tambi\u00e9n presenta beneficios potenciales para los deportistas.<\/span><\/p>\n<p><span lang=\"en-US\">La incorporaci\u00f3n del CLA como parte de una estrategia nutricional integral puede ofrecer a los deportistas una ventaja adicional para alcanzar sus objetivos de rendimiento y bienestar general. Sin embargo, es importante consultar a un profesional sanitario antes de integrar cualquier nuevo suplemento en la dieta.<\/span><\/p>\n<p><span lang=\"en-US\">\u00c9stos son algunos de los beneficios que el CLA puede ofrecer al rendimiento deportivo:<\/span><\/p>\n<ul>\n<li><strong><span lang=\"en-US\">Reducci\u00f3n de la grasa corporal:<\/span><\/strong><span lang=\"en-US\"> El CLA puede ayudar a reducir la grasa corporal, lo que resulta especialmente ventajoso para los atletas que necesitan mantener una composici\u00f3n corporal magra para optimizar su rendimiento deportivo.<\/span><\/li>\n<li><strong><span lang=\"en-US\">Ayuda al crecimiento muscular:<\/span><\/strong><span lang=\"en-US\"> El CLA puede favorecer el crecimiento muscular, un aspecto crucial para los atletas que buscan mejorar su fuerza, resistencia y potencia.<\/span><\/li>\n<li><strong><span lang=\"en-US\">Mejora de la funci\u00f3n inmunitaria:<\/span><\/strong><span lang=\"en-US\"> El CLA puede mejorar la funci\u00f3n inmunitaria, ofreciendo a los deportistas una mayor protecci\u00f3n contra las infecciones, sobre todo teniendo en cuenta los riesgos asociados a los altos niveles de actividad f\u00edsica.<\/span><\/li>\n<li><strong><span lang=\"en-US\">Reducci\u00f3n de la inflamaci\u00f3n:<\/span><\/strong><span lang=\"en-US\"> Gracias a sus propiedades antiinflamatorias, el CLA puede ayudar a reducir la inflamaci\u00f3n y las agujetas causadas por el ejercicio f\u00edsico intenso, lo que permite a los deportistas recuperarse m\u00e1s r\u00e1pidamente y mantener un alto rendimiento a largo plazo.<\/span><\/li>\n<\/ul>\n<p>&nbsp;<\/p>\n<p><strong><span lang=\"en-US\">Uso recomendado<\/span><\/strong><\/p>\n<p><span lang=\"en-US\">Tomar 3 c\u00e1psulas a lo largo del d\u00eda<\/span><\/p>\n<p><strong>Aviso:<\/strong><\/p>\n<ul>\n<li>S\u00f3lo para adultos y no sustituye a una dieta variada y equilibrada ni a un estilo de vida saludable.<\/li>\n<li>No superar la dosis recomendada.<\/li>\n<li>No lo utilice durante la lactancia ni en periodos de embarazo sin consultar al m\u00e9dico.<\/li>\n<li>Conservar el producto en un lugar fresco y seco, en un envase bien cerrado y fuera del alcance de los ni\u00f1os menores de 3 a\u00f1os.<\/li>\n<li>Puede contener trazas de leche, avena, huevo, soja.<\/li>\n<li>Sin Lactosa y Sin Gluten.<\/li>\n<\/ul>","protected":false},"excerpt":{"rendered":"<details>\n<summary>Ingredientes<\/summary>\n<table style=\"text-align: center;\">\n<tbody>\n<tr>\n<th>Ingredientes<\/th>\n<th>por 3 tapas<\/th>\n<\/tr>\n<tr>\n<td>CLA - \u00c1cido linoleico conjugado<\/td>\n<td>3000 mg<\/td>\n<\/tr>\n<tr>\n<td>(aceite de semillas de c\u00e1rtamo)<\/td>\n<td><\/td>\n<\/tr>\n<tr>\n<td colspan=\"2\"><strong>Otros ingredientes: <\/strong>c\u00e1psula de gelatina blanda (gelatina bovina), glicerina, agua purificada<\/td>\n<\/tr>\n<\/tbody>\n<\/table>\n<\/details>\n<p>&nbsp;<\/p>","protected":false},"featured_media":7141,"template":"","meta":[],"product_cat":[155,309],"product_tag":[163,319],"class_list":{"0":"post-419","1":"product","2":"type-product","3":"status-publish","4":"has-post-thumbnail","6":"product_cat-weight-control-metabolism","7":"product_cat-weight-management-and-definition","8":"product_tag-weight-control-metabolism","9":"product_tag-weight-management-and-definition","11":"first","12":"instock","13":"taxable","14":"shipping-taxable","15":"purchasable","16":"product-type-simple"},"aioseo_notices":[],"_links":{"self":[{"href":"https:\/\/www.selfprotein.com\/es\/wp-json\/wp\/v2\/product\/419"}],"collection":[{"href":"https:\/\/www.selfprotein.com\/es\/wp-json\/wp\/v2\/product"}],"about":[{"href":"https:\/\/www.selfprotein.com\/es\/wp-json\/wp\/v2\/types\/product"}],"wp:featuredmedia":[{"embeddable":true,"href":"https:\/\/www.selfprotein.com\/es\/wp-json\/wp\/v2\/media\/7141"}],"wp:attachment":[{"href":"https:\/\/www.selfprotein.com\/es\/wp-json\/wp\/v2\/media?parent=419"}],"wp:term":[{"taxonomy":"product_cat","embeddable":true,"href":"https:\/\/www.selfprotein.com\/es\/wp-json\/wp\/v2\/product_cat?post=419"},{"taxonomy":"product_tag","embeddable":true,"href":"https:\/\/www.selfprotein.com\/es\/wp-json\/wp\/v2\/product_tag?post=419"}],"curies":[{"name":"wp","href":"https:\/\/api.w.org\/{rel}","templated":true}]}}