{"id":430,"date":"2023-11-27T13:05:33","date_gmt":"2023-11-27T12:05:33","guid":{"rendered":"https:\/\/34.88.231.180\/product\/collagen-powder\/"},"modified":"2026-04-01T00:00:14","modified_gmt":"2026-03-31T22:00:14","slug":"collagen-powder","status":"publish","type":"product","link":"https:\/\/www.selfprotein.com\/es\/producto\/collagen-powder\/","title":{"rendered":"Collagen Powder"},"content":{"rendered":"<p style=\"text-align: left;\" align=\"center\"><strong><span lang=\"en-US\">Collagen Powder<\/span><\/strong><\/p>\n<p><span lang=\"en-US\">El col\u00e1geno, una prote\u00edna fundamental que se encuentra en tejidos conectivos como la piel, los tendones, los ligamentos y los cart\u00edlagos, forma la estructura de soporte del cuerpo, proporcionando fuerza y resistencia a los tejidos. Compuesta principalmente de amino\u00e1cidos como la glicina, la prolina y la hidroxiprolina, esta prote\u00edna es esencial para mantener la salud y la integridad de los tejidos conjuntivos. Sin embargo, a medida que avanza la edad, la producci\u00f3n de col\u00e1geno disminuye, lo que provoca una serie de cambios fisiol\u00f3gicos, como la p\u00e9rdida de elasticidad de la piel y dolores articulares. Los suplementos de col\u00e1geno son muy publicitados por sus posibles beneficios para la salud, como la mejora del aspecto de la piel, la salud de las articulaciones y la salud intestinal.<\/span><\/p>\n<p><span lang=\"en-US\">Beneficios de los suplementos de col\u00e1geno:<\/span><\/p>\n<ul>\n<li><strong><span lang=\"en-US\">I<\/span><span lang=\"en-US\">Mejora de la elasticidad de la piel: <\/span><\/strong><span lang=\"en-US\">Los suplementos de col\u00e1geno pueden ayudar a mantener la elasticidad de la piel, reduciendo la aparici\u00f3n de arrugas y la p\u00e9rdida de tono, lo que favorece un aspecto m\u00e1s joven y luminoso.<\/span><\/li>\n<li><strong><span lang=\"en-US\">Mejora la salud de las articulaciones:<\/span><\/strong><span lang=\"en-US\"> Los suplementos de col\u00e1geno pueden contribuir a la salud de las articulaciones proporcion\u00e1ndoles la estructura y lubricaci\u00f3n necesarias para un funcionamiento \u00f3ptimo, reduciendo as\u00ed el riesgo de dolores articulares y problemas relacionados con la edad.<\/span><\/li>\n<li><strong><span lang=\"en-US\">Promoci\u00f3n de la salud intestinal:<\/span><\/strong><span lang=\"en-US\"> El col\u00e1geno tambi\u00e9n es importante para la salud intestinal, ya que contribuye a la regeneraci\u00f3n de la mucosa intestinal y al mantenimiento de la integridad de la pared intestinal, lo que puede reducir la inflamaci\u00f3n y mejorar la digesti\u00f3n.<\/span><\/li>\n<li><strong><span lang=\"en-US\">Apoyo a la salud \u00f3sea:<\/span><\/strong><span lang=\"en-US\"> El col\u00e1geno es un componente importante de la estructura \u00f3sea; por lo tanto, los suplementos pueden ayudar a mantener la salud y la densidad de los huesos, reduciendo el riesgo de osteoporosis y fracturas.<\/span><\/li>\n<li><strong><span lang=\"en-US\">Promoci\u00f3n de la salud del cabello y las u\u00f1as:<\/span><\/strong><span lang=\"en-US\"> Algunos estudios sugieren que los suplementos de col\u00e1geno tambi\u00e9n pueden favorecer el crecimiento del cabello y mejorar la salud de las u\u00f1as, haci\u00e9ndolas m\u00e1s fuertes y resistentes.<\/span><\/li>\n<\/ul>\n<p>&nbsp;<\/p>\n<p><strong><span lang=\"en-US\">Uso recomendado<\/span><\/strong><\/p>\n<p><span lang=\"en-US\">Una raci\u00f3n al d\u00eda: 8 g, aproximadamente dos cacitos, que se mezclan con 200 ml de agua.<\/span><\/p>\n<p><strong>Aviso:<\/strong><\/p>\n<ul>\n<li>S\u00f3lo para adultos y no sustituye a una dieta variada y equilibrada ni a un estilo de vida saludable.<\/li>\n<li>No superar la dosis recomendada.<\/li>\n<li>No lo utilice durante la lactancia ni en periodos de embarazo sin consultar al m\u00e9dico.<\/li>\n<li>Conservar el producto en un lugar fresco y seco, en un envase bien cerrado y fuera del alcance de los ni\u00f1os menores de 3 a\u00f1os.<\/li>\n<li>Puede contener trazas de leche, avena, huevo, soja.<\/li>\n<li>Sin Lactosa y Sin Gluten.<\/li>\n<\/ul>","protected":false},"excerpt":{"rendered":"<p>Col\u00e1geno en polvo El col\u00e1geno, una prote\u00edna fundamental que se encuentra en tejidos conectivos como la piel, los tendones, los ligamentos y los cart\u00edlagos, forma la estructura de sost\u00e9n del organismo, proporcionando fuerza y resistencia a los tejidos. Compuesta principalmente de amino\u00e1cidos como la glicina, la prolina y la hidroxiprolina, esta prote\u00edna es esencial para mantener la salud y la integridad de los tejidos conectivos. Sin embargo, con la edad [...]<\/p>","protected":false},"featured_media":432,"template":"","meta":[],"product_cat":[311],"product_tag":[317,258],"class_list":{"0":"post-430","1":"product","2":"type-product","3":"status-publish","4":"has-post-thumbnail","6":"product_cat-recovery-and-regeneration","7":"product_tag-recovery-and-regeneration","8":"product_tag-vitamins-wellness","10":"first","11":"instock","12":"sale","13":"taxable","14":"shipping-taxable","15":"purchasable","16":"product-type-variable"},"aioseo_notices":[],"_links":{"self":[{"href":"https:\/\/www.selfprotein.com\/es\/wp-json\/wp\/v2\/product\/430"}],"collection":[{"href":"https:\/\/www.selfprotein.com\/es\/wp-json\/wp\/v2\/product"}],"about":[{"href":"https:\/\/www.selfprotein.com\/es\/wp-json\/wp\/v2\/types\/product"}],"wp:featuredmedia":[{"embeddable":true,"href":"https:\/\/www.selfprotein.com\/es\/wp-json\/wp\/v2\/media\/432"}],"wp:attachment":[{"href":"https:\/\/www.selfprotein.com\/es\/wp-json\/wp\/v2\/media?parent=430"}],"wp:term":[{"taxonomy":"product_cat","embeddable":true,"href":"https:\/\/www.selfprotein.com\/es\/wp-json\/wp\/v2\/product_cat?post=430"},{"taxonomy":"product_tag","embeddable":true,"href":"https:\/\/www.selfprotein.com\/es\/wp-json\/wp\/v2\/product_tag?post=430"}],"curies":[{"name":"wp","href":"https:\/\/api.w.org\/{rel}","templated":true}]}}