{"id":539,"date":"2023-11-27T13:17:56","date_gmt":"2023-11-27T12:17:56","guid":{"rendered":"https:\/\/34.88.231.180\/product\/corticut\/"},"modified":"2026-05-01T00:23:43","modified_gmt":"2026-04-30T22:23:43","slug":"corticut","status":"publish","type":"product","link":"https:\/\/www.selfprotein.com\/es\/producto\/corticut\/","title":{"rendered":"CortiCut"},"content":{"rendered":"<p style=\"text-align: left\" align=\"center\"><strong><span lang=\"en-US\">Corticut<\/span><\/strong><\/p>\n<p><span lang=\"en-US\">Descubra los m\u00faltiples beneficios de Corticut, un complemento dise\u00f1ado para mejorar su salud mental y f\u00edsica. Con una formulaci\u00f3n espec\u00edfica, Corticut est\u00e1 dise\u00f1ado para reducir la fatiga durante periodos de estr\u00e9s, favorecer el funcionamiento normal del sistema nervioso y mejorar la concentraci\u00f3n y la atenci\u00f3n. Adem\u00e1s, no contiene gluten ni lactosa, por lo que es adecuado para una amplia gama de personas con necesidades diet\u00e9ticas espec\u00edficas.<\/span><\/p>\n<p><span lang=\"en-US\">Beneficios de Corticut:<\/span><\/p>\n<ul>\n<li><strong><span lang=\"en-US\">Reducci\u00f3n de la fatiga<\/span><\/strong><span lang=\"en-US\"><strong>:<\/strong> Gracias a su formulaci\u00f3n espec\u00edfica, Corticut puede ayudar a reducir la fatiga durante los periodos de estr\u00e9s, permiti\u00e9ndole afrontar los retos diarios con m\u00e1s energ\u00eda y vitalidad.<\/span><\/li>\n<li><strong><span lang=\"en-US\">Apoyo al sistema nervioso:<\/span><\/strong><span lang=\"en-US\"> Corticut est\u00e1 dise\u00f1ado para favorecer el funcionamiento normal del sistema nervioso, contribuyendo as\u00ed a mantener una salud mental \u00f3ptima.<\/span><\/li>\n<li><strong><span lang=\"en-US\">Mejora de la concentraci\u00f3n y la atenci\u00f3n:<\/span><\/strong><span lang=\"en-US\"> Los ingredientes de Corticut han sido seleccionados para favorecer la concentraci\u00f3n y la atenci\u00f3n, permiti\u00e9ndole estar m\u00e1s concentrado y ser m\u00e1s productivo en sus actividades diarias.<\/span><\/li>\n<li><strong><span lang=\"en-US\">Estimulaci\u00f3n de las capacidades f\u00edsicas y mentales:<\/span><\/strong><span lang=\"en-US\"> Al integrar Corticut en su rutina, puede experimentar un aumento de sus capacidades f\u00edsicas y mentales, ayud\u00e1ndole a alcanzar sus objetivos de rendimiento y bienestar.<\/span><\/li>\n<li><strong><span lang=\"en-US\">Sin gluten ni lactosa:<\/span><\/strong><span lang=\"en-US\"> Al no contener gluten ni lactosa, Corticut es apto para personas con intolerancias alimentarias o que siguen una dieta espec\u00edfica, lo que garantiza una elecci\u00f3n segura y saludable.<\/span><\/li>\n<\/ul>\n<p><\/p>\n<p><span lang=\"en-US\">Con Corticut, puede disfrutar de una serie de beneficios que favorecen su bienestar general, permiti\u00e9ndole afrontar la vida con mayor vitalidad, concentraci\u00f3n y resistencia, sin tener que preocuparse por sus necesidades diet\u00e9ticas espec\u00edficas.<\/span>\n<\/p>\n<p><strong><span lang=\"en-US\">Uso recomendado<\/span><\/strong><\/p>\n<p><span lang=\"en-US\">4 c\u00e1psulas al d\u00eda, directamente despu\u00e9s del entrenamiento o repartidas a lo largo del d\u00eda.<\/span><\/p>\n<p><strong>Aviso:<\/strong><\/p>\n<ul>\n<li>S\u00f3lo para adultos y no sustituye a una dieta variada y equilibrada ni a un estilo de vida saludable.<\/li>\n<li>No superar la dosis recomendada.<\/li>\n<li>Dosis diaria recomendada: 4 c\u00e1ps.<\/li>\n<li>No lo utilice durante la lactancia ni en periodos de embarazo sin consultar al m\u00e9dico.<\/li>\n<li>Conservar el producto en un lugar fresco y seco, en un envase bien cerrado y fuera del alcance de los ni\u00f1os menores de 3 a\u00f1os.<\/li>\n<li>Puede contener trazas de leche, avena, huevo, soja.<\/li>\n<li>Sin Lactosa y Sin Gluten.<\/li>\n<\/ul>","protected":false},"excerpt":{"rendered":"<details>\n<summary>Ingredientes<\/summary>\n<table style=\"text-align: center\">\n<tbody>\n<tr>\n<th>Ingredientes<\/th>\n<th>por 4 cps<\/th>\n<\/tr>\n<tr>\n<td>Vitamina C (\u00e1cido asc\u00f3rbico)<\/td>\n<td>1000mg 1250%<\/td>\n<\/tr>\n<tr>\n<td>Fosfatidilserina (soja)<\/td>\n<td>600 mg<\/td>\n<\/tr>\n<tr>\n<td>Extracto de Roseroot e.s (Rhodiola Rosea, radix)<\/td>\n<td>500 mg<\/td>\n<\/tr>\n<tr>\n<td>GABA (\u00e1cido gamma aminobut\u00edrico)<\/td>\n<td>250 mg<\/td>\n<\/tr>\n<tr>\n<td>Magnesioglicinat<\/td>\n<td>250 mg<\/td>\n<\/tr>\n<tr>\n<td>L-teanina<\/td>\n<td>240 mg<\/td>\n<\/tr>\n<tr>\n<td colspan=\"2\"><strong>Otros ingredientes: <\/strong>agentes estabilizantes (E953, E470b, E551). c\u00e1psula vegana (E1204)<\/td>\n<\/tr>\n<\/tbody>\n<\/table>\n<\/details>\n<p>&nbsp;<\/p>","protected":false},"featured_media":540,"template":"","meta":[],"product_cat":[155,309],"product_tag":[163,319],"class_list":{"0":"post-539","1":"product","2":"type-product","3":"status-publish","4":"has-post-thumbnail","6":"product_cat-weight-control-metabolism","7":"product_cat-weight-management-and-definition","8":"product_tag-weight-control-metabolism","9":"product_tag-weight-management-and-definition","11":"first","12":"instock","13":"taxable","14":"shipping-taxable","15":"purchasable","16":"product-type-simple"},"aioseo_notices":[],"_links":{"self":[{"href":"https:\/\/www.selfprotein.com\/es\/wp-json\/wp\/v2\/product\/539"}],"collection":[{"href":"https:\/\/www.selfprotein.com\/es\/wp-json\/wp\/v2\/product"}],"about":[{"href":"https:\/\/www.selfprotein.com\/es\/wp-json\/wp\/v2\/types\/product"}],"wp:featuredmedia":[{"embeddable":true,"href":"https:\/\/www.selfprotein.com\/es\/wp-json\/wp\/v2\/media\/540"}],"wp:attachment":[{"href":"https:\/\/www.selfprotein.com\/es\/wp-json\/wp\/v2\/media?parent=539"}],"wp:term":[{"taxonomy":"product_cat","embeddable":true,"href":"https:\/\/www.selfprotein.com\/es\/wp-json\/wp\/v2\/product_cat?post=539"},{"taxonomy":"product_tag","embeddable":true,"href":"https:\/\/www.selfprotein.com\/es\/wp-json\/wp\/v2\/product_tag?post=539"}],"curies":[{"name":"wp","href":"https:\/\/api.w.org\/{rel}","templated":true}]}}