{"id":548,"date":"2023-11-27T13:18:08","date_gmt":"2023-11-27T12:18:08","guid":{"rendered":"https:\/\/34.88.231.180\/product\/dextrose\/"},"modified":"2026-05-01T00:23:43","modified_gmt":"2026-04-30T22:23:43","slug":"dextrose","status":"publish","type":"product","link":"https:\/\/www.selfprotein.com\/es\/producto\/dextrose\/","title":{"rendered":"Dextrose"},"content":{"rendered":"<p style=\"text-align: left;\" align=\"center\"><strong><span lang=\"en-US\">Dextrose<\/span><\/strong><\/p>\n<p><span lang=\"en-US\">La dextrosa, com\u00fanmente conocida como glucosa, es un az\u00facar simple que se encuentra en muchos alimentos y se valora por su capacidad para actuar como edulcorante y fuente inmediata de energ\u00eda. Al ser un monosac\u00e1rido, una \u00fanica mol\u00e9cula de az\u00facar, la dextrosa representa una de las principales fuentes de combustible para el cuerpo humano. Su r\u00e1pida asimilaci\u00f3n en el torrente sangu\u00edneo proporciona energ\u00eda instant\u00e1nea, lo que la convierte en un componente fundamental de los suplementos deportivos y los productos de recuperaci\u00f3n.<\/span><\/p>\n<p><span lang=\"en-US\">Beneficios de la dextrosa:<\/span><\/p>\n<ul>\n<li><strong><span lang=\"en-US\">Fuente inmediata de energ\u00eda:<\/span><\/strong><span lang=\"en-US\"> Debido a su estructura de monosac\u00e1rido, la dextrosa es absorbida r\u00e1pidamente por el organismo, proporcionando una r\u00e1pida reposici\u00f3n de energ\u00eda durante la actividad f\u00edsica intensa o prolongada.<\/span><\/li>\n<li><strong><span lang=\"en-US\">Ayuda a la recuperaci\u00f3n muscular:<\/span><\/strong><span lang=\"en-US\"> Consumir dextrosa despu\u00e9s de un entrenamiento puede ayudar a restaurar las reservas de gluc\u00f3geno muscular agotadas, facilitando el proceso de recuperaci\u00f3n muscular y reduciendo el riesgo de fatiga.<\/span><\/li>\n<li><strong><span lang=\"en-US\">Mayor absorci\u00f3n de otros nutrientes:<\/span><\/strong><span lang=\"en-US\"> La dextrosa puede favorecer la absorci\u00f3n de otros nutrientes, como las prote\u00ednas, cuando se consumen juntos, optimizando su utilizaci\u00f3n para la reparaci\u00f3n y el crecimiento muscular.<\/span><\/li>\n<li><strong><span lang=\"en-US\">Versatilidad de uso:<\/span><\/strong><span lang=\"en-US\"> La dextrosa puede incorporarse f\u00e1cilmente a diversos tipos de suplementos diet\u00e9ticos, bebidas o barritas energ\u00e9ticas, ofreciendo una forma c\u00f3moda de integrar energ\u00eda inmediata en la dieta diaria.<\/span><\/li>\n<li><strong><span lang=\"en-US\">Regulaci\u00f3n del \u00edndice gluc\u00e9mico:<\/span><\/strong><span lang=\"en-US\"> A pesar de su alto \u00edndice gluc\u00e9mico, la dextrosa puede utilizarse estrat\u00e9gicamente para proporcionar un r\u00e1pido pico de energ\u00eda cuando sea necesario, especialmente durante los entrenamientos de alta intensidad.<\/span><\/li>\n<\/ul>\n<p><\/p>\n<p><span lang=\"en-US\">Gracias a su capacidad para proporcionar una fuente de energ\u00eda r\u00e1pida y eficaz, la dextrosa se ha ganado un papel destacado en el campo de la nutrici\u00f3n deportiva, ya que ayuda a optimizar el rendimiento f\u00edsico y favorece la recuperaci\u00f3n muscular tras la actividad f\u00edsica.<\/span>\n<\/p>\n<p><strong><span lang=\"en-US\">Uso recomendado<\/span><\/strong><\/p>\n<p><span lang=\"en-US\">1 dosis antes y durante el entrenamiento para mejorar el rendimiento deportivo<\/span><span lang=\"en-US\">.<\/span><\/p>\n<p><strong>Aviso:<\/strong><\/p>\n<ul>\n<li>S\u00f3lo para adultos y no sustituye a una dieta variada y equilibrada ni a un estilo de vida saludable.<\/li>\n<li>No superar la dosis recomendada.<\/li>\n<li>No lo utilice durante la lactancia ni en periodos de embarazo sin consultar al m\u00e9dico.<\/li>\n<li>Conservar el producto en un lugar fresco y seco, en un envase bien cerrado y fuera del alcance de los ni\u00f1os menores de 3 a\u00f1os.<\/li>\n<li>Puede contener trazas de leche, avena, huevo, soja.<\/li>\n<li>Sin Gluten.<\/li>\n<\/ul>","protected":false},"excerpt":{"rendered":"<details>\n<summary>Informaci\u00f3n nutricional<\/summary>\n<table style=\"text-align: center;\">\n<tbody>\n<tr>\n<th>Informaci\u00f3n nutricional<\/th>\n<th>por 100 g<\/th>\n<\/tr>\n<tr>\n<td>Energ\u00eda<\/td>\n<td>360kcal(1505kj)<\/td>\n<\/tr>\n<tr>\n<td>Grasas<\/td>\n<td>0g<\/td>\n<\/tr>\n<tr>\n<td>de los cuales saturados<\/td>\n<td>0g<\/td>\n<\/tr>\n<tr>\n<td>Carbohidratos<\/td>\n<td>90g<\/td>\n<\/tr>\n<tr>\n<td>de los cuales az\u00facares<\/td>\n<td>90g<\/td>\n<\/tr>\n<tr>\n<td>Protein<\/td>\n<td>0g<\/td>\n<\/tr>\n<tr>\n<td>Fibras alimentarias<\/td>\n<td>0g<\/td>\n<\/tr>\n<tr>\n<td>Sal<\/td>\n<td>0g<\/td>\n<\/tr>\n<tr>\n<td colspan=\"2\"><strong>Ingredientes: <\/strong> dextrosa (ma\u00edz)<\/td>\n<\/tr>\n<\/tbody>\n<\/table>\n<\/details>\n<p>&nbsp;<\/p>","protected":false},"featured_media":549,"template":"","meta":[],"product_cat":[310,217],"product_tag":[315,230],"class_list":{"0":"post-548","1":"product","2":"type-product","3":"status-publish","4":"has-post-thumbnail","6":"product_cat-performance-and-endurance","7":"product_cat-pre-workout-energy","8":"product_tag-performance-and-endurance","9":"product_tag-pre-workout-energy","11":"first","12":"instock","13":"taxable","14":"shipping-taxable","15":"purchasable","16":"product-type-simple"},"aioseo_notices":[],"_links":{"self":[{"href":"https:\/\/www.selfprotein.com\/es\/wp-json\/wp\/v2\/product\/548"}],"collection":[{"href":"https:\/\/www.selfprotein.com\/es\/wp-json\/wp\/v2\/product"}],"about":[{"href":"https:\/\/www.selfprotein.com\/es\/wp-json\/wp\/v2\/types\/product"}],"wp:featuredmedia":[{"embeddable":true,"href":"https:\/\/www.selfprotein.com\/es\/wp-json\/wp\/v2\/media\/549"}],"wp:attachment":[{"href":"https:\/\/www.selfprotein.com\/es\/wp-json\/wp\/v2\/media?parent=548"}],"wp:term":[{"taxonomy":"product_cat","embeddable":true,"href":"https:\/\/www.selfprotein.com\/es\/wp-json\/wp\/v2\/product_cat?post=548"},{"taxonomy":"product_tag","embeddable":true,"href":"https:\/\/www.selfprotein.com\/es\/wp-json\/wp\/v2\/product_tag?post=548"}],"curies":[{"name":"wp","href":"https:\/\/api.w.org\/{rel}","templated":true}]}}