{"id":551,"date":"2023-11-27T13:18:12","date_gmt":"2023-11-27T12:18:12","guid":{"rendered":"https:\/\/34.88.231.180\/product\/diet-meal\/"},"modified":"2026-04-01T00:00:45","modified_gmt":"2026-03-31T22:00:45","slug":"diet-meal","status":"publish","type":"product","link":"https:\/\/www.selfprotein.com\/es\/producto\/diet-meal\/","title":{"rendered":"Diet Meal"},"content":{"rendered":"<p style=\"text-align: left;\" align=\"center\"><strong><span lang=\"en-US\">Diet Meal<\/span><\/strong><\/p>\n<p><span lang=\"en-US\">\u00a1Descubra la soluci\u00f3n perfecta para una dieta ligera y equilibrada! Le presentamos nuestra comida diet\u00e9tica, una opci\u00f3n ideal para sustituir una o dos comidas al d\u00eda. Con s\u00f3lo 95 calor\u00edas, esta comida no s\u00f3lo le ayudar\u00e1 a controlar su ingesta cal\u00f3rica, sino que tambi\u00e9n est\u00e1 enriquecida con vitaminas y minerales esenciales. Adem\u00e1s, no contiene gluten ni lactosa, lo que garantiza una elecci\u00f3n segura para quienes tienen necesidades diet\u00e9ticas espec\u00edficas.<\/span><\/p>\n<p><span lang=\"en-US\">Beneficios de la comida diet\u00e9tica:<\/span><\/p>\n<ul>\n<li><strong><span lang=\"en-US\">Bajo contenido cal\u00f3rico<\/span><\/strong><span lang=\"en-US\"><strong>:<\/strong> Con s\u00f3lo 95 calor\u00edas, esta comida diet\u00e9tica es perfecta para quienes se preocupan por las calor\u00edas y quieren mantener o perder peso de forma saludable.<\/span><\/li>\n<li><strong><span lang=\"en-US\">Rico en nutrientes:<\/span><\/strong><span lang=\"en-US\"> A pesar de sus pocas calor\u00edas, esta comida aporta una importante dosis de vitaminas y minerales esenciales para mantener el cuerpo sano y en forma.<\/span><\/li>\n<li><strong><span lang=\"en-US\">Sin gluten ni lactosa:<\/span><\/strong><span lang=\"en-US\"> Adecuada para personas con sensibilidad o intolerancia, la comida diet\u00e9tica ofrece una opci\u00f3n segura y sabrosa sin gluten ni lactosa.<\/span><\/li>\n<li><strong><span lang=\"en-US\">Reemplazo de comidas:<\/span><\/strong><span lang=\"en-US\"> Puede consumirse en lugar de una o dos comidas al d\u00eda, lo que ofrece una soluci\u00f3n c\u00f3moda para quienes siempre est\u00e1n de viaje o disponen de poco tiempo para preparar comidas completas.<\/span><\/li>\n<li><strong><span lang=\"en-US\">Variedad de opciones:<\/span><\/strong><span lang=\"en-US\"> Disponible en una gama de deliciosos sabores, la comida diet\u00e9tica facilita la satisfacci\u00f3n de sus gustos personales al tiempo que cuida de su salud.<\/span><\/li>\n<\/ul>\n<p>&nbsp;<\/p>\n<p><span lang=\"en-US\">Con nuestra comida diet\u00e9tica, puede disfrutar de una comida ligera y nutritiva que se adapte a sus necesidades diet\u00e9ticas sin sacrificar el sabor ni la comodidad.<\/span><\/p>\n<p><strong><span lang=\"en-US\">Uso recomendado<\/span><\/strong><\/p>\n<p><span lang=\"en-US\">Para perder peso, sustituya 2 comidas al d\u00eda por Diet Meal; para mantenimiento, sustituya 1 comida al d\u00eda.<\/span><\/p>\n<p><strong>Aviso:<\/strong><\/p>\n<ul>\n<li>S\u00f3lo para adultos y no sustituye a una dieta variada y equilibrada ni a un estilo de vida saludable.<\/li>\n<li>No superar la dosis recomendada.<\/li>\n<li>No lo utilice durante la lactancia ni en periodos de embarazo sin consultar al m\u00e9dico.<\/li>\n<li>Conservar el producto en un lugar fresco y seco, en un envase bien cerrado y fuera del alcance de los ni\u00f1os menores de 3 a\u00f1os.<\/li>\n<li>Sin Lactosa y Sin Gluten.<\/li>\n<\/ul>","protected":false},"excerpt":{"rendered":"<p>Comida diet\u00e9tica \u00a1Descubra la soluci\u00f3n perfecta para una dieta ligera y equilibrada! Le presentamos nuestra comida diet\u00e9tica, una opci\u00f3n ideal para sustituir una o dos comidas al d\u00eda. Con s\u00f3lo 95 calor\u00edas, esta comida no s\u00f3lo le ayudar\u00e1 a controlar su ingesta cal\u00f3rica, sino que tambi\u00e9n est\u00e1 enriquecida con vitaminas y minerales esenciales. Adem\u00e1s, contiene gluten [...]<\/p>","protected":false},"featured_media":552,"template":"","meta":[],"product_cat":[210,309],"product_tag":[223,319],"class_list":{"0":"post-551","1":"product","2":"type-product","3":"status-publish","4":"has-post-thumbnail","6":"product_cat-snacks-meal-solutions","7":"product_cat-weight-management-and-definition","8":"product_tag-snacks-meal-solutions","9":"product_tag-weight-management-and-definition","11":"first","12":"instock","13":"sale","14":"taxable","15":"shipping-taxable","16":"purchasable","17":"product-type-variable"},"aioseo_notices":[],"_links":{"self":[{"href":"https:\/\/www.selfprotein.com\/es\/wp-json\/wp\/v2\/product\/551"}],"collection":[{"href":"https:\/\/www.selfprotein.com\/es\/wp-json\/wp\/v2\/product"}],"about":[{"href":"https:\/\/www.selfprotein.com\/es\/wp-json\/wp\/v2\/types\/product"}],"wp:featuredmedia":[{"embeddable":true,"href":"https:\/\/www.selfprotein.com\/es\/wp-json\/wp\/v2\/media\/552"}],"wp:attachment":[{"href":"https:\/\/www.selfprotein.com\/es\/wp-json\/wp\/v2\/media?parent=551"}],"wp:term":[{"taxonomy":"product_cat","embeddable":true,"href":"https:\/\/www.selfprotein.com\/es\/wp-json\/wp\/v2\/product_cat?post=551"},{"taxonomy":"product_tag","embeddable":true,"href":"https:\/\/www.selfprotein.com\/es\/wp-json\/wp\/v2\/product_tag?post=551"}],"curies":[{"name":"wp","href":"https:\/\/api.w.org\/{rel}","templated":true}]}}