{"id":554,"date":"2023-11-27T13:18:16","date_gmt":"2023-11-27T12:18:16","guid":{"rendered":"https:\/\/34.88.231.180\/product\/eaa-pro\/"},"modified":"2026-04-01T00:00:45","modified_gmt":"2026-03-31T22:00:45","slug":"eaa-pro","status":"publish","type":"product","link":"https:\/\/www.selfprotein.com\/es\/producto\/eaa-pro\/","title":{"rendered":"EAA PRO"},"content":{"rendered":"<p style=\"text-align: left;\" align=\"center\"><strong><span lang=\"en-US\">EAA Pro<\/span><\/strong><\/p>\n<p><span lang=\"en-US\">EAA Pro es un suplemento formulado con amino\u00e1cidos esenciales (AEE), que son cruciales para el buen funcionamiento del organismo. Los EAA son una categor\u00eda de amino\u00e1cidos que el cuerpo humano no puede sintetizar de forma independiente y, por lo tanto, deben obtenerse a trav\u00e9s de la dieta o de suplementos espec\u00edficos. Este producto es particularmente popular entre los atletas, culturistas y entusiastas del fitness por su papel en el apoyo al crecimiento muscular, la recuperaci\u00f3n y el rendimiento f\u00edsico.<\/span><\/p>\n<p><span lang=\"en-US\">Beneficios de EAA Pro:<\/span><\/p>\n<ul>\n<li><strong><span lang=\"en-US\">Favorece el crecimiento muscular:<\/span><\/strong><span lang=\"en-US\"> Los amino\u00e1cidos esenciales son fundamentales para la s\u00edntesis de prote\u00ednas musculares, contribuyendo as\u00ed al crecimiento y mantenimiento de la masa muscular.<\/span><\/li>\n<li><strong><span lang=\"en-US\">Recuperaci\u00f3n acelerada<\/span><\/strong><span lang=\"en-US\"><strong>:<\/strong> Los EAA pueden ayudar a reducir los tiempos de recuperaci\u00f3n muscular tras un entrenamiento intenso, lo que permite una mayor frecuencia de entrenamiento y una recuperaci\u00f3n \u00f3ptima entre sesiones.<\/span><\/li>\n<li><strong><span lang=\"en-US\">Mejora del rendimiento:<\/span><\/strong><span lang=\"en-US\"> La suplementaci\u00f3n con EAA puede mejorar el rendimiento durante los entrenamientos al aumentar la resistencia y la fuerza musculares, adem\u00e1s de mejorar la concentraci\u00f3n y la resistencia mental.<\/span><\/li>\n<li><strong><span lang=\"en-US\">Apoyo durante la recuperaci\u00f3n de lesiones o enfermedades:<\/span><\/strong><span lang=\"en-US\"> Los suplementos de EAA pueden ser especialmente \u00fatiles para las personas que se recuperan de lesiones, intervenciones quir\u00fargicas o enfermedades que han causado p\u00e9rdida o desgaste muscular, ya que ayudan a acelerar el proceso de curaci\u00f3n y la recuperaci\u00f3n muscular.<\/span><\/li>\n<\/ul>\n<p>&nbsp;<\/p>\n<p><strong><span lang=\"en-US\">Uso recomendado<\/span><\/strong><\/p>\n<p><span lang=\"en-US\">Consumir 1 dosis al d\u00eda antes, durante o despu\u00e9s de la actividad f\u00edsica o a lo largo del d\u00eda.<\/span><\/p>\n<p><strong>Aviso:<\/strong><\/p>\n<ul>\n<li>S\u00f3lo para adultos y no sustituye a una dieta variada y equilibrada ni a un estilo de vida saludable.<\/li>\n<li>No superar la dosis recomendada.<\/li>\n<li>No lo utilice durante la lactancia ni en periodos de embarazo sin consultar al m\u00e9dico.<\/li>\n<li>Conservar el producto en un lugar fresco y seco, en un envase bien cerrado y fuera del alcance de los ni\u00f1os menores de 3 a\u00f1os.<\/li>\n<li>Puede contener trazas de leche, avena, huevo, soja.<\/li>\n<li>Sin Lactosa y Sin Gluten.<\/li>\n<\/ul>","protected":false},"excerpt":{"rendered":"<p>EAA Pro EAA Pro es un suplemento formulado con amino\u00e1cidos esenciales (AEE), que son cruciales para el buen funcionamiento del organismo. Los EAA son una categor\u00eda de amino\u00e1cidos que el cuerpo humano no puede sintetizar de forma independiente y, por lo tanto, deben obtenerse a trav\u00e9s de la dieta o de suplementos espec\u00edficos. Este producto es especialmente popular entre los deportistas, [...]<\/p>","protected":false},"featured_media":5650,"template":"","meta":[],"product_cat":[151,311],"product_tag":[161,317],"class_list":{"0":"post-554","1":"product","2":"type-product","3":"status-publish","4":"has-post-thumbnail","6":"product_cat-amino-acids-creatine","7":"product_cat-recovery-and-regeneration","8":"product_tag-amino-acids-creatine","9":"product_tag-recovery-and-regeneration","11":"first","12":"instock","13":"sale","14":"taxable","15":"shipping-taxable","16":"purchasable","17":"product-type-variable"},"aioseo_notices":[],"_links":{"self":[{"href":"https:\/\/www.selfprotein.com\/es\/wp-json\/wp\/v2\/product\/554"}],"collection":[{"href":"https:\/\/www.selfprotein.com\/es\/wp-json\/wp\/v2\/product"}],"about":[{"href":"https:\/\/www.selfprotein.com\/es\/wp-json\/wp\/v2\/types\/product"}],"wp:featuredmedia":[{"embeddable":true,"href":"https:\/\/www.selfprotein.com\/es\/wp-json\/wp\/v2\/media\/5650"}],"wp:attachment":[{"href":"https:\/\/www.selfprotein.com\/es\/wp-json\/wp\/v2\/media?parent=554"}],"wp:term":[{"taxonomy":"product_cat","embeddable":true,"href":"https:\/\/www.selfprotein.com\/es\/wp-json\/wp\/v2\/product_cat?post=554"},{"taxonomy":"product_tag","embeddable":true,"href":"https:\/\/www.selfprotein.com\/es\/wp-json\/wp\/v2\/product_tag?post=554"}],"curies":[{"name":"wp","href":"https:\/\/api.w.org\/{rel}","templated":true}]}}