{"id":564,"date":"2023-11-27T13:18:36","date_gmt":"2023-11-27T12:18:36","guid":{"rendered":"https:\/\/34.88.231.180\/product\/egg-oat-premium\/"},"modified":"2026-04-01T00:00:45","modified_gmt":"2026-03-31T22:00:45","slug":"egg-oat","status":"publish","type":"product","link":"https:\/\/www.selfprotein.com\/es\/producto\/egg-oat\/","title":{"rendered":"Egg &amp; Oat"},"content":{"rendered":"<p><strong>Egg &amp; Oat Premium<\/strong><\/p>\n<p>Una potente combinaci\u00f3n de prote\u00edna pura de clara de huevo y carbohidratos complejos de avena, dise\u00f1ada para quienes desean maximizar el crecimiento muscular, optimizar la recuperaci\u00f3n y disponer de energ\u00eda duradera durante todo el d\u00eda. Ideal como comida completa o tentempi\u00e9 funcional.<\/p>\n<p><strong>Por qu\u00e9 te encantar\u00e1<\/strong><\/p>\n<ul>\n<li><strong>Crecimiento y recuperaci\u00f3n muscular<\/strong>: las prote\u00ednas de la clara de huevo tienen un alto valor biol\u00f3gico, esencial para estimular y mantener la masa muscular.<\/li>\n<li><strong>Energ\u00eda prolongada<\/strong>La avena aporta hidratos de carbono complejos que garantizan una liberaci\u00f3n lenta y constante de energ\u00eda a lo largo del d\u00eda.<\/li>\n<li><strong>Ayuda a la glucemia<\/strong>: gracias a su contenido en fibra, la avena ayuda a mantener estables los niveles de glucosa en sangre, evitando los altibajos energ\u00e9ticos.<\/li>\n<li><strong>Saciedad duradera<\/strong>: una mezcla de prote\u00ednas y fibra que te ayuda a mantener el apetito bajo control, haciendo que cada comida sea m\u00e1s satisfactoria.<\/li>\n<\/ul>\n<p>&nbsp;<\/p>\n<p><strong>Dosis recomendada<\/strong><\/p>\n<p>Toma <strong>1-3 raciones diarias<\/strong>, en funci\u00f3n de sus necesidades nutricionales y de sus necesidades generales de prote\u00ednas.<\/p>\n<p><strong>Aviso<\/strong><\/p>\n<ul>\n<li>S\u00f3lo para adultos.<\/li>\n<li>No sustituye a una dieta equilibrada y un estilo de vida saludable.<\/li>\n<li>No superar la dosis diaria recomendada.<\/li>\n<li>Consulte a su m\u00e9dico durante el embarazo o la lactancia.<\/li>\n<li>Conservar en lugar fresco y seco, protegido de la luz directa.<\/li>\n<li>Puede contener trazas de leche y soja.<\/li>\n<li><strong>Sin lactosa<\/strong> y <strong>sin gluten<\/strong>.<\/li>\n<\/ul>\n<p>&nbsp;<\/p>\n<p><strong>Perfecto para: aquellos que buscan una combinaci\u00f3n de prote\u00ednas de alta calidad y carbohidratos de liberaci\u00f3n lenta para apoyar el crecimiento muscular y la energ\u00eda durante todo el d\u00eda.<\/strong><\/p>","protected":false},"excerpt":{"rendered":"<p>Huevo y Avena Premium Una potente combinaci\u00f3n de prote\u00edna pura de clara de huevo y carbohidratos complejos de avena, dise\u00f1ada para quienes desean maximizar el crecimiento muscular, optimizar la recuperaci\u00f3n y disponer de energ\u00eda duradera durante todo el d\u00eda. Ideal como comida completa o tentempi\u00e9 funcional. Por qu\u00e9 te encantar\u00e1 Crecimiento muscular y recuperaci\u00f3n: las prote\u00ednas de clara de huevo tienen [...]<\/p>","protected":false},"featured_media":8141,"template":"","meta":[],"product_cat":[313,210],"product_tag":[316,223],"class_list":{"0":"post-564","1":"product","2":"type-product","3":"status-publish","4":"has-post-thumbnail","6":"product_cat-protein-snacks-and-fit-food","7":"product_cat-snacks-meal-solutions","8":"product_tag-protein-snacks-fit-food","9":"product_tag-snacks-meal-solutions","11":"first","12":"instock","13":"taxable","14":"shipping-taxable","15":"purchasable","16":"product-type-variable"},"aioseo_notices":[],"_links":{"self":[{"href":"https:\/\/www.selfprotein.com\/es\/wp-json\/wp\/v2\/product\/564"}],"collection":[{"href":"https:\/\/www.selfprotein.com\/es\/wp-json\/wp\/v2\/product"}],"about":[{"href":"https:\/\/www.selfprotein.com\/es\/wp-json\/wp\/v2\/types\/product"}],"wp:featuredmedia":[{"embeddable":true,"href":"https:\/\/www.selfprotein.com\/es\/wp-json\/wp\/v2\/media\/8141"}],"wp:attachment":[{"href":"https:\/\/www.selfprotein.com\/es\/wp-json\/wp\/v2\/media?parent=564"}],"wp:term":[{"taxonomy":"product_cat","embeddable":true,"href":"https:\/\/www.selfprotein.com\/es\/wp-json\/wp\/v2\/product_cat?post=564"},{"taxonomy":"product_tag","embeddable":true,"href":"https:\/\/www.selfprotein.com\/es\/wp-json\/wp\/v2\/product_tag?post=564"}],"curies":[{"name":"wp","href":"https:\/\/api.w.org\/{rel}","templated":true}]}}