{"id":567,"date":"2024-02-29T08:43:55","date_gmt":"2024-02-29T07:43:55","guid":{"rendered":"https:\/\/34.88.231.180\/?post_type=product&#038;p=567"},"modified":"2026-05-01T00:23:46","modified_gmt":"2026-04-30T22:23:46","slug":"egg-white-isolate","status":"publish","type":"product","link":"https:\/\/www.selfprotein.com\/es\/producto\/egg-white-isolate\/","title":{"rendered":"Egg White Isolate"},"content":{"rendered":"<p style=\"text-align: left;\" align=\"center\"><strong><span lang=\"en-US\">Egg White Isolate<\/span><\/strong><\/p>\n<p><span lang=\"en-US\">La prote\u00edna de la clara de huevo es una fuente de prote\u00ednas completa y natural. Rica en amino\u00e1cidos esenciales vitales para los procesos biol\u00f3gicos y la estructura muscular, esta fuente de prote\u00ednas se utiliza ampliamente como suplemento diet\u00e9tico. La prote\u00edna de clara de huevo representa una opci\u00f3n valiosa para quienes buscan beneficios para el crecimiento muscular, el control del peso y el aumento de la saciedad, adem\u00e1s de ser una soluci\u00f3n sin lactosa para quienes padecen alergias o intolerancias a la leche.<\/span><\/p>\n<p><span lang=\"en-US\">Ventajas del aislado de clara de huevo:<\/span><\/p>\n<ul>\n<li><strong><span lang=\"en-US\">Fuente completa de prote\u00ednas:<\/span><\/strong><span lang=\"en-US\"> La prote\u00edna de la clara de huevo proporciona todos los amino\u00e1cidos esenciales necesarios para construir y mantener la masa muscular, apoyando diversos procesos biol\u00f3gicos vitales del organismo.<\/span><\/li>\n<li><strong><span lang=\"en-US\">Ayuda al crecimiento y la reparaci\u00f3n muscular:<\/span><\/strong><span lang=\"en-US\"> Por su riqueza en amino\u00e1cidos, la prote\u00edna de clara de huevo es un valioso aliado para los atletas y entusiastas del fitness que buscan promover el crecimiento muscular y acelerar el proceso de reparaci\u00f3n post-entrenamiento.<\/span><\/li>\n<li><strong><span lang=\"en-US\">Control del peso: <\/span><\/strong><span lang=\"en-US\">Cuando se utiliza como parte de una dieta equilibrada, esta fuente de prote\u00ednas puede contribuir al control del peso al proporcionar una fuente de nutrientes que ayuda a mantener la masa magra durante la p\u00e9rdida de grasa.<\/span><\/li>\n<li><strong><span lang=\"en-US\">Saciedad duradera:<\/span><\/strong><span lang=\"en-US\"> La prote\u00edna de la clara de huevo puede ayudar a prolongar la sensaci\u00f3n de saciedad, ayudando a controlar el apetito y reduciendo el riesgo de picar innecesariamente.<\/span><\/li>\n<li><strong><span lang=\"en-US\">Alternativa sin lactosa:<\/span><\/strong><span lang=\"en-US\"> Al no contener lactosa, la prote\u00edna de clara de huevo representa una alternativa ideal para quienes deben evitar los l\u00e1cteos por alergias o intolerancias.<\/span><\/li>\n<\/ul>\n<p>&nbsp;<\/p>\n<p><strong><span lang=\"en-US\">Uso recomendado<\/span><\/strong><\/p>\n<p><span lang=\"en-US\">De 1 a 3 raciones al d\u00eda seg\u00fan las necesidades, teniendo en cuenta otras fuentes de prote\u00ednas en la dieta.<\/span><\/p>\n<p>&nbsp;<\/p>\n<p><strong>Aviso:<\/strong><\/p>\n<ul>\n<li>S\u00f3lo para adultos y no sustituye a una dieta variada y equilibrada ni a un estilo de vida saludable.<\/li>\n<li>No superar la dosis recomendada.<\/li>\n<li>Dosis diaria recomendada: mezclar 1 cacito (unos 30 g) con 200 ml de agua en una coctelera.<\/li>\n<li>No lo utilice durante la lactancia ni en periodos de embarazo sin consultar al m\u00e9dico.<\/li>\n<li>Conservar el producto en un lugar fresco y seco, en un envase bien cerrado y fuera del alcance de los ni\u00f1os menores de 3 a\u00f1os.<\/li>\n<li>Puede contener trazas de leche, avena, huevo, soja.<\/li>\n<li>Sin Lactosa y Sin Gluten.<\/li>\n<\/ul>","protected":false},"excerpt":{"rendered":"<p>Aislado de clara de huevo La prote\u00edna de clara de huevo constituye una fuente de prote\u00ednas completa y natural. Rica en amino\u00e1cidos esenciales vitales para los procesos biol\u00f3gicos y la estructura muscular, esta fuente de prote\u00ednas se utiliza ampliamente como suplemento diet\u00e9tico. La prote\u00edna de clara de huevo representa una opci\u00f3n valiosa para quienes buscan beneficios para el crecimiento muscular, el control del peso y el aumento de la saciedad, [...].<\/p>","protected":false},"featured_media":15166,"template":"","meta":[],"product_cat":[158,308],"product_tag":[18,318],"class_list":{"0":"post-567","1":"product","2":"type-product","3":"status-publish","4":"has-post-thumbnail","6":"product_cat-proteins","7":"product_cat-strength-and-muscle-mass","8":"product_tag-proteins","9":"product_tag-strength-and-muscle-mass","11":"first","12":"instock","13":"taxable","14":"shipping-taxable","15":"purchasable","16":"product-type-variable"},"aioseo_notices":[],"_links":{"self":[{"href":"https:\/\/www.selfprotein.com\/es\/wp-json\/wp\/v2\/product\/567"}],"collection":[{"href":"https:\/\/www.selfprotein.com\/es\/wp-json\/wp\/v2\/product"}],"about":[{"href":"https:\/\/www.selfprotein.com\/es\/wp-json\/wp\/v2\/types\/product"}],"wp:featuredmedia":[{"embeddable":true,"href":"https:\/\/www.selfprotein.com\/es\/wp-json\/wp\/v2\/media\/15166"}],"wp:attachment":[{"href":"https:\/\/www.selfprotein.com\/es\/wp-json\/wp\/v2\/media?parent=567"}],"wp:term":[{"taxonomy":"product_cat","embeddable":true,"href":"https:\/\/www.selfprotein.com\/es\/wp-json\/wp\/v2\/product_cat?post=567"},{"taxonomy":"product_tag","embeddable":true,"href":"https:\/\/www.selfprotein.com\/es\/wp-json\/wp\/v2\/product_tag?post=567"}],"curies":[{"name":"wp","href":"https:\/\/api.w.org\/{rel}","templated":true}]}}