{"id":576,"date":"2023-11-27T13:18:58","date_gmt":"2023-11-27T12:18:58","guid":{"rendered":"https:\/\/34.88.231.180\/product\/essential-amino\/"},"modified":"2026-04-01T00:00:15","modified_gmt":"2026-03-31T22:00:15","slug":"essential-amino-acids","status":"publish","type":"product","link":"https:\/\/www.selfprotein.com\/es\/producto\/essential-amino-acids\/","title":{"rendered":"Essential Amino Acids"},"content":{"rendered":"<p style=\"text-align: left;\" align=\"center\"><strong><span lang=\"en-US\">Essential Amino Acids<\/span><\/strong><\/p>\n<p><span lang=\"en-US\">Los amino\u00e1cidos esenciales (AEE) son amino\u00e1cidos que el organismo no puede producir por s\u00ed mismo y que deben obtenerse a trav\u00e9s de la dieta. Estos amino\u00e1cidos desempe\u00f1an un papel fundamental en la s\u00edntesis de prote\u00ednas, por lo que son importantes para la construcci\u00f3n y reparaci\u00f3n muscular, lo que puede resultar ventajoso para los deportistas.<\/span><\/p>\n<p><span lang=\"en-US\">Beneficios de los amino\u00e1cidos esenciales:<\/span><\/p>\n<ul>\n<li><strong><span lang=\"en-US\">Ayuda al crecimiento muscular<\/span><\/strong><span lang=\"en-US\"><strong>:<\/strong> Los EAA son esenciales para la s\u00edntesis de prote\u00ednas musculares y pueden contribuir al crecimiento y la reparaci\u00f3n de los m\u00fasculos despu\u00e9s del ejercicio.<\/span><\/li>\n<li><strong><span lang=\"en-US\">Recuperaci\u00f3n mejorada:<\/span><\/strong><span lang=\"en-US\"> Los EAA pueden contribuir a una mejor recuperaci\u00f3n tras el ejercicio f\u00edsico al reducir el da\u00f1o muscular y la inflamaci\u00f3n.<\/span><\/li>\n<li><strong><span lang=\"en-US\">Mayor resistencia:<\/span><\/strong><span lang=\"en-US\"> Los EAA pueden ayudar a aumentar la resistencia reduciendo el catabolismo del tejido muscular durante el ejercicio y favoreciendo la producci\u00f3n de energ\u00eda.<\/span><\/li>\n<li><strong><span lang=\"en-US\">Apoyo a la funci\u00f3n inmunitaria: <\/span><\/strong><span lang=\"en-US\">Los EAA son importantes para la funci\u00f3n inmunitaria, lo que puede ser beneficioso para los deportistas con riesgo de infecciones debido a los altos niveles de actividad f\u00edsica.<\/span><\/li>\n<\/ul>\n<p><\/p>\n<p><strong><span lang=\"en-US\">Uso recomendado<\/span><\/strong><\/p>\n<p><span lang=\"en-US\">1 dosis al d\u00eda para tomar antes, durante o despu\u00e9s de la actividad f\u00edsica, o a lo largo del d\u00eda.<\/span>\n<\/p>\n<p><strong>Aviso:<\/strong><\/p>\n<ul>\n<li>S\u00f3lo para adultos y no sustituye a una dieta variada y equilibrada ni a un estilo de vida saludable.<\/li>\n<li>No superar la dosis recomendada.<\/li>\n<li>No lo utilice durante la lactancia ni en periodos de embarazo sin consultar al m\u00e9dico.<\/li>\n<li>Conservar el producto en un lugar fresco y seco, en un envase bien cerrado y fuera del alcance de los ni\u00f1os menores de 3 a\u00f1os.<\/li>\n<li>Puede contener trazas de leche, avena, huevo, soja.<\/li>\n<li>Sin Lactosa y Sin Gluten.<\/li>\n<\/ul>","protected":false},"excerpt":{"rendered":"<p>Amino\u00e1cidos esenciales Los amino\u00e1cidos esenciales (AEE) son amino\u00e1cidos que el organismo no puede producir por s\u00ed mismo y que deben obtenerse a trav\u00e9s de la dieta. Estos amino\u00e1cidos juegan un papel cr\u00edtico en la s\u00edntesis de prote\u00ednas, por lo que son importantes para la construcci\u00f3n y reparaci\u00f3n muscular, lo que puede ser ventajoso para los atletas. Beneficios de los amino\u00e1cidos esenciales: Apoyan [...]<\/p>","protected":false},"featured_media":5641,"template":"","meta":[],"product_cat":[151,311],"product_tag":[161,317],"class_list":{"0":"post-576","1":"product","2":"type-product","3":"status-publish","4":"has-post-thumbnail","6":"product_cat-amino-acids-creatine","7":"product_cat-recovery-and-regeneration","8":"product_tag-amino-acids-creatine","9":"product_tag-recovery-and-regeneration","11":"first","12":"instock","13":"sale","14":"taxable","15":"shipping-taxable","16":"purchasable","17":"product-type-variable"},"aioseo_notices":[],"_links":{"self":[{"href":"https:\/\/www.selfprotein.com\/es\/wp-json\/wp\/v2\/product\/576"}],"collection":[{"href":"https:\/\/www.selfprotein.com\/es\/wp-json\/wp\/v2\/product"}],"about":[{"href":"https:\/\/www.selfprotein.com\/es\/wp-json\/wp\/v2\/types\/product"}],"wp:featuredmedia":[{"embeddable":true,"href":"https:\/\/www.selfprotein.com\/es\/wp-json\/wp\/v2\/media\/5641"}],"wp:attachment":[{"href":"https:\/\/www.selfprotein.com\/es\/wp-json\/wp\/v2\/media?parent=576"}],"wp:term":[{"taxonomy":"product_cat","embeddable":true,"href":"https:\/\/www.selfprotein.com\/es\/wp-json\/wp\/v2\/product_cat?post=576"},{"taxonomy":"product_tag","embeddable":true,"href":"https:\/\/www.selfprotein.com\/es\/wp-json\/wp\/v2\/product_tag?post=576"}],"curies":[{"name":"wp","href":"https:\/\/api.w.org\/{rel}","templated":true}]}}