{"id":586,"date":"2023-11-27T13:19:20","date_gmt":"2023-11-27T12:19:20","guid":{"rendered":"https:\/\/34.88.231.180\/product\/essential-amino-tab\/"},"modified":"2026-05-01T00:23:50","modified_gmt":"2026-04-30T22:23:50","slug":"essential-amino-tabs","status":"publish","type":"product","link":"https:\/\/www.selfprotein.com\/es\/producto\/essential-amino-tabs\/","title":{"rendered":"Essential Amino Tabs"},"content":{"rendered":"<p style=\"text-align: left;\" align=\"center\"><strong><span lang=\"en-US\">Essential Amino Tabs<\/span><\/strong><\/p>\n<p><span lang=\"en-US\">Las p\u00edldoras de amino\u00e1cidos esenciales (EAA) est\u00e1n formuladas para proporcionar los amino\u00e1cidos que el cuerpo humano no puede sintetizar de forma independiente y debe obtener a trav\u00e9s de la dieta. Estos componentes desempe\u00f1an un papel crucial en la s\u00edntesis de prote\u00ednas y son esenciales para construir y reparar el tejido muscular, por lo que son especialmente beneficiosos para atletas y entusiastas del deporte.<\/span><\/p>\n<p><span lang=\"en-US\">Beneficios de los amino\u00e1cidos esenciales en pastillas:<\/span><\/p>\n<ul>\n<li><strong><span lang=\"en-US\">Apoyo al crecimiento muscular:<\/span><\/strong><span lang=\"en-US\"> Los EAA son cruciales para la s\u00edntesis de prote\u00ednas musculares y pueden contribuir al crecimiento y la reparaci\u00f3n muscular despu\u00e9s del ejercicio.<\/span><\/li>\n<li><strong><span lang=\"en-US\">Recuperaci\u00f3n mejorada:<\/span><\/strong><span lang=\"en-US\"> Los EAA pueden contribuir a mejorar la recuperaci\u00f3n tras la actividad f\u00edsica reduciendo el da\u00f1o muscular y la inflamaci\u00f3n.<\/span><\/li>\n<li><strong><span lang=\"en-US\">Mejora de la resistencia<\/span><\/strong><span lang=\"en-US\"><strong>:<\/strong> Los EAA pueden ayudar a mejorar la resistencia reduciendo el catabolismo del tejido muscular durante el ejercicio y favoreciendo la producci\u00f3n de energ\u00eda.<\/span><\/li>\n<li><strong><span lang=\"en-US\">Apoyo a la funci\u00f3n inmunitaria:<\/span><\/strong><span lang=\"en-US\"> Los EAA son importantes para la funci\u00f3n inmunitaria, lo que puede ser beneficioso para los deportistas con riesgo de infecciones debido a los altos niveles de actividad f\u00edsica.<\/span><\/li>\n<\/ul>\n<p>&nbsp;<\/p>\n<p><strong><span lang=\"en-US\">Uso recomendado<\/span><\/strong><\/p>\n<p><span lang=\"en-US\">Una raci\u00f3n al d\u00eda para tomar antes, durante o despu\u00e9s de la actividad f\u00edsica o a lo largo del d\u00eda.<\/span><\/p>\n<p><strong>Aviso<\/strong><\/p>\n<ul>\n<li>S\u00f3lo para adultos y no sustituye a una dieta variada y equilibrada ni a un estilo de vida saludable.<\/li>\n<li>No superar la dosis recomendada.<\/li>\n<li>No lo utilice durante la lactancia ni en periodos de embarazo sin consultar al m\u00e9dico.<\/li>\n<li>Conservar el producto en un lugar fresco y seco, en un envase bien cerrado y fuera del alcance de los ni\u00f1os menores de 3 a\u00f1os.<\/li>\n<li>Puede contener trazas de leche, avena, huevo, soja.<\/li>\n<li>Sin Lactosa y Sin Gluten.<\/li>\n<\/ul>","protected":false},"excerpt":{"rendered":"<p>Essential Amino Tabs Las pastillas de amino\u00e1cidos esenciales (EAA) est\u00e1n formuladas para proporcionar los amino\u00e1cidos que el cuerpo humano no puede sintetizar de forma independiente y debe obtener a trav\u00e9s de la dieta. Estos componentes desempe\u00f1an un papel crucial en la s\u00edntesis de prote\u00ednas y son esenciales para la construcci\u00f3n y reparaci\u00f3n del tejido muscular, por lo que resultan especialmente beneficiosos para atletas y deportistas [...].<\/p>","protected":false},"featured_media":588,"template":"","meta":[],"product_cat":[151,311],"product_tag":[161,317],"class_list":{"0":"post-586","1":"product","2":"type-product","3":"status-publish","4":"has-post-thumbnail","6":"product_cat-amino-acids-creatine","7":"product_cat-recovery-and-regeneration","8":"product_tag-amino-acids-creatine","9":"product_tag-recovery-and-regeneration","11":"first","12":"instock","13":"sale","14":"taxable","15":"shipping-taxable","16":"purchasable","17":"product-type-variable"},"aioseo_notices":[],"_links":{"self":[{"href":"https:\/\/www.selfprotein.com\/es\/wp-json\/wp\/v2\/product\/586"}],"collection":[{"href":"https:\/\/www.selfprotein.com\/es\/wp-json\/wp\/v2\/product"}],"about":[{"href":"https:\/\/www.selfprotein.com\/es\/wp-json\/wp\/v2\/types\/product"}],"wp:featuredmedia":[{"embeddable":true,"href":"https:\/\/www.selfprotein.com\/es\/wp-json\/wp\/v2\/media\/588"}],"wp:attachment":[{"href":"https:\/\/www.selfprotein.com\/es\/wp-json\/wp\/v2\/media?parent=586"}],"wp:term":[{"taxonomy":"product_cat","embeddable":true,"href":"https:\/\/www.selfprotein.com\/es\/wp-json\/wp\/v2\/product_cat?post=586"},{"taxonomy":"product_tag","embeddable":true,"href":"https:\/\/www.selfprotein.com\/es\/wp-json\/wp\/v2\/product_tag?post=586"}],"curies":[{"name":"wp","href":"https:\/\/api.w.org\/{rel}","templated":true}]}}