{"id":592,"date":"2023-11-27T13:19:35","date_gmt":"2023-11-27T12:19:35","guid":{"rendered":"https:\/\/34.88.231.180\/product\/essential-bcaa-211\/"},"modified":"2026-05-01T00:23:50","modified_gmt":"2026-04-30T22:23:50","slug":"essential-bcaa-211","status":"publish","type":"product","link":"https:\/\/www.selfprotein.com\/es\/producto\/essential-bcaa-211\/","title":{"rendered":"Essential BCAA 2:1:1"},"content":{"rendered":"<p><strong>Resumen del producto:<\/strong><\/p>\n<p>Estos amino\u00e1cidos son vitales para construir y mantener la masa muscular. Los BCAA constituyen un tercio de las prote\u00ednas musculares y constan de tres amino\u00e1cidos esenciales: leucina, isoleucina y valina. Son importantes porque nuestro cuerpo no los produce por s\u00ed mismo, por lo que deben ingerirse con los alimentos o como suplemento alimenticio. De estos tres amino\u00e1cidos, la mayor ventaja fisiol\u00f3gica para la s\u00edntesis de prote\u00ednas la tiene la leucina, mientras que la isoleucina favorece la absorci\u00f3n de glucosa en las c\u00e9lulas. La valina se utiliza sobre todo para la recuperaci\u00f3n muscular, la reparaci\u00f3n de tejidos y el equilibrio de nitr\u00f3geno. Se trata de un producto muy interesante para todos los deportistas porque los BCAA pasan el h\u00edgado y van directamente a la circulaci\u00f3n sangu\u00ednea para su absorci\u00f3n inmediata en los m\u00fasculos. Tomar BCAA tambi\u00e9n puede reducir los niveles de lactato despu\u00e9s de un entrenamiento intenso; reduce la fatiga muscular, y ayuda a regular la absorci\u00f3n de otros amino\u00e1cidos. Tambi\u00e9n ayudan al cuerpo a reunir prote\u00ednas; la deficiencia de uno de estos amino\u00e1cidos provocar\u00e1 la p\u00e9rdida de m\u00fasculo.<\/p>\n<p><strong>Beneficios clave:<\/strong><\/p>\n<ul>\n<li>Favorece el crecimiento muscular<\/li>\n<li>Acelera la recuperaci\u00f3n muscular<\/li>\n<li>Aumenta la energ\u00eda muscular<\/li>\n<li>Mejora la absorci\u00f3n de prote\u00ednas<\/li>\n<li>Reduce la fatiga muscular<\/li>\n<li>Vitamina B6<\/li>\n<\/ul>\n<p>&nbsp;<\/p>\n<p><strong>Aviso:<\/strong><\/p>\n<ul>\n<li>S\u00f3lo para adultos y no sustituye a una dieta variada y equilibrada ni a un estilo de vida saludable.<\/li>\n<li>No superar la dosis recomendada.<\/li>\n<li>Dosis diaria recomendada: 5 comprimidos.<\/li>\n<li>No lo utilice durante la lactancia ni en periodos de embarazo sin consultar al m\u00e9dico.<\/li>\n<li>Conservar el producto en un lugar fresco y seco, en un envase bien cerrado y fuera del alcance de los ni\u00f1os menores de 3 a\u00f1os.<\/li>\n<li>Puede contener trazas de huevo , soja, avena, leche.<\/li>\n<li>Sin Lactosa y Sin Gluten.<\/li>\n<\/ul>","protected":false},"excerpt":{"rendered":"<p>Resumen del producto: Estos amino\u00e1cidos son vitales para construir y mantener la masa muscular. Los BCAA constituyen un tercio de las prote\u00ednas musculares y constan de tres amino\u00e1cidos esenciales: leucina, isoleucina y valina. Son importantes porque nuestro cuerpo no los produce por s\u00ed mismo; por lo tanto, tienen que ser ingeridos con los alimentos o como [...]<\/p>","protected":false},"featured_media":594,"template":"","meta":[],"product_cat":[151,311],"product_tag":[161,317],"class_list":{"0":"post-592","1":"product","2":"type-product","3":"status-publish","4":"has-post-thumbnail","6":"product_cat-amino-acids-creatine","7":"product_cat-recovery-and-regeneration","8":"product_tag-amino-acids-creatine","9":"product_tag-recovery-and-regeneration","11":"first","12":"instock","13":"sale","14":"taxable","15":"shipping-taxable","16":"purchasable","17":"product-type-variable"},"aioseo_notices":[],"_links":{"self":[{"href":"https:\/\/www.selfprotein.com\/es\/wp-json\/wp\/v2\/product\/592"}],"collection":[{"href":"https:\/\/www.selfprotein.com\/es\/wp-json\/wp\/v2\/product"}],"about":[{"href":"https:\/\/www.selfprotein.com\/es\/wp-json\/wp\/v2\/types\/product"}],"wp:featuredmedia":[{"embeddable":true,"href":"https:\/\/www.selfprotein.com\/es\/wp-json\/wp\/v2\/media\/594"}],"wp:attachment":[{"href":"https:\/\/www.selfprotein.com\/es\/wp-json\/wp\/v2\/media?parent=592"}],"wp:term":[{"taxonomy":"product_cat","embeddable":true,"href":"https:\/\/www.selfprotein.com\/es\/wp-json\/wp\/v2\/product_cat?post=592"},{"taxonomy":"product_tag","embeddable":true,"href":"https:\/\/www.selfprotein.com\/es\/wp-json\/wp\/v2\/product_tag?post=592"}],"curies":[{"name":"wp","href":"https:\/\/api.w.org\/{rel}","templated":true}]}}