{"id":598,"date":"2023-11-27T13:19:46","date_gmt":"2023-11-27T12:19:46","guid":{"rendered":"https:\/\/34.88.231.180\/product\/glutamine-peptides\/"},"modified":"2026-04-01T00:00:16","modified_gmt":"2026-03-31T22:00:16","slug":"glutamine-peptide","status":"publish","type":"product","link":"https:\/\/www.selfprotein.com\/es\/producto\/glutamine-peptide\/","title":{"rendered":"Glutamine Peptide"},"content":{"rendered":"<p style=\"text-align: left;\" align=\"center\"><strong><span lang=\"en-US\">P\u00e9ptidos de glutamina<\/span><\/strong><\/p>\n<p><span lang=\"en-US\">Los p\u00e9ptidos de glutamina representan una forma avanzada de glutamina, en la que el amino\u00e1cido se une a otras mol\u00e9culas, normalmente p\u00e9ptidos o amino\u00e1cidos, para optimizar su absorci\u00f3n y biodisponibilidad en el organismo. La glutamina, un amino\u00e1cido no esencial, desempe\u00f1a un papel crucial en m\u00faltiples funciones corporales, como el apoyo al sistema inmunitario, la s\u00edntesis de prote\u00ednas y el mantenimiento de la salud intestinal.<\/span><\/p>\n<p><span lang=\"en-US\">Beneficios de los p\u00e9ptidos de glutamina:<\/span><\/p>\n<ul>\n<li><strong><span lang=\"en-US\">Mayor absorci\u00f3n y biodisponibilidad:<\/span><\/strong><span lang=\"en-US\"> Gracias a su formulaci\u00f3n avanzada, los p\u00e9ptidos de glutamina permiten una asimilaci\u00f3n m\u00e1s eficaz en comparaci\u00f3n con la glutamina est\u00e1ndar, lo que garantiza una mayor disponibilidad de este amino\u00e1cido clave para el organismo.<\/span><\/li>\n<li><strong><span lang=\"en-US\">Ayuda al crecimiento muscular:<\/span><\/strong><span lang=\"en-US\"> Los atletas y culturistas suelen utilizar suplementos de p\u00e9ptidos de glutamina para promover el crecimiento muscular y facilitar la recuperaci\u00f3n tras el ejercicio f\u00edsico intenso, ya que pueden optimizar la s\u00edntesis de prote\u00ednas musculares.<\/span><\/li>\n<li><strong><span lang=\"en-US\">Reducci\u00f3n de la degradaci\u00f3n muscular<\/span><\/strong><span lang=\"en-US\"><strong>:<\/strong> Los p\u00e9ptidos de glutamina pueden reducir la degradaci\u00f3n muscular, protegiendo los tejidos musculares durante el entrenamiento y facilitando una mejor reparaci\u00f3n y recuperaci\u00f3n muscular.<\/span><\/li>\n<li><strong><span lang=\"en-US\">Beneficios adicionales para la salud intestinal<\/span><\/strong><span lang=\"en-US\"><strong>:<\/strong> Debido a su acci\u00f3n sobre la glutamina, los p\u00e9ptidos de glutamina pueden contribuir a mantener la salud del revestimiento intestinal, favoreciendo as\u00ed una funci\u00f3n intestinal \u00f3ptima y promoviendo una mejor salud general.<\/span><\/li>\n<\/ul>\n<p>&nbsp;<\/p>\n<p><strong><span lang=\"en-US\">Uso recomendado<\/span><\/strong><\/p>\n<p><span lang=\"en-US\">Una dosis antes, durante o despu\u00e9s del entrenamiento.<\/span><\/p>\n<p><strong>Aviso:<\/strong><\/p>\n<ul>\n<li>S\u00f3lo para adultos y no sustituye a una dieta variada y equilibrada ni a un estilo de vida saludable.<\/li>\n<li>No superar la dosis recomendada.<\/li>\n<li>No lo utilice durante la lactancia ni en periodos de embarazo sin consultar al m\u00e9dico.<\/li>\n<li>Conservar el producto en un lugar fresco y seco, en un envase bien cerrado y fuera del alcance de los ni\u00f1os menores de 3 a\u00f1os.<\/li>\n<li>Puede contener trazas de leche, avena, huevo, soja.<\/li>\n<li>Sin Lactosa y Sin Gluten.<\/li>\n<\/ul>","protected":false},"excerpt":{"rendered":"<details>\n<summary>Ingredientes<\/summary>\n<table style=\"text-align: center;\">\n<tbody>\n<tr>\n<th>Ingredientes<\/th>\n<th>por porci\u00f3n 9g<\/th>\n<\/tr>\n<tr>\n<td>Glutamine Peptide<\/td>\n<td>7,65g<\/td>\n<\/tr>\n<tr>\n<td>de los cuales<\/td>\n<td><\/td>\n<\/tr>\n<tr>\n<td>4,65g L-Glutamina<\/td>\n<td><\/td>\n<\/tr>\n<tr>\n<td>3g L-Alanina<\/td>\n<td><\/td>\n<\/tr>\n<tr>\n<td colspan=\"2\"><strong>Otros ingredientes: <\/strong>regulador de la acidez (E296), antiaglomerante (E551), aromatizante, antioxidante (E341), emulgente (E470b), edulcorante (E955), colorante (E160a)<\/td>\n<\/tr>\n<\/tbody>\n<\/table>\n<\/details>\n<p>&nbsp;<\/p>","protected":false},"featured_media":599,"template":"","meta":[],"product_cat":[151,311],"product_tag":[161,317],"class_list":{"0":"post-598","1":"product","2":"type-product","3":"status-publish","4":"has-post-thumbnail","6":"product_cat-amino-acids-creatine","7":"product_cat-recovery-and-regeneration","8":"product_tag-amino-acids-creatine","9":"product_tag-recovery-and-regeneration","11":"first","12":"instock","13":"taxable","14":"shipping-taxable","15":"purchasable","16":"product-type-simple"},"aioseo_notices":[],"_links":{"self":[{"href":"https:\/\/www.selfprotein.com\/es\/wp-json\/wp\/v2\/product\/598"}],"collection":[{"href":"https:\/\/www.selfprotein.com\/es\/wp-json\/wp\/v2\/product"}],"about":[{"href":"https:\/\/www.selfprotein.com\/es\/wp-json\/wp\/v2\/types\/product"}],"wp:featuredmedia":[{"embeddable":true,"href":"https:\/\/www.selfprotein.com\/es\/wp-json\/wp\/v2\/media\/599"}],"wp:attachment":[{"href":"https:\/\/www.selfprotein.com\/es\/wp-json\/wp\/v2\/media?parent=598"}],"wp:term":[{"taxonomy":"product_cat","embeddable":true,"href":"https:\/\/www.selfprotein.com\/es\/wp-json\/wp\/v2\/product_cat?post=598"},{"taxonomy":"product_tag","embeddable":true,"href":"https:\/\/www.selfprotein.com\/es\/wp-json\/wp\/v2\/product_tag?post=598"}],"curies":[{"name":"wp","href":"https:\/\/api.w.org\/{rel}","templated":true}]}}