{"id":620,"date":"2023-11-27T13:28:18","date_gmt":"2023-11-27T12:28:18","guid":{"rendered":"https:\/\/34.88.231.180\/product\/hydro-plus\/"},"modified":"2026-04-01T00:00:18","modified_gmt":"2026-03-31T22:00:18","slug":"hydro-plus","status":"publish","type":"product","link":"https:\/\/www.selfprotein.com\/es\/producto\/hydro-plus\/","title":{"rendered":"Hydro Plus"},"content":{"rendered":"<p style=\"text-align: left;\" align=\"center\"><strong><span lang=\"en-US\">Hydro Plus<\/span><\/strong><\/p>\n<p><span lang=\"en-US\">Gracias a su capacidad para proporcionar energ\u00eda inmediata y mantener el equilibrio de l\u00edquidos del organismo, las f\u00f3rmulas de hidratos de carbono y electrolitos se han convertido en la piedra angular de la nutrici\u00f3n deportiva, permitiendo a los atletas y personas activas alcanzar un rendimiento \u00f3ptimo y favorecer una recuperaci\u00f3n r\u00e1pida y eficaz.<\/span><\/p>\n<p><span lang=\"en-US\">Explore la eficacia de las f\u00f3rmulas de hidratos de carbono y electrolitos, una opci\u00f3n esencial en la nutrici\u00f3n deportiva que combina hidratos de carbono y electrolitos para proporcionar energ\u00eda y mantener la hidrataci\u00f3n durante la actividad f\u00edsica. Este tipo de producto se ha convertido en una opci\u00f3n popular entre atletas y personas activas que desean optimizar su rendimiento y recuperaci\u00f3n durante el ejercicio o la competici\u00f3n.<\/span><\/p>\n<p><span lang=\"en-US\">Beneficios de Hydro Plus:<\/span><\/p>\n<ul>\n<li><strong><span lang=\"en-US\">Reposici\u00f3n de las reservas de energ\u00eda<\/span><\/strong><span lang=\"en-US\"><strong>:<\/strong> Las f\u00f3rmulas de hidratos de carbono y electrolitos proporcionan una fuente r\u00e1pida de energ\u00eda a trav\u00e9s de los hidratos de carbono, que son esenciales para mantener una actividad f\u00edsica de alta intensidad y prolongada.<\/span><\/li>\n<li><strong><span lang=\"en-US\">Mantenimiento de la hidrataci\u00f3n<\/span><\/strong><span lang=\"en-US\"><strong>:<\/strong> Los electrolitos como el sodio, el potasio y el magnesio presentes en estas f\u00f3rmulas ayudan a regular el equilibrio de l\u00edquidos en el organismo, evitando la deshidrataci\u00f3n y optimizando el rendimiento.<\/span><\/li>\n<li><strong><span lang=\"en-US\">Mejora del rendimiento:<\/span><\/strong><span lang=\"en-US\"> Gracias a la combinaci\u00f3n de hidratos de carbono y electrolitos, estas f\u00f3rmulas pueden ayudar a mantener niveles constantes de energ\u00eda durante el ejercicio, mejorando as\u00ed la resistencia y la capacidad de mantener un esfuerzo f\u00edsico prolongado.<\/span><\/li>\n<li><strong><span lang=\"en-US\">Recuperaci\u00f3n acelerada:<\/span><\/strong><span lang=\"en-US\"> Mediante el uso de f\u00f3rmulas de hidratos de carbono y electrolitos durante y despu\u00e9s de la actividad f\u00edsica, las personas pueden acelerar el proceso de recuperaci\u00f3n reponiendo las reservas de energ\u00eda e hidrat\u00e1ndose adecuadamente.<\/span><\/li>\n<li><strong><span lang=\"en-US\">Comodidad y practicidad:<\/span><\/strong><span lang=\"en-US\"> Las f\u00f3rmulas de hidratos de carbono y electrolitos ofrecen una forma c\u00f3moda y eficaz de asegurarse de obtener la cantidad adecuada de energ\u00eda e hidrataci\u00f3n durante el ejercicio, sin necesidad de llevar y combinar diferentes alimentos o suplementos.<\/span><\/li>\n<\/ul>\n<p>&nbsp;<\/p>\n<p><strong><span lang=\"en-US\">Uso recomendado<\/span><\/strong><\/p>\n<p><span lang=\"en-US\">1 dosis en 500 ml de agua (botella de agua). Durante el ejercicio f\u00edsico intenso, se recomienda consumir 500 ml del producto por cada hora de actividad.<\/span><\/p>\n<p><strong>Aviso:<\/strong><\/p>\n<ul>\n<li>S\u00f3lo para adultos y no sustituye a una dieta variada y equilibrada ni a un estilo de vida saludable.<\/li>\n<li>No superar la dosis recomendada.<\/li>\n<li>No lo utilice durante la lactancia ni en periodos de embarazo sin consultar al m\u00e9dico.<\/li>\n<li>Conservar el producto en un lugar fresco y seco, en un envase bien cerrado y fuera del alcance de los ni\u00f1os menores de 3 a\u00f1os.<\/li>\n<li>Puede contener trazas de leche, avena, huevo, soja.<\/li>\n<li>Sin Lactosa y Sin Gluten.<\/li>\n<\/ul>","protected":false},"excerpt":{"rendered":"<p>Hydro Plus Gracias a su capacidad para proporcionar energ\u00eda inmediata y mantener el equilibrio de l\u00edquidos del organismo, las f\u00f3rmulas de hidratos de carbono y electrolitos se han convertido en la piedra angular de la nutrici\u00f3n deportiva, permitiendo a los atletas y personas activas alcanzar un rendimiento \u00f3ptimo y favorecer una recuperaci\u00f3n r\u00e1pida y eficaz. Explore la eficacia de las f\u00f3rmulas de carbohidratos y electrolitos, una opci\u00f3n esencial en la nutrici\u00f3n deportiva [...]<\/p>","protected":false},"featured_media":622,"template":"","meta":[],"product_cat":[310,217],"product_tag":[315,230],"class_list":{"0":"post-620","1":"product","2":"type-product","3":"status-publish","4":"has-post-thumbnail","6":"product_cat-performance-and-endurance","7":"product_cat-pre-workout-energy","8":"product_tag-performance-and-endurance","9":"product_tag-pre-workout-energy","11":"first","12":"instock","13":"taxable","14":"shipping-taxable","15":"purchasable","16":"product-type-variable"},"aioseo_notices":[],"_links":{"self":[{"href":"https:\/\/www.selfprotein.com\/es\/wp-json\/wp\/v2\/product\/620"}],"collection":[{"href":"https:\/\/www.selfprotein.com\/es\/wp-json\/wp\/v2\/product"}],"about":[{"href":"https:\/\/www.selfprotein.com\/es\/wp-json\/wp\/v2\/types\/product"}],"wp:featuredmedia":[{"embeddable":true,"href":"https:\/\/www.selfprotein.com\/es\/wp-json\/wp\/v2\/media\/622"}],"wp:attachment":[{"href":"https:\/\/www.selfprotein.com\/es\/wp-json\/wp\/v2\/media?parent=620"}],"wp:term":[{"taxonomy":"product_cat","embeddable":true,"href":"https:\/\/www.selfprotein.com\/es\/wp-json\/wp\/v2\/product_cat?post=620"},{"taxonomy":"product_tag","embeddable":true,"href":"https:\/\/www.selfprotein.com\/es\/wp-json\/wp\/v2\/product_tag?post=620"}],"curies":[{"name":"wp","href":"https:\/\/api.w.org\/{rel}","templated":true}]}}