{"id":637,"date":"2023-11-27T13:28:59","date_gmt":"2023-11-27T12:28:59","guid":{"rendered":"https:\/\/34.88.231.180\/product\/inject-pwo\/"},"modified":"2026-05-01T00:23:51","modified_gmt":"2026-04-30T22:23:51","slug":"inject-pwo","status":"publish","type":"product","link":"https:\/\/www.selfprotein.com\/es\/producto\/inject-pwo\/","title":{"rendered":"Inject PWO"},"content":{"rendered":"<p style=\"text-align: left;\" align=\"center\"><strong><span lang=\"en-US\">Inyecci\u00f3n Pre-Entrenamiento<\/span><\/strong><\/p>\n<p><span lang=\"en-US\">Inject Pre-Workout es un suplemento dise\u00f1ado para ser tomado antes de un entrenamiento para mejorar el rendimiento f\u00edsico y aumentar los niveles de energ\u00eda. Este tipo de suplemento puede ser especialmente \u00fatil para quienes buscan optimizar su rendimiento durante la actividad f\u00edsica, pero es fundamental utilizarlo con precauci\u00f3n y respetar las dosis recomendadas.<\/span><\/p>\n<p><span lang=\"en-US\">Beneficios de Inject Pre-Entrenamiento:<\/span><\/p>\n<ul>\n<li><strong><span lang=\"en-US\">Mejora del rendimiento:<\/span><\/strong><span lang=\"en-US\"> Tomar Inject Pre-Entrenamiento puede ayudar a mejorar el rendimiento durante el entrenamiento. Los ingredientes de este suplemento pueden promover una mayor resistencia, fuerza y concentraci\u00f3n, lo que permite a los atletas alcanzar niveles m\u00e1s altos de rendimiento.<\/span><\/li>\n<li><strong><span lang=\"en-US\">Aumento de los niveles de energ\u00eda:<\/span><\/strong><span lang=\"en-US\"> Gracias a su formulaci\u00f3n espec\u00edfica, Inject Pre-Workout puede aumentar los niveles de energ\u00eda, permitiendo a las personas abordar los entrenamientos con mayor vitalidad y determinaci\u00f3n. Esto resulta especialmente ventajoso para quienes se enfrentan a sesiones de entrenamiento intensas o prolongadas.<\/span><\/li>\n<li><strong><span lang=\"en-US\">Favorece la concentraci\u00f3n:<\/span><\/strong><span lang=\"en-US\"> Los suplementos pre-entrenamiento como Inject Pre-Workout a menudo contienen ingredientes dise\u00f1ados para mejorar la concentraci\u00f3n mental y el enfoque. Esto puede ser \u00fatil para mantener la mente centrada en el objetivo durante el entrenamiento, mejorando as\u00ed la eficacia general de la sesi\u00f3n de entrenamiento.<\/span><\/li>\n<\/ul>\n<p><\/p>\n<p><strong><span lang=\"en-US\">Uso recomendado<\/span><\/strong><\/p>\n<p><span lang=\"en-US\">Tomar 1 dosis 30-45 minutos antes del entrenamiento.<\/span>\n<\/p>\n<p class=\"xmprfx_MsoNormal\"><b>Aviso:<\/b><\/p>\n<ul>\n<li>S\u00f3lo para adultos y no sustituye a una dieta variada y equilibrada ni a un estilo de vida saludable.<\/li>\n<li>No superar la dosis recomendada.<\/li>\n<li>No lo utilice durante la lactancia ni en periodos de embarazo sin consultar al m\u00e9dico.<\/li>\n<li>Conservar el producto en un lugar fresco y seco, en un envase bien cerrado y fuera del alcance de los ni\u00f1os menores de 3 a\u00f1os.<\/li>\n<li>Puede contener trazas de leche, avena, huevo, soja.<\/li>\n<li>Sin Lactosa y Sin Gluten.<\/li>\n<\/ul>","protected":false},"excerpt":{"rendered":"<p>Inject Pre-Workout Inject Pre-Workout es un suplemento dise\u00f1ado para ser tomado antes de un entrenamiento para mejorar el rendimiento f\u00edsico y aumentar los niveles de energ\u00eda. Este tipo de suplemento puede ser especialmente \u00fatil para quienes buscan optimizar su rendimiento durante la actividad f\u00edsica, pero es fundamental utilizarlo con precauci\u00f3n y respetar las dosis recomendadas. Beneficios [...]<\/p>","protected":false},"featured_media":5634,"template":"","meta":[],"product_cat":[310,217],"product_tag":[315,230],"class_list":{"0":"post-637","1":"product","2":"type-product","3":"status-publish","4":"has-post-thumbnail","6":"product_cat-performance-and-endurance","7":"product_cat-pre-workout-energy","8":"product_tag-performance-and-endurance","9":"product_tag-pre-workout-energy","11":"first","12":"instock","13":"taxable","14":"shipping-taxable","15":"purchasable","16":"product-type-variable"},"aioseo_notices":[],"_links":{"self":[{"href":"https:\/\/www.selfprotein.com\/es\/wp-json\/wp\/v2\/product\/637"}],"collection":[{"href":"https:\/\/www.selfprotein.com\/es\/wp-json\/wp\/v2\/product"}],"about":[{"href":"https:\/\/www.selfprotein.com\/es\/wp-json\/wp\/v2\/types\/product"}],"wp:featuredmedia":[{"embeddable":true,"href":"https:\/\/www.selfprotein.com\/es\/wp-json\/wp\/v2\/media\/5634"}],"wp:attachment":[{"href":"https:\/\/www.selfprotein.com\/es\/wp-json\/wp\/v2\/media?parent=637"}],"wp:term":[{"taxonomy":"product_cat","embeddable":true,"href":"https:\/\/www.selfprotein.com\/es\/wp-json\/wp\/v2\/product_cat?post=637"},{"taxonomy":"product_tag","embeddable":true,"href":"https:\/\/www.selfprotein.com\/es\/wp-json\/wp\/v2\/product_tag?post=637"}],"curies":[{"name":"wp","href":"https:\/\/api.w.org\/{rel}","templated":true}]}}