{"id":645,"date":"2023-11-27T13:29:16","date_gmt":"2023-11-27T12:29:16","guid":{"rendered":"https:\/\/34.88.231.180\/product\/inject-pwo-caffeine-free\/"},"modified":"2026-05-01T00:23:51","modified_gmt":"2026-04-30T22:23:51","slug":"inject-pwo-caffeine-free","status":"publish","type":"product","link":"https:\/\/www.selfprotein.com\/es\/producto\/inject-pwo-caffeine-free\/","title":{"rendered":"Inject PWO Caffeine Free"},"content":{"rendered":"<p style=\"text-align: left;\" align=\"center\"><strong><span lang=\"en-US\">Inject PWO Caffeine Free<\/span><\/strong><\/p>\n<p><span lang=\"en-US\">Inject PWO Caffeine Free es un suplemento pre-entrenamiento dise\u00f1ado para mejorar el rendimiento y aumentar los niveles de energ\u00eda sin la adici\u00f3n de cafe\u00edna. Ideal para aquellos que quieren sacar el m\u00e1ximo provecho de su entrenamiento sin los efectos estimulantes de la cafe\u00edna, este producto ofrece un apoyo fiable para optimizar el rendimiento f\u00edsico.<\/span><\/p>\n<p><span lang=\"en-US\">Beneficios del PWO sin cafe\u00edna:<\/span><\/p>\n<ul>\n<li><strong><span lang=\"en-US\">Mejora del rendimiento:<\/span><\/strong><span lang=\"en-US\"> Inject PWO Caffeine Free est\u00e1 formulado con ingredientes espec\u00edficos para apoyar la resistencia y la fuerza durante los entrenamientos, lo que le permite maximizar el rendimiento y lograr mejores resultados.<\/span><\/li>\n<li><strong><span lang=\"en-US\">Aumento de los niveles de energ\u00eda:<\/span><\/strong><span lang=\"en-US\"> Este suplemento proporciona una fuente de energ\u00eda sostenible sin el uso de cafe\u00edna, lo que le permite afrontar los entrenamientos con vigor y determinaci\u00f3n sin preocuparse por los efectos secundarios relacionados con la cafe\u00edna.<\/span><\/li>\n<li><strong><span lang=\"en-US\">Apoyo al entrenamiento sin cafe\u00edna:<\/span><\/strong><span lang=\"en-US\"> Para aquellos que prefieren evitar la cafe\u00edna o quieren limitar su consumo, Inject PWO Caffeine Free ofrece una alternativa eficaz para recibir apoyo pre-entrenamiento sin los efectos estimulantes de la cafe\u00edna.<\/span><\/li>\n<li><strong><span lang=\"en-US\">Dosis controlada:<\/span><\/strong><span lang=\"en-US\"> Es importante seguir cuidadosamente las instrucciones de dosificaci\u00f3n recomendadas para garantizar los m\u00e1ximos beneficios sin riesgos para la salud. Inject PWO Caffeine Free proporciona una dosificaci\u00f3n precisa para garantizar una suplementaci\u00f3n segura y eficaz.<\/span><\/li>\n<li><strong><span lang=\"en-US\">Adaptabilidad a las necesidades individuales:<\/span><\/strong><span lang=\"en-US\"> Este suplemento es adecuado para una amplia gama de individuos que buscan optimizar su entrenamiento, ofreciendo un apoyo personalizable basado en sus propias necesidades y objetivos de fitness.<\/span><\/li>\n<\/ul>\n<p><\/p>\n<p><strong><span lang=\"en-US\">Uso recomendado<\/span><\/strong><\/p>\n<p><span lang=\"en-US\">1 raci\u00f3n 30-45 minutos antes del entrenamiento.<\/span>\n<\/p>\n<p class=\"xmprfx_MsoNormal\"><b>Aviso:<\/b><\/p>\n<ul>\n<li>S\u00f3lo para adultos y no sustituye a una dieta variada y equilibrada ni a un estilo de vida saludable.<\/li>\n<li>No superar la dosis recomendada.<\/li>\n<li>No lo utilice durante la lactancia ni en periodos de embarazo sin consultar al m\u00e9dico.<\/li>\n<li>Conservar el producto en un lugar fresco y seco, en un envase bien cerrado y fuera del alcance de los ni\u00f1os menores de 3 a\u00f1os.<\/li>\n<li>Puede contener trazas de leche, avena, huevo, soja.<\/li>\n<li>Sin Lactosa y Sin Gluten.<\/li>\n<\/ul>","protected":false},"excerpt":{"rendered":"<p>Inject PWO Caffeine Free Inject PWO Caffeine Free es un suplemento pre-entrenamiento dise\u00f1ado para mejorar el rendimiento y aumentar los niveles de energ\u00eda sin la adici\u00f3n de cafe\u00edna. Ideal para aquellos que quieren sacar el m\u00e1ximo provecho de su entrenamiento sin los efectos estimulantes de la cafe\u00edna, este producto ofrece un apoyo fiable para optimizar el rendimiento f\u00edsico. Beneficios de Sin Cafe\u00edna [...]<\/p>","protected":false},"featured_media":5635,"template":"","meta":[],"product_cat":[310,217],"product_tag":[315,230],"class_list":{"0":"post-645","1":"product","2":"type-product","3":"status-publish","4":"has-post-thumbnail","6":"product_cat-performance-and-endurance","7":"product_cat-pre-workout-energy","8":"product_tag-performance-and-endurance","9":"product_tag-pre-workout-energy","11":"first","12":"instock","13":"taxable","14":"shipping-taxable","15":"purchasable","16":"product-type-variable"},"aioseo_notices":[],"_links":{"self":[{"href":"https:\/\/www.selfprotein.com\/es\/wp-json\/wp\/v2\/product\/645"}],"collection":[{"href":"https:\/\/www.selfprotein.com\/es\/wp-json\/wp\/v2\/product"}],"about":[{"href":"https:\/\/www.selfprotein.com\/es\/wp-json\/wp\/v2\/types\/product"}],"wp:featuredmedia":[{"embeddable":true,"href":"https:\/\/www.selfprotein.com\/es\/wp-json\/wp\/v2\/media\/5635"}],"wp:attachment":[{"href":"https:\/\/www.selfprotein.com\/es\/wp-json\/wp\/v2\/media?parent=645"}],"wp:term":[{"taxonomy":"product_cat","embeddable":true,"href":"https:\/\/www.selfprotein.com\/es\/wp-json\/wp\/v2\/product_cat?post=645"},{"taxonomy":"product_tag","embeddable":true,"href":"https:\/\/www.selfprotein.com\/es\/wp-json\/wp\/v2\/product_tag?post=645"}],"curies":[{"name":"wp","href":"https:\/\/api.w.org\/{rel}","templated":true}]}}