{"id":651,"date":"2023-11-27T13:29:28","date_gmt":"2023-11-27T12:29:28","guid":{"rendered":"https:\/\/34.88.231.180\/product\/instant-oat\/"},"modified":"2026-05-01T00:24:22","modified_gmt":"2026-04-30T22:24:22","slug":"instant-oat","status":"publish","type":"product","link":"https:\/\/www.selfprotein.com\/es\/producto\/instant-oat\/","title":{"rendered":"Instant Oat"},"content":{"rendered":"<p style=\"text-align: left;\" align=\"center\"><span lang=\"en-US\"><strong>Instant Oat<\/strong> <\/span><\/p>\n<p><span lang=\"en-US\">Con su combinaci\u00f3n \u00fanica de hidratos de carbono complejos y fibra, la harina de avena en polvo se ha ganado la reputaci\u00f3n de suplemento diet\u00e9tico vers\u00e1til y nutritivo, adecuado para satisfacer diversas necesidades diet\u00e9ticas y nutricionales, tanto para deportistas como para quienes buscan un estilo de vida activo y saludable.<\/span><\/p>\n<p><span lang=\"en-US\">Descubra la eficacia de la harina de avena en polvo, un suplemento diet\u00e9tico muy apreciado por su capacidad para proporcionar una fuente r\u00e1pida de hidratos de carbono complejos y fibra. Este producto se ha convertido en una opci\u00f3n popular entre quienes buscan un desayuno o tentempi\u00e9 saludable que ofrezca energ\u00eda sostenida en el tiempo y contribuya a una sensaci\u00f3n de saciedad gracias a su riqueza en fibra.<\/span><\/p>\n<p><span lang=\"en-US\">Beneficios de la harina de avena en polvo:<\/span><\/p>\n<ul>\n<li><strong><span lang=\"en-US\">Fuente de hidratos de carbono de liberaci\u00f3n lenta:<\/span><\/strong><span lang=\"en-US\"> La harina de avena en polvo proporciona hidratos de carbono complejos que se liberan gradualmente en el torrente sangu\u00edneo, garantizando un suministro constante de energ\u00eda a lo largo del tiempo, ideal para apoyar la actividad f\u00edsica o mental.<\/span><\/li>\n<li><strong><span lang=\"en-US\">Rico en fibra:<\/span><\/strong><span lang=\"en-US\"> Gracias a la presencia de fibra, la harina de avena ayuda a mantener estables los niveles de az\u00facar en sangre y favorece la sensaci\u00f3n de saciedad, ayudando a controlar el apetito y a mantener un peso corporal saludable.<\/span><\/li>\n<li><strong><span lang=\"en-US\">Versatilidad de uso:<\/span><\/strong><span lang=\"en-US\"> La harina de avena en polvo puede incorporarse f\u00e1cilmente a una gran variedad de recetas, como batidos de prote\u00ednas, bebidas energ\u00e9ticas y barritas de prote\u00ednas caseras, ofreciendo una opci\u00f3n nutritiva y sabrosa para satisfacer las necesidades diet\u00e9ticas y nutricionales.<\/span><\/li>\n<li><strong><span lang=\"en-US\">Facilidad de preparaci\u00f3n:<\/span><\/strong><span lang=\"en-US\"> Para utilizar la harina de avena en polvo, basta con mezclarla con agua, leche u otros l\u00edquidos para crear una bebida nutritiva rica en hidratos de carbono complejos y fibra o a\u00f1adirla a batidos de prote\u00ednas o recetas a base de avena.<\/span><\/li>\n<li><strong><span lang=\"en-US\">Apoyo durante y despu\u00e9s de la actividad f\u00edsica:<\/span><\/strong><span lang=\"en-US\"> Por su capacidad para proporcionar energ\u00eda sostenida y un aporte de fibra, la harina de avena en polvo es especialmente \u00fatil para quienes buscan un apoyo nutricional durante o despu\u00e9s de la actividad f\u00edsica, ya que ayuda a mantener altos niveles de rendimiento y favorece la recuperaci\u00f3n muscular.<\/span><\/li>\n<\/ul>\n<p>&nbsp;<\/p>\n<p><strong><span lang=\"en-US\">Uso recomendado<\/span><\/strong><\/p>\n<p><span lang=\"en-US\">1 porci\u00f3n en el desayuno, antes o despu\u00e9s del entrenamiento.<\/span><\/p>\n<p class=\"xmprfx_MsoNormal\"><b>Aviso:<\/b><\/p>\n<ul>\n<li>S\u00f3lo para adultos y no sustituye a una dieta variada y equilibrada ni a un estilo de vida saludable.<\/li>\n<li>No superar la dosis recomendada.<\/li>\n<li>No lo utilice durante la lactancia ni en periodos de embarazo sin consultar al m\u00e9dico.<\/li>\n<li>Conservar el producto en un lugar fresco y seco, en un envase bien cerrado y fuera del alcance de los ni\u00f1os menores de 3 a\u00f1os.<\/li>\n<li>Puede contener trazas de leche, huevo, soja.<\/li>\n<li>Sin Lactosa y Sin Gluten.<\/li>\n<\/ul>","protected":false},"excerpt":{"rendered":"<p>Avena instant\u00e1nea Con su combinaci\u00f3n \u00fanica de hidratos de carbono complejos y fibra, la harina de avena en polvo se ha ganado la reputaci\u00f3n de suplemento diet\u00e9tico vers\u00e1til y nutritivo, adecuado para satisfacer una gran variedad de necesidades diet\u00e9ticas y nutricionales, tanto para deportistas como para quienes buscan un estilo de vida activo y saludable. Descubra la eficacia de la harina de avena en polvo, un [...]<\/p>","protected":false},"featured_media":6233,"template":"","meta":[],"product_cat":[313,210],"product_tag":[316,223],"class_list":{"0":"post-651","1":"product","2":"type-product","3":"status-publish","4":"has-post-thumbnail","6":"product_cat-protein-snacks-and-fit-food","7":"product_cat-snacks-meal-solutions","8":"product_tag-protein-snacks-fit-food","9":"product_tag-snacks-meal-solutions","11":"first","12":"instock","13":"sale","14":"taxable","15":"shipping-taxable","16":"purchasable","17":"product-type-variable"},"aioseo_notices":[],"_links":{"self":[{"href":"https:\/\/www.selfprotein.com\/es\/wp-json\/wp\/v2\/product\/651"}],"collection":[{"href":"https:\/\/www.selfprotein.com\/es\/wp-json\/wp\/v2\/product"}],"about":[{"href":"https:\/\/www.selfprotein.com\/es\/wp-json\/wp\/v2\/types\/product"}],"wp:featuredmedia":[{"embeddable":true,"href":"https:\/\/www.selfprotein.com\/es\/wp-json\/wp\/v2\/media\/6233"}],"wp:attachment":[{"href":"https:\/\/www.selfprotein.com\/es\/wp-json\/wp\/v2\/media?parent=651"}],"wp:term":[{"taxonomy":"product_cat","embeddable":true,"href":"https:\/\/www.selfprotein.com\/es\/wp-json\/wp\/v2\/product_cat?post=651"},{"taxonomy":"product_tag","embeddable":true,"href":"https:\/\/www.selfprotein.com\/es\/wp-json\/wp\/v2\/product_tag?post=651"}],"curies":[{"name":"wp","href":"https:\/\/api.w.org\/{rel}","templated":true}]}}