{"id":699,"date":"2023-11-27T13:31:20","date_gmt":"2023-11-27T12:31:20","guid":{"rendered":"https:\/\/34.88.231.180\/product\/iso-whey-premium\/"},"modified":"2026-05-01T00:23:56","modified_gmt":"2026-04-30T22:23:56","slug":"iso-whey-premium","status":"publish","type":"product","link":"https:\/\/www.selfprotein.com\/es\/producto\/iso-whey-premium\/","title":{"rendered":"Iso Whey Premium"},"content":{"rendered":"<p style=\"text-align: left;\" align=\"center\"><strong><span lang=\"en-US\">Iso Whey Premium<\/span><\/strong><\/p>\n<p>Los atletas y culturistas recurren a menudo a suplementos diet\u00e9ticos espec\u00edficos para optimizar el crecimiento muscular y favorecer la recuperaci\u00f3n. Dos suplementos importantes son el aislado de prote\u00edna de suero sin lactosa y los p\u00e9ptidos de glutamina. Analicemos los beneficios de ambos y c\u00f3mo su combinaci\u00f3n puede repercutir positivamente en el rendimiento f\u00edsico.<\/p>\n<p>Beneficios del aislado de prote\u00edna de suero sin lactosa:<\/p>\n<ul>\n<li><strong>Alta pureza prote\u00ednica:<\/strong> El aislado de prote\u00edna de suero sin lactosa contiene m\u00e1s de 90% de prote\u00ednas, lo que lo convierte en una fuente de prote\u00ednas de muy alta calidad.<\/li>\n<li><strong>Prote\u00ednas completas:<\/strong> Contiene todos los amino\u00e1cidos esenciales, cruciales para la construcci\u00f3n y reparaci\u00f3n del tejido muscular.<\/li>\n<li><strong>R\u00e1pida absorci\u00f3n:<\/strong> Su r\u00e1pida asimilaci\u00f3n hace del aislado de prote\u00edna de suero un excelente suplemento para despu\u00e9s del entrenamiento, ya que proporciona amino\u00e1cidos esenciales de forma r\u00e1pida.<\/li>\n<li><strong>Sin lactosa ni gluten:<\/strong> Adecuado para las personas con intolerancias alimentarias, ya que garantiza una mejor digestibilidad y tolerancia.<\/li>\n<\/ul>\n<p>&nbsp;<\/p>\n<p>Beneficios de los p\u00e9ptidos de glutamina:<\/p>\n<ul>\n<li><strong>Estabilidad y absorci\u00f3n mejoradas:<\/strong> La forma pept\u00eddica de la glutamina, unida a otros amino\u00e1cidos, ofrece una mayor estabilidad y una absorci\u00f3n m\u00e1s f\u00e1cil en comparaci\u00f3n con la glutamina libre.<\/li>\n<li><strong>Ayuda a la recuperaci\u00f3n muscular:<\/strong> La glutamina es esencial para la recuperaci\u00f3n muscular, y los p\u00e9ptidos de glutamina contribuyen de forma \u00f3ptima a este proceso.<\/li>\n<li><strong>Mejora de la funci\u00f3n inmunitaria:<\/strong> La glutamina desempe\u00f1a un papel crucial en la funci\u00f3n inmunitaria, y los p\u00e9ptidos de glutamina pueden proporcionar un apoyo adicional en este \u00e1mbito.<\/li>\n<\/ul>\n<p>&nbsp;<\/p>\n<p>Sinergia en el crecimiento y la recuperaci\u00f3n muscular:<\/p>\n<p>La combinaci\u00f3n de aislado de prote\u00edna de suero sin lactosa y p\u00e9ptidos de glutamina crea un efecto sin\u00e9rgico:<\/p>\n<ul>\n<li>La prote\u00edna de suero aporta amino\u00e1cidos esenciales para la construcci\u00f3n y reparaci\u00f3n muscular.<\/li>\n<li>Los p\u00e9ptidos de glutamina favorecen la recuperaci\u00f3n muscular y refuerzan la funci\u00f3n inmunitaria.<\/li>\n<li>Juntos, estos dos suplementos crean una estrategia complementaria para optimizar el crecimiento muscular y promover una recuperaci\u00f3n eficaz despu\u00e9s del entrenamiento.<\/li>\n<\/ul>\n<p>&nbsp;<\/p>\n<p><strong>Uso recomendado:<\/strong><\/p>\n<p>De 1 a 3 raciones al d\u00eda, en funci\u00f3n de las necesidades individuales y teniendo en cuenta otras fuentes de prote\u00ednas de la dieta.<\/p>\n<p><strong>Aviso:<\/strong><\/p>\n<ul>\n<li>S\u00f3lo para adultos y no sustituye a una dieta variada y equilibrada ni a un estilo de vida saludable.<\/li>\n<li>No superar la dosis recomendada.<\/li>\n<li>No utilizar durante la lactancia y el embarazo sin consultar al m\u00e9dico.<\/li>\n<li>Conservar el producto en un lugar seco, en un recipiente bien cerrado y fuera del alcance de los ni\u00f1os menores de 3 a\u00f1os.<\/li>\n<li>Puede contener trazas de leche, avena, huevos y soja.<\/li>\n<li>Sin Lactosa y Sin Gluten.<\/li>\n<\/ul>","protected":false},"excerpt":{"rendered":"<p>Iso Whey Premium Los atletas y culturistas suelen recurrir a suplementos diet\u00e9ticos espec\u00edficos para optimizar el crecimiento muscular y favorecer la recuperaci\u00f3n. Dos suplementos importantes son el aislado de prote\u00edna de suero sin lactosa y los p\u00e9ptidos de glutamina. Analicemos los beneficios de ambos y c\u00f3mo su combinaci\u00f3n puede influir positivamente en el rendimiento f\u00edsico. Beneficios del aislado de prote\u00edna de suero sin lactosa: Alta pureza proteica: Sin lactosa [...]<\/p>","protected":false},"featured_media":7474,"template":"","meta":[],"product_cat":[158,308],"product_tag":[18,318],"class_list":{"0":"post-699","1":"product","2":"type-product","3":"status-publish","4":"has-post-thumbnail","6":"product_cat-proteins","7":"product_cat-strength-and-muscle-mass","8":"product_tag-proteins","9":"product_tag-strength-and-muscle-mass","11":"first","12":"instock","13":"sale","14":"taxable","15":"shipping-taxable","16":"purchasable","17":"product-type-variable"},"aioseo_notices":[],"_links":{"self":[{"href":"https:\/\/www.selfprotein.com\/es\/wp-json\/wp\/v2\/product\/699"}],"collection":[{"href":"https:\/\/www.selfprotein.com\/es\/wp-json\/wp\/v2\/product"}],"about":[{"href":"https:\/\/www.selfprotein.com\/es\/wp-json\/wp\/v2\/types\/product"}],"wp:featuredmedia":[{"embeddable":true,"href":"https:\/\/www.selfprotein.com\/es\/wp-json\/wp\/v2\/media\/7474"}],"wp:attachment":[{"href":"https:\/\/www.selfprotein.com\/es\/wp-json\/wp\/v2\/media?parent=699"}],"wp:term":[{"taxonomy":"product_cat","embeddable":true,"href":"https:\/\/www.selfprotein.com\/es\/wp-json\/wp\/v2\/product_cat?post=699"},{"taxonomy":"product_tag","embeddable":true,"href":"https:\/\/www.selfprotein.com\/es\/wp-json\/wp\/v2\/product_tag?post=699"}],"curies":[{"name":"wp","href":"https:\/\/api.w.org\/{rel}","templated":true}]}}