{"id":6994,"date":"2024-06-19T17:32:30","date_gmt":"2024-06-19T15:32:30","guid":{"rendered":"https:\/\/www.selfprotein.com\/?post_type=product&#038;p=6994"},"modified":"2026-04-01T00:00:46","modified_gmt":"2026-03-31T22:00:46","slug":"magnesium-ultra-strenght-444mg","status":"publish","type":"product","link":"https:\/\/www.selfprotein.com\/es\/producto\/magnesium-ultra-strenght-444mg\/","title":{"rendered":"Magnesium Ultra Strenght 444mg"},"content":{"rendered":"<p class=\" translation-block\">Magnesium Ultra Strenght 444mg<\/p>\n<p>El suplemento \"Magnesium Ultra Strenght\" puede ser especialmente \u00fatil para deportistas debido a su papel crucial en numerosas funciones corporales relacionadas con el rendimiento deportivo, la recuperaci\u00f3n muscular y la salud general. Est\u00e1 elaborado a partir de \u00f3xido de magnesio, bisglicinato y carbonato.<\/p>\n<p>He aqu\u00ed c\u00f3mo un suplemento de magnesio de alta potencia puede beneficiar a los atletas:<\/p>\n<p><strong>Ventajas:<\/strong><\/p>\n<p><strong>Apoyo muscular<\/strong><\/p>\n<ul>\n<li>El magnesio es esencial para la contracci\u00f3n y relajaci\u00f3n muscular. Una suplementaci\u00f3n adecuada puede prevenir calambres y espasmos musculares, mejorando el rendimiento y reduciendo el riesgo de lesiones.<\/li>\n<\/ul>\n<p><\/p>\n<p><strong>Recuperaci\u00f3n muscular<\/strong><\/p>\n<ul>\n<li>Despu\u00e9s de un entrenamiento intenso, el magnesio ayuda a reducir la inflamaci\u00f3n y favorece la recuperaci\u00f3n muscular. Tambi\u00e9n puede ayudar a reducir la acumulaci\u00f3n de \u00e1cido l\u00e1ctico en los m\u00fasculos, disminuyendo as\u00ed el dolor muscular post-entrenamiento.<\/li>\n<\/ul>\n<p><\/p>\n<p><strong>Producci\u00f3n de energ\u00eda<\/strong><\/p>\n<ul>\n<li>El magnesio interviene en la producci\u00f3n de ATP (trifosfato de adenosina), la principal fuente de energ\u00eda de las c\u00e9lulas. Esto favorece la resistencia y el rendimiento durante el ejercicio.<\/li>\n<\/ul>\n<p><\/p>\n<p><strong>Salud \u00f3sea<\/strong><\/p>\n<ul>\n<li>El magnesio contribuye a la salud \u00f3sea y dental, actuando en sinergia con el calcio y la vitamina D. Esto es importante para los deportistas que someten a tensi\u00f3n sus estructuras \u00f3seas con entrenamientos intensos.<\/li>\n<\/ul>\n<p><\/p>\n<p><strong>Equilibrio electrol\u00edtico<\/strong><\/p>\n<ul>\n<li>Durante el ejercicio, el cuerpo pierde electrolitos a trav\u00e9s del sudor. El magnesio ayuda a mantener el equilibrio electrol\u00edtico, evitando la deshidrataci\u00f3n y mejorando la funci\u00f3n muscular y nerviosa.<\/li>\n<\/ul>\n<p><\/p>\n<p><strong>Regulaci\u00f3n de la glucemia<\/strong><\/p>\n<ul>\n<li>El magnesio ayuda a regular los niveles de az\u00facar en sangre y la sensibilidad a la insulina, proporcionando una fuente de energ\u00eda estable durante la actividad f\u00edsica y ayudando a la recuperaci\u00f3n despu\u00e9s del ejercicio.<\/li>\n<\/ul>\n<p><\/p>\n<p><strong>Aviso:<\/strong><\/p>\n<ul>\n<li>S\u00f3lo para adultos y debe utilizarse dentro de una dieta variada y equilibrada y un estilo de vida saludable.<\/li>\n<li>No superar la dosis recomendada.<\/li>\n<li>Dosis diaria recomendada: 2 cps.<\/li>\n<li>No utilizar durante la lactancia, el embarazo, ni en ni\u00f1os, ni durante periodos prolongados sin consultar al m\u00e9dico.<\/li>\n<li>Conservar el producto en un lugar fresco y seco, en un envase bien cerrado y fuera del alcance de los ni\u00f1os menores de 3 a\u00f1os.<\/li>\n<li>Puede contener trazas de leche, avena, huevo y soja.<\/li>\n<li>Sin Lactosa y Sin Gluten.<\/li>\n<\/ul>","protected":false},"excerpt":{"rendered":"<details>\n<summary>Ingredientes<\/summary>\n<table style=\"text-align: center;\">\n<tbody>\n<tr>\n<th>Ingredientes<\/th>\n<th>por porci\u00f3n 2 c\u00e1ps.<\/th>\n<th>%NRV<\/th>\n<\/tr>\n<tr>\n<td>Magnesio (\u00d3xido de Magnesio\/Bisglicinato de Magnesio<br>\/Carbonato de Magnesio)<\/td>\n<td>444mg<\/td>\n<td>118<\/td>\n<\/tr>\n<tr>\n<td colspan=\"3\"><strong> Otros ingredientes: <\/strong>estabilizantes (E1400, E470b), c\u00e1psula vegana (E1204)<\/td>\n<\/tr>\n<\/tbody>\n<\/table>\n<\/details>\n<p>&nbsp;<\/p>","protected":false},"featured_media":7036,"template":"","meta":[],"product_cat":[311,214],"product_tag":[317,258],"class_list":{"0":"post-6994","1":"product","2":"type-product","3":"status-publish","4":"has-post-thumbnail","6":"product_cat-recovery-and-regeneration","7":"product_cat-vitamins-wellness","8":"product_tag-recovery-and-regeneration","9":"product_tag-vitamins-wellness","11":"first","12":"instock","13":"sale","14":"taxable","15":"shipping-taxable","16":"purchasable","17":"product-type-simple"},"aioseo_notices":[],"_links":{"self":[{"href":"https:\/\/www.selfprotein.com\/es\/wp-json\/wp\/v2\/product\/6994"}],"collection":[{"href":"https:\/\/www.selfprotein.com\/es\/wp-json\/wp\/v2\/product"}],"about":[{"href":"https:\/\/www.selfprotein.com\/es\/wp-json\/wp\/v2\/types\/product"}],"wp:featuredmedia":[{"embeddable":true,"href":"https:\/\/www.selfprotein.com\/es\/wp-json\/wp\/v2\/media\/7036"}],"wp:attachment":[{"href":"https:\/\/www.selfprotein.com\/es\/wp-json\/wp\/v2\/media?parent=6994"}],"wp:term":[{"taxonomy":"product_cat","embeddable":true,"href":"https:\/\/www.selfprotein.com\/es\/wp-json\/wp\/v2\/product_cat?post=6994"},{"taxonomy":"product_tag","embeddable":true,"href":"https:\/\/www.selfprotein.com\/es\/wp-json\/wp\/v2\/product_tag?post=6994"}],"curies":[{"name":"wp","href":"https:\/\/api.w.org\/{rel}","templated":true}]}}