{"id":6995,"date":"2024-06-19T17:32:18","date_gmt":"2024-06-19T15:32:18","guid":{"rendered":"https:\/\/www.selfprotein.com\/?post_type=product&#038;p=6995"},"modified":"2026-05-01T00:24:24","modified_gmt":"2026-04-30T22:24:24","slug":"super-omega-3-forte","status":"publish","type":"product","link":"https:\/\/www.selfprotein.com\/es\/producto\/super-omega-3-forte\/","title":{"rendered":"Super Omega 3 Forte"},"content":{"rendered":"<p><strong>Super Omega 3 Forte<\/strong><\/p>\n<p>Super Omega-3 Forte es un complemento alimenticio altamente concentrado en \u00e1cidos grasos Omega-3, que contiene altas dosis de EPA (\u00e1cido eicosapentaenoico) y DHA (\u00e1cido docosahexaenoico). Los Omega-3 son esenciales para el organismo y ofrecen numerosos beneficios para la salud, especialmente relevantes para quienes practican deporte. He aqu\u00ed un resumen de los principales beneficios y consideraciones sobre un suplemento de Super Omega-3 Forte:<\/p>\n<p><strong>Ventajas:<\/strong><\/p>\n<p><strong>Salud cardiovascular<\/strong><\/p>\n<ul>\n<li>Reducci\u00f3n de Triglic\u00e9ridos: Los omega-3 ayudan a reducir los niveles de triglic\u00e9ridos en sangre, reduciendo el riesgo de enfermedades cardiovasculares.<\/li>\n<li>Tensi\u00f3n arterial: Pueden ayudar a reducir la tensi\u00f3n arterial en personas con hipertensi\u00f3n.<\/li>\n<li>Funci\u00f3n endotelial: Mejoran la funci\u00f3n de las c\u00e9lulas que recubren los vasos sangu\u00edneos, favoreciendo una mejor circulaci\u00f3n.<\/li>\n<\/ul>\n<p>&nbsp;<\/p>\n<p><strong>Apoyo muscular y recuperaci\u00f3n<\/strong><\/p>\n<ul>\n<li>Reducci\u00f3n de la inflamaci\u00f3n: Los omega-3 tienen propiedades antiinflamatorias, que pueden ayudar a reducir las agujetas y la inflamaci\u00f3n postentrenamiento.<\/li>\n<li>Recuperaci\u00f3n: Pueden acelerar la recuperaci\u00f3n muscular tras un ejercicio extenuante.<\/li>\n<\/ul>\n<p>&nbsp;<\/p>\n<p><strong>Funci\u00f3n cerebral y salud mental<\/strong><\/p>\n<ul>\n<li>Mejora cognitiva: El DHA es esencial para la salud del cerebro, contribuyendo a la memoria y a la funci\u00f3n cognitiva.<\/li>\n<li>Salud mental: Los omega-3 pueden ayudar a reducir los s\u00edntomas de la depresi\u00f3n y la ansiedad.<\/li>\n<\/ul>\n<p>&nbsp;<\/p>\n<p><strong>Salud articular<\/strong><\/p>\n<ul>\n<li>Protecci\u00f3n de las articulaciones: Los omega-3 pueden contribuir a la salud de las articulaciones, reduciendo los s\u00edntomas de la artritis y mejorando la movilidad.<\/li>\n<\/ul>\n<p>&nbsp;<\/p>\n<p><strong>Apoyo inmunitario<\/strong><\/p>\n<ul>\n<li>Sistema inmunitario: Los omega-3 pueden reforzar el sistema inmunitario, ayudando al organismo a combatir infecciones y enfermedades.<\/li>\n<\/ul>\n<p>&nbsp;<\/p>\n<p><strong>Aviso:<\/strong><\/p>\n<ul>\n<li>S\u00f3lo para adultos y debe utilizarse dentro de una dieta variada y equilibrada y un estilo de vida saludable.<\/li>\n<li>No superar la dosis recomendada.<\/li>\n<li>Dosis diaria recomendada: 3 cps.<\/li>\n<li>No utilizar durante la lactancia, el embarazo o per\u00edodos prolongados sin consultar al m\u00e9dico.<\/li>\n<li>Conservar el producto en un lugar fresco y seco, en un envase bien cerrado y fuera del alcance de los ni\u00f1os menores de 3 a\u00f1os.<\/li>\n<li>Puede contener trazas de leche, avena, huevo y soja.<\/li>\n<li>Sin Lactosa y Sin Gluten.<\/li>\n<\/ul>","protected":false},"excerpt":{"rendered":"<details>\n<summary>Ingredientes<\/summary>\n<table style=\"text-align: center;\">\n<tbody>\n<tr>\n<th>Ingredientes<\/th>\n<th>3 tapones<\/th>\n<\/tr>\n<tr>\n<td>Aceite de pescado concentrado<\/td>\n<td>3000 mg<\/td>\n<\/tr>\n<tr>\n<td>de los cuales<\/td>\n<td><\/td>\n<\/tr>\n<tr>\n<td>EPA (\u00e1cido eicosapentaenoico)<\/td>\n<td>990 mg<\/td>\n<\/tr>\n<tr>\n<td>DHA (\u00e1cido docosahexaenoico)<\/td>\n<td>660 mg<\/td>\n<\/tr>\n<tr>\n<td colspan=\"2\"><strong> Otros ingredientes: <\/strong>c\u00e1psula de gelatina (bovina), agente estabilizador (glicerol)<\/td>\n<\/tr>\n<\/tbody>\n<\/table>\n<\/details>\n<p>&nbsp;<\/p>","protected":false},"featured_media":7038,"template":"","meta":[],"product_cat":[312,214],"product_tag":[314,258],"class_list":{"0":"post-6995","1":"product","2":"type-product","3":"status-publish","4":"has-post-thumbnail","6":"product_cat-health-and-wellness","7":"product_cat-vitamins-wellness","8":"product_tag-health-and-wellness","9":"product_tag-vitamins-wellness","11":"first","12":"instock","13":"taxable","14":"shipping-taxable","15":"purchasable","16":"product-type-simple"},"aioseo_notices":[],"_links":{"self":[{"href":"https:\/\/www.selfprotein.com\/es\/wp-json\/wp\/v2\/product\/6995"}],"collection":[{"href":"https:\/\/www.selfprotein.com\/es\/wp-json\/wp\/v2\/product"}],"about":[{"href":"https:\/\/www.selfprotein.com\/es\/wp-json\/wp\/v2\/types\/product"}],"wp:featuredmedia":[{"embeddable":true,"href":"https:\/\/www.selfprotein.com\/es\/wp-json\/wp\/v2\/media\/7038"}],"wp:attachment":[{"href":"https:\/\/www.selfprotein.com\/es\/wp-json\/wp\/v2\/media?parent=6995"}],"wp:term":[{"taxonomy":"product_cat","embeddable":true,"href":"https:\/\/www.selfprotein.com\/es\/wp-json\/wp\/v2\/product_cat?post=6995"},{"taxonomy":"product_tag","embeddable":true,"href":"https:\/\/www.selfprotein.com\/es\/wp-json\/wp\/v2\/product_tag?post=6995"}],"curies":[{"name":"wp","href":"https:\/\/api.w.org\/{rel}","templated":true}]}}