{"id":6997,"date":"2024-06-19T17:54:57","date_gmt":"2024-06-19T15:54:57","guid":{"rendered":"https:\/\/www.selfprotein.com\/?post_type=product&#038;p=6997"},"modified":"2026-04-01T00:00:46","modified_gmt":"2026-03-31T22:00:46","slug":"nac-n-acetyl-l-cysteine","status":"publish","type":"product","link":"https:\/\/www.selfprotein.com\/es\/producto\/nac-n-acetyl-l-cysteine\/","title":{"rendered":"NAC N-Acetil-Ciste\u00edna"},"content":{"rendered":"<p><strong>NAC N-Acetyl-L-Cysteine<\/strong><\/p>\n<p>La NAC (N-acetilciste\u00edna) es un suplemento que puede ofrecer diversos beneficios a los deportistas gracias a sus propiedades antioxidantes y a su papel en la mejora de la funci\u00f3n respiratoria y la reducci\u00f3n de la inflamaci\u00f3n.<\/p>\n<p>He aqu\u00ed c\u00f3mo puede ser \u00fatil para los deportistas:<\/p>\n<p><strong>Ventajas:<\/strong><\/p>\n<p><strong>Potente antioxidante<\/strong><\/p>\n<ul>\n<li>La NAC ayuda a reponer los niveles de glutati\u00f3n, uno de los antioxidantes m\u00e1s potentes del organismo. Los deportistas suelen estar sometidos a un elevado estr\u00e9s oxidativo debido al ejercicio f\u00edsico intenso, y la NAC puede ayudar a reducir el da\u00f1o celular causado por los radicales libres.<\/li>\n<\/ul>\n<p>&nbsp;<\/p>\n<p><strong>Recuperaci\u00f3n muscular<\/strong><\/p>\n<ul>\n<li>Al reducir el estr\u00e9s oxidativo y la inflamaci\u00f3n, la NAC puede facilitar la recuperaci\u00f3n muscular despu\u00e9s del entrenamiento. Esto puede reducir el dolor muscular y acelerar la recuperaci\u00f3n entre sesiones de entrenamiento.<\/li>\n<\/ul>\n<p>&nbsp;<\/p>\n<p><strong>Salud respiratoria<\/strong><\/p>\n<ul>\n<li>El NAC tiene propiedades mucol\u00edticas, ayudando a diluir la mucosidad y a mejorar la funci\u00f3n pulmonar. Esto puede ser especialmente \u00fatil para los deportistas que practican deportes de resistencia, como correr, montar en bicicleta o nadar, ya que mejora la respiraci\u00f3n y el aporte de ox\u00edgeno.<\/li>\n<\/ul>\n<p>&nbsp;<\/p>\n<p><strong>Reducir la fatiga<\/strong><\/p>\n<ul>\n<li>Algunos estudios sugieren que la NAC puede ayudar a reducir la fatiga durante el ejercicio prolongado, mejorando as\u00ed la resistencia y el rendimiento atl\u00e9tico.<\/li>\n<\/ul>\n<p>&nbsp;<\/p>\n<p><strong>Protecci\u00f3n contra lesiones<\/strong><\/p>\n<ul>\n<li>Las propiedades antiinflamatorias de la NAC pueden ayudar a reducir el riesgo de lesiones relacionadas con la inflamaci\u00f3n cr\u00f3nica, como la tendinitis u otras inflamaciones articulares.<\/li>\n<\/ul>\n<p>&nbsp;<\/p>\n<p><strong>Aviso:<\/strong><\/p>\n<ul>\n<li>S\u00f3lo para adultos y debe utilizarse dentro de una dieta variada y equilibrada y un estilo de vida saludable.<\/li>\n<li>No superar la dosis recomendada.<\/li>\n<li>Dosis diaria recomendada: 1 cps.<\/li>\n<li>No utilizar durante la lactancia, el embarazo y periodos prolongados sin consultar al m\u00e9dico.<\/li>\n<li>Conservar el producto en un lugar fresco y seco, en un envase bien cerrado y fuera del alcance de los ni\u00f1os menores de 3 a\u00f1os.<\/li>\n<li>Puede contener trazas de leche, avena, huevo y soja.<\/li>\n<li>Sin Lactosa y Sin Gluten.<\/li>\n<\/ul>","protected":false},"excerpt":{"rendered":"<details>\n<summary>Ingredientes<\/summary>\n<table style=\"text-align: center;\">\n<tbody>\n<tr>\n<th>Ingredientes<\/th>\n<th>por porci\u00f3n 1 c\u00e1ps.<\/th>\n<\/tr>\n<tr>\n<td>N-acetil-L-ciste\u00edna<\/td>\n<td>600 mg<\/td>\n<\/tr>\n<tr>\n<td colspan=\"2\"><strong> Otros ingredientes: <\/strong>agentes estabilizantes (E460, E470b, E551), c\u00e1psula vegana (E1204)<\/td>\n<\/tr>\n<\/tbody>\n<\/table>\n<\/details>\n<p>&nbsp;<\/p>","protected":false},"featured_media":13936,"template":"","meta":[],"product_cat":[312,214],"product_tag":[314,228],"class_list":{"0":"post-6997","1":"product","2":"type-product","3":"status-publish","4":"has-post-thumbnail","6":"product_cat-health-and-wellness","7":"product_cat-vitamins-wellness","8":"product_tag-health-and-wellness","9":"product_tag-natural-extracts-wellness","11":"first","12":"instock","13":"sale","14":"taxable","15":"shipping-taxable","16":"purchasable","17":"product-type-simple"},"aioseo_notices":[],"_links":{"self":[{"href":"https:\/\/www.selfprotein.com\/es\/wp-json\/wp\/v2\/product\/6997"}],"collection":[{"href":"https:\/\/www.selfprotein.com\/es\/wp-json\/wp\/v2\/product"}],"about":[{"href":"https:\/\/www.selfprotein.com\/es\/wp-json\/wp\/v2\/types\/product"}],"wp:featuredmedia":[{"embeddable":true,"href":"https:\/\/www.selfprotein.com\/es\/wp-json\/wp\/v2\/media\/13936"}],"wp:attachment":[{"href":"https:\/\/www.selfprotein.com\/es\/wp-json\/wp\/v2\/media?parent=6997"}],"wp:term":[{"taxonomy":"product_cat","embeddable":true,"href":"https:\/\/www.selfprotein.com\/es\/wp-json\/wp\/v2\/product_cat?post=6997"},{"taxonomy":"product_tag","embeddable":true,"href":"https:\/\/www.selfprotein.com\/es\/wp-json\/wp\/v2\/product_tag?post=6997"}],"curies":[{"name":"wp","href":"https:\/\/api.w.org\/{rel}","templated":true}]}}