{"id":7043,"date":"2024-07-05T11:54:35","date_gmt":"2024-07-05T09:54:35","guid":{"rendered":"https:\/\/www.selfprotein.com\/?post_type=product&#038;p=7043"},"modified":"2026-05-01T00:24:24","modified_gmt":"2026-04-30T22:24:24","slug":"slimshaker","status":"publish","type":"product","link":"https:\/\/www.selfprotein.com\/es\/producto\/slimshaker\/","title":{"rendered":"SlimShaker"},"content":{"rendered":"<p><strong>SlimShaker<\/strong><\/p>\n<p>Nuestra coctelera slimshaker de 400 ml est\u00e1 dise\u00f1ada para ofrecer practicidad y funcionalidad, lo que la convierte en el accesorio perfecto para preparar bebidas nutritivas est\u00e9s donde est\u00e9s. \u00a1Perfecta para deportistas, estudiantes y profesionales en movimiento!<\/p>\n<p><strong>Caracter\u00edsticas principales:<\/strong><\/p>\n<ul>\n<li>Capacidad: 400 ml: el tama\u00f1o ideal para bebidas compactas antes y despu\u00e9s del entrenamiento.<\/li>\n<li>Material de alta calidad: Hecho de pl\u00e1stico duradero, libre de BPA, garantizando seguridad y durabilidad.<\/li>\n<li>Malla mezcladora: Incluye una malla para garantizar bebidas suaves y sin grumos.<\/li>\n<li>Compartimento para polvos o pastillas: Equipado con un pr\u00e1ctico compartimento integrado para llevar polvos o pastillas, lo que facilita la preparaci\u00f3n de sus bebidas.<\/li>\n<li>Escala de medici\u00f3n: Mediciones f\u00e1ciles y precisas con la escala impresa en el lateral del agitador.<\/li>\n<li>F\u00e1cil de limpiar: Apto para lavavajillas para una limpieza sencilla y a fondo.<\/li>\n<li>Dise\u00f1o compacto: F\u00e1cil de transportar, perfecto para usar en el gimnasio, el trabajo o sobre la marcha.<\/li>\n<\/ul>\n<p>&nbsp;<\/p>\n<p><strong>Modo de empleo:<\/strong><\/p>\n<ol>\n<li>A\u00f1ada sus ingredientes: Vierta agua, leche o su bebida favorita hasta la l\u00ednea de medida deseada.<\/li>\n<li>A\u00f1ada el polvo o la mezcla: Coloca la prote\u00edna en polvo, los suplementos u otros ingredientes en el compartimento espec\u00edfico, o directamente en la coctelera.<\/li>\n<li>Mezclar: Enrosque firmemente la tapa y agite en\u00e9rgicamente durante unos 30 segundos. La malla mezcladora ayudar\u00e1 a eliminar los grumos.<\/li>\n<li>Disfrute de su bebida: Abra la boquilla y disfrute de su batido o suplemento perfectamente preparado.<\/li>\n<\/ol>\n<p>&nbsp;<\/p>\n<p><strong>Instrucciones de cuidado:<\/strong><\/p>\n<ul>\n<li>Lavar antes del primer uso.<\/li>\n<li>Despu\u00e9s de cada uso, lavar con agua tibia y jab\u00f3n o en el lavavajillas.<\/li>\n<li>Guarde el agitador en un lugar seco y bien ventilado.<\/li>\n<\/ul>\n<p>&nbsp;<\/p>\n<p><strong>Aviso:<\/strong><\/p>\n<ul>\n<li>No utilizar con l\u00edquidos calientes.<\/li>\n<li>No apto para microondas ni congelador.<\/li>\n<li>Mantener fuera del alcance de los ni\u00f1os menores de 3 a\u00f1os.<\/li>\n<\/ul>","protected":false},"excerpt":{"rendered":"<p>SlimShaker Nuestra slimshaker de 400 ml est\u00e1 dise\u00f1ada para ofrecer practicidad y funcionalidad, lo que la convierte en el accesorio perfecto para preparar bebidas nutritivas est\u00e9s donde est\u00e9s. Perfecta para deportistas, estudiantes y profesionales en movimiento. Caracter\u00edsticas principales: Capacidad: 400ml - el tama\u00f1o ideal para bebidas compactas pre- y post-entrenamiento. Material de alta calidad: Fabricado con pl\u00e1stico duradero y sin BPA, que garantiza la seguridad [...]<\/p>","protected":false},"featured_media":7105,"template":"","meta":[],"product_cat":[219],"product_tag":[114],"class_list":{"0":"post-7043","1":"product","2":"type-product","3":"status-publish","4":"has-post-thumbnail","6":"product_cat-accessories","7":"product_tag-accessories","9":"first","10":"outofstock","11":"taxable","12":"shipping-taxable","13":"purchasable","14":"product-type-simple"},"aioseo_notices":[],"_links":{"self":[{"href":"https:\/\/www.selfprotein.com\/es\/wp-json\/wp\/v2\/product\/7043"}],"collection":[{"href":"https:\/\/www.selfprotein.com\/es\/wp-json\/wp\/v2\/product"}],"about":[{"href":"https:\/\/www.selfprotein.com\/es\/wp-json\/wp\/v2\/types\/product"}],"wp:featuredmedia":[{"embeddable":true,"href":"https:\/\/www.selfprotein.com\/es\/wp-json\/wp\/v2\/media\/7105"}],"wp:attachment":[{"href":"https:\/\/www.selfprotein.com\/es\/wp-json\/wp\/v2\/media?parent=7043"}],"wp:term":[{"taxonomy":"product_cat","embeddable":true,"href":"https:\/\/www.selfprotein.com\/es\/wp-json\/wp\/v2\/product_cat?post=7043"},{"taxonomy":"product_tag","embeddable":true,"href":"https:\/\/www.selfprotein.com\/es\/wp-json\/wp\/v2\/product_tag?post=7043"}],"curies":[{"name":"wp","href":"https:\/\/api.w.org\/{rel}","templated":true}]}}