{"id":7069,"date":"2024-10-26T11:18:46","date_gmt":"2024-10-26T09:18:46","guid":{"rendered":"https:\/\/www.selfprotein.com\/?post_type=product&#038;p=7069"},"modified":"2026-04-01T00:00:47","modified_gmt":"2026-03-31T22:00:47","slug":"carbohydrate-multilayer-monodose","status":"publish","type":"product","link":"https:\/\/www.selfprotein.com\/es\/producto\/carbohydrate-multilayer-monodose\/","title":{"rendered":"Monodosis multicapa de hidratos de carbono"},"content":{"rendered":"<p><strong>Monodosis multicapa de hidratos de carbono<\/strong><\/p>\n<p>Eleva tus niveles de energ\u00eda con la combinaci\u00f3n precisa de *D-Ribosa* y *Dextrina C\u00edclica*, formulada para apoyar tu rendimiento de principio a fin. Disfrute del refrescante sabor a zumo de naranja mientras alimenta su cuerpo con nutrientes esenciales.<\/p>\n<p>Suplemento de carga y mantenimiento energ\u00e9tico<br \/>\nDise\u00f1ado para su uso antes, durante y despu\u00e9s de la actividad f\u00edsica.<\/p>\n<p>F\u00f3rmula altamente concentrada<br \/>\nEnriquecido con MyoCell Energizer<br \/>\nCombinaci\u00f3n de D-Ribosa y Dextrina C\u00edclica<\/p>\n<p><strong>Aviso:<\/strong><\/p>\n<ul>\n<li>Debe utilizarse como parte de una dieta variada y equilibrada y un estilo de vida saludable.<\/li>\n<li>No superar la dosis recomendada.<\/li>\n<li>Dosis diaria recomendada: Mezclar 30 g (aproximadamente 1 cacito) con 400 ml de agua en una coctelera.<\/li>\n<li>No apto durante la lactancia, el embarazo ni para ni\u00f1os.<\/li>\n<li>Consulte a un m\u00e9dico antes de utilizarlo si est\u00e1 tomando medicaci\u00f3n o padece alguna enfermedad.<\/li>\n<li>Conservar en lugar seco (2\u00b0C - 22\u00b0C), bien cerrado y fuera del alcance de los ni\u00f1os menores de 3 a\u00f1os.<\/li>\n<li>Puede contener trazas de huevo, soja, avena, leche.<\/li>\n<li>Sin Lactosa y Sin Gluten.<\/li>\n<\/ul>","protected":false},"excerpt":{"rendered":"<details>\n<summary>Informaci\u00f3n nutricional<\/summary>\n<table style=\"text-align: center;\">\n<tbody>\n<tr>\n<th>Informaci\u00f3n nutricional<\/th>\n<th>por (100 g)<\/th>\n<th>por porci\u00f3n (30 g)<\/th>\n<\/tr>\n<tr>\n<td>Energ\u00eda<\/td>\n<td>376kcal\/1622kj<\/td>\n<td>112kcal\/468kj<\/td>\n<\/tr>\n<tr>\n<td>Grasas<\/td>\n<td>0g<\/td>\n<td>0g<\/td>\n<\/tr>\n<tr>\n<td>De los cuales saturados<\/td>\n<td>0g<\/td>\n<td>0g<\/td>\n<\/tr>\n<tr>\n<td>Carbohidratos<\/td>\n<td>94g<\/td>\n<td>28g<\/td>\n<\/tr>\n<tr>\n<td>de los cuales az\u00facares<\/td>\n<td>44g<\/td>\n<td>13g<\/td>\n<\/tr>\n<tr>\n<td>Protein<\/td>\n<td>0g<\/td>\n<td>0g<\/td>\n<\/tr>\n<tr>\n<td>Sal<\/td>\n<td>0g<\/td>\n<td>0g<\/td>\n<\/tr>\n<\/tbody>\n<\/table>\n<\/details>\n<p>&nbsp;<\/p>\n<details>\n<summary>Ingredientes<\/summary>\n<table style=\"text-align: center;\">\n<tbody>\n<tr>\n<td colspan=\"2\"><strong>Ingredientes: <\/strong>maltodextrina DE19, dextrina c\u00edclica altamente ramificada (15%), maltodextrina DE15, isomaltulosa (15%), maltodextrina DE6, D-ribosa (5%), regulador de la acidez (E330), aromatizante, colorante (E160a), edulcorante (E955).<\/td>\n<\/tr>\n<\/tbody>\n<\/table>\n<\/details>\n<p>&nbsp;<\/p>","protected":false},"featured_media":14024,"template":"","meta":[],"product_cat":[310,217],"product_tag":[315,230],"class_list":{"0":"post-7069","1":"product","2":"type-product","3":"status-publish","4":"has-post-thumbnail","6":"product_cat-performance-and-endurance","7":"product_cat-pre-workout-energy","8":"product_tag-performance-and-endurance","9":"product_tag-pre-workout-energy","11":"first","12":"instock","13":"taxable","14":"shipping-taxable","15":"purchasable","16":"product-type-simple"},"aioseo_notices":[],"_links":{"self":[{"href":"https:\/\/www.selfprotein.com\/es\/wp-json\/wp\/v2\/product\/7069"}],"collection":[{"href":"https:\/\/www.selfprotein.com\/es\/wp-json\/wp\/v2\/product"}],"about":[{"href":"https:\/\/www.selfprotein.com\/es\/wp-json\/wp\/v2\/types\/product"}],"wp:featuredmedia":[{"embeddable":true,"href":"https:\/\/www.selfprotein.com\/es\/wp-json\/wp\/v2\/media\/14024"}],"wp:attachment":[{"href":"https:\/\/www.selfprotein.com\/es\/wp-json\/wp\/v2\/media?parent=7069"}],"wp:term":[{"taxonomy":"product_cat","embeddable":true,"href":"https:\/\/www.selfprotein.com\/es\/wp-json\/wp\/v2\/product_cat?post=7069"},{"taxonomy":"product_tag","embeddable":true,"href":"https:\/\/www.selfprotein.com\/es\/wp-json\/wp\/v2\/product_tag?post=7069"}],"curies":[{"name":"wp","href":"https:\/\/api.w.org\/{rel}","templated":true}]}}